{"id":2555,"date":"2018-09-12T14:08:54","date_gmt":"2018-09-12T18:08:54","guid":{"rendered":"http:\/\/www.thebucketshop.ca\/?page_id=2555"},"modified":"2018-09-24T09:31:50","modified_gmt":"2018-09-24T13:31:50","slug":"godets-a-2-pieces","status":"publish","type":"page","link":"https:\/\/www.thebucketshop.ca\/fr\/avantages-pour-la-clientele\/innovations\/godets-a-2-pieces\/","title":{"rendered":"GODETS \u00c0 2 PI\u00c8CES"},"content":{"rendered":"<div class=\"grid\">\n<div class=\"column two-third\">\n<h1 style=\"margin-top: 0;\">DES D\u00c9LAIS DE REMPLACEMENT AM\u00c9LIOR\u00c9S<\/h1>\n<p>Nous avons con\u00e7u une extr\u00e9mit\u00e9 avant qui est m\u00e9caniquement d\u00e9tach\u00e9e et assembl\u00e9e. La solution modulaire n\u2019exige aucun soudage; par cons\u00e9quent, l\u2019entretien, la r\u00e9paration et le remplacement peuvent se faire sous terre, en quelques heures seulement. Nul besoin n\u2019est de couper et d\u2019enlever la partie avant, et de transporter le godet jusqu\u2019\u00e0 la surface pour le r\u00e9parer \u2013 il s\u2019agit d\u2019une importante quantit\u00e9 de temps gagn\u00e9e et d\u2019une importante am\u00e9lioration de la productivit\u00e9.<\/p>\n<p>Que vous convertissiez un godet de 1 pi\u00e8ce \u00e0 un godet de 2 pi\u00e8ces, ou que vous en construisiez un neuf, nos mat\u00e9riaux sont toujours robustes, y compris : l\u2019int\u00e9rieur du godet, la ridelle frontale (headboard), les c\u00f4t\u00e9s inf\u00e9rieurs, la quincaillerie de montage et les pi\u00e8ces d\u2019usure int\u00e9rieures. En outre, l\u2019extr\u00e9mit\u00e9 avant amovible comprend notre concept novateur de marque TBS dot\u00e9 de plaques en alliage sp\u00e9cialis\u00e9 pour plus de protection contre l\u2019usure.<\/p>\n<p>En moyenne, les clients remplacent l\u2019extr\u00e9mit\u00e9 avant 3 fois avant de devoir faire l\u2019entretien de l\u2019extr\u00e9mit\u00e9 arri\u00e8re. En option, nous pouvons concevoir une extr\u00e9mit\u00e9 avant jetable qu\u2019on fait recycler au moment du remplacement. Gr\u00e2ce \u00e0 l\u2019installation simple et \u00e0 la conception adaptable, les clients profitent de r\u00e9ductions globales des co\u00fbts et de l\u2019am\u00e9lioration globale de l\u2019efficience.<\/p>\n<div>\n<h3>T\u00c9L\u00c9CHARGER LES BROCHURES<\/h3>\n<div class=\"download__item_small\">\n<div class=\"column one-half download__item\">\n<div class=\"left\"><a href=\"http:\/\/www.thebucketshop.ca\/wp-content\/uploads\/2018\/09\/Two-Peice-FR.pdf\" target=\"_blank\" rel=\"noopener\"><img decoding=\"async\" src=\"http:\/\/www.thebucketshop.ca\/wp-content\/uploads\/2018\/07\/mechanical-buckets-thumb.jpg\" alt=\"\" \/><\/a><\/div>\n<div class=\"entry-text\">\n<h5>GODETS \u00c0 2 PI\u00c8CES TBS<\/h5>\n<p><a class=\"download\" href=\"http:\/\/www.thebucketshop.ca\/wp-content\/uploads\/2018\/09\/Two-Peice-FR.pdf\" target=\"_blank\" rel=\"noopener\"><i class=\"icon icon-download icon_small\"><\/i> T\u00e9l\u00e9charger<\/a><\/p>\n<\/div>\n<\/div>\n<\/div>\n<\/div>\n<\/div>\n<div class=\"column one-third\"><img decoding=\"async\" src=\"http:\/\/www.thebucketshop.ca\/wp-content\/uploads\/2018\/07\/two-peice-bucket.jpg\" alt=\"\" \/><\/div>\n<\/div>\n<h2>GALERIE DE PHOTOS DES PRODUITS<\/h2>\n\n\t\t<style type='text\/css'>\n\t\tdiv#sp-wp-carousel-pro-id-6a08f190b6cd8.wcp-gallery-section .slick-prev, \n\t\tdiv#sp-wp-carousel-pro-id-6a08f190b6cd8.wcp-gallery-section .slick-next{\n\t\t\tmargin-top: -15px;\n\t\t\tcolor: #888888;\n\t\t}\n\t\tdiv#sp-wp-carousel-pro-id-6a08f190b6cd8.wcp-gallery-section .slick-prev:hover, \n\t\tdiv#sp-wp-carousel-pro-id-6a08f190b6cd8.wcp-gallery-section .slick-next:hover{\n\t\t\tcolor: #5dc8d0;\n\t\t}\n\t\tdiv#sp-wp-carousel-pro-id-6a08f190b6cd8.wcp-gallery-section ul.slick-dots li button{\n\t\t\tbackground-color: #cccccc;\n\t\t}\n\t\tdiv#sp-wp-carousel-pro-id-6a08f190b6cd8.wcp-gallery-section ul.slick-dots li.slick-active button{\n\t\t\tbackground-color: #5dc8d0;\n\t\t}\n\t\tdiv#sp-wp-carousel-pro-id-6a08f190b6cd8.wcp-gallery-section .single_wcp_item{\n\t\t\tmargin: 0 10px;\n\t\t}\n\t\tdiv#sp-wp-carousel-pro-id-6a08f190b6cd8.wcp-gallery-section .single_wcp_item img{\n\t\t\t-webkit-transition: ease all 0.3s;\n\t\t\t-moz-transition: ease all 0.3s;\n\t\t\t-ms-transition: ease all 0.3s;\n\t\t\t-o-transition: ease all 0.3s;\n\t\t\ttransition: ease all 0.3s;\n\t\t\tmax-width: 100%;\n\t\t}\n\t\tdiv#sp-wp-carousel-pro-id-6a08f190b6cd8.wcp-gallery-section .single_wcp_item .wcp_s_item_caption .wcp_s_item_overlay{\n\t\t\tbackground: none repeat scroll 0 0 #000000;\n\t\t}<\/style><script type='text\/javascript'>\n\t\tjQuery(document).ready(function() {\n\t\t    jQuery('#sp-wp-carousel-pro-id-6a08f190b6cd8').slick({\n\t\t\t        infinite: true,\n\t\t\t        slidesToShow: 4,\n\t\t\t        slidesToScroll: 1,\n\t\t\t        prevArrow: \"<div class='slick-prev'><i class='fa fa-angle-left'><\/i><\/div>\",\n\t                nextArrow: \"<div class='slick-next'><i class='fa fa-angle-right'><\/i><\/div>\",\n\t\t\t        dots: false,\n\t\t\t        arrows: false,\n\t\t\t        pauseOnHover: true,\n\t\t\t        autoplay: true,\n\t\t\t        autoplaySpeed: 0,\n\t\t\t        speed: 2500,\n\t\t\t        adaptiveHeight: false,\n\t\t\t        draggable: true,\n\t\t\t        rtl: false,\n\t\t\t        cssEase: 'linear',\n\t\t\t        fade: false,\n\t\t            responsive: [\n\t\t\t\t\t\t    {\n\t\t\t\t\t\t      breakpoint: 1199,\n\t\t\t\t\t\t      settings: {\n\t\t\t\t\t\t        slidesToShow: 3\n\t\t\t\t\t\t      }\n\t\t\t\t\t\t    },\n\t\t\t\t\t\t    {\n\t\t\t\t\t\t      breakpoint: 979,\n\t\t\t\t\t\t      settings: {\n\t\t\t\t\t\t        slidesToShow: 3\n\t\t\t\t\t\t      }\n\t\t\t\t\t\t    },\n\t\t\t\t\t\t    {\n\t\t\t\t\t\t      breakpoint: 767,\n\t\t\t\t\t\t      settings: {\n\t\t\t\t\t\t        slidesToShow: 2\n\t\t\t\t\t\t      }\n\t\t\t\t\t\t    },\n\t\t\t\t\t\t    {\n\t\t\t\t\t\t      breakpoint: 479,\n\t\t\t\t\t\t      settings: {\n\t\t\t\t\t\t        slidesToShow: 1,\n\t\t\t\t\t\t        slidesToScroll: 1\n\t\t\t\t\t\t      }\n\t\t\t\t\t\t    }\n\t\t\t\t\t\t  ]\n\t\t        });\n\t\t var carouselss = ('#sp-wp-carousel-pro-id-6a08f190b6cd8');\n\t\t\tjQuery(carouselss).magnificPopup({\n\t\t\t\ttype: 'image',\n\t\t\t\tcloseOnContentClick: false,\n\t            closeBtnInside: false,\n\t            mainClass: 'mfp-with-zoom mfp-img-mobile',\n\t            gallery: {\n\t                enabled: true\n\t            },\n\t            delegate: 'div:not(slick-cloned) a.wcp-light-box',\n\t            zoom: {\n\t                enabled: true,\n\t                duration: 300, \/\/ don't foget to change the duration also in CSS\n\t                opener: function(element) {\n\t                    return element.find('img');\n\t                }\n\t            },\n\t\t\t});\n\t\t});\n\t\t<\/script>\n\t\t\n\t\t<div id='sp-wp-carousel-pro-id-6a08f190b6cd8' class='wcp-gallery-section' style='padding:0;'><div class=\"single_wcp_item\"><a class=\"wcp-light-box\" data-lightbox-gallery=\"wcp-gallery\" href=\"https:\/\/www.thebucketshop.ca\/wp-content\/uploads\/2018\/07\/Cat-R1600E-2-Piece-Bucket_02.jpg\"><img decoding=\"async\" src=\"https:\/\/www.thebucketshop.ca\/wp-content\/uploads\/2018\/07\/Cat-R1600E-2-Piece-Bucket_02-300x200.jpg\" alt=\"\" class=\"wcp-carousel-image\" \/><\/a><\/div><div class=\"single_wcp_item\"><a class=\"wcp-light-box\" data-lightbox-gallery=\"wcp-gallery\" href=\"https:\/\/www.thebucketshop.ca\/wp-content\/uploads\/2018\/07\/Cat-R1700-2-Piece-Bucket_01.jpg\"><img decoding=\"async\" src=\"https:\/\/www.thebucketshop.ca\/wp-content\/uploads\/2018\/07\/Cat-R1700-2-Piece-Bucket_01-300x200.jpg\" alt=\"\" class=\"wcp-carousel-image\" \/><\/a><\/div><div class=\"single_wcp_item\"><a class=\"wcp-light-box\" data-lightbox-gallery=\"wcp-gallery\" href=\"https:\/\/www.thebucketshop.ca\/wp-content\/uploads\/2018\/07\/Cat-R1700-2-Piece-Bucket_02.jpg\"><img decoding=\"async\" src=\"https:\/\/www.thebucketshop.ca\/wp-content\/uploads\/2018\/07\/Cat-R1700-2-Piece-Bucket_02-300x200.jpg\" alt=\"\" class=\"wcp-carousel-image\" \/><\/a><\/div><div class=\"single_wcp_item\"><a class=\"wcp-light-box\" data-lightbox-gallery=\"wcp-gallery\" href=\"https:\/\/www.thebucketshop.ca\/wp-content\/uploads\/2018\/07\/IMG_0878.jpg\"><img decoding=\"async\" src=\"https:\/\/www.thebucketshop.ca\/wp-content\/uploads\/2018\/07\/IMG_0878-300x200.jpg\" alt=\"\" class=\"wcp-carousel-image\" \/><\/a><\/div><div class=\"single_wcp_item\"><a class=\"wcp-light-box\" data-lightbox-gallery=\"wcp-gallery\" href=\"https:\/\/www.thebucketshop.ca\/wp-content\/uploads\/2018\/07\/IMG_0886.jpg\"><img decoding=\"async\" src=\"https:\/\/www.thebucketshop.ca\/wp-content\/uploads\/2018\/07\/IMG_0886-300x200.jpg\" alt=\"\" class=\"wcp-carousel-image\" \/><\/a><\/div><div class=\"single_wcp_item\"><a class=\"wcp-light-box\" data-lightbox-gallery=\"wcp-gallery\" href=\"https:\/\/www.thebucketshop.ca\/wp-content\/uploads\/2018\/07\/IMG_0899.jpg\"><img decoding=\"async\" src=\"https:\/\/www.thebucketshop.ca\/wp-content\/uploads\/2018\/07\/IMG_0899-300x200.jpg\" alt=\"\" class=\"wcp-carousel-image\" \/><\/a><\/div><div class=\"single_wcp_item\"><a class=\"wcp-light-box\" data-lightbox-gallery=\"wcp-gallery\" href=\"https:\/\/www.thebucketshop.ca\/wp-content\/uploads\/2018\/07\/IMG_0922.jpg\"><img decoding=\"async\" src=\"https:\/\/www.thebucketshop.ca\/wp-content\/uploads\/2018\/07\/IMG_0922-300x200.jpg\" alt=\"\" class=\"wcp-carousel-image\" \/><\/a><\/div><div class=\"single_wcp_item\"><a class=\"wcp-light-box\" data-lightbox-gallery=\"wcp-gallery\" href=\"https:\/\/www.thebucketshop.ca\/wp-content\/uploads\/2018\/07\/IMG_0943.jpg\"><img decoding=\"async\" src=\"https:\/\/www.thebucketshop.ca\/wp-content\/uploads\/2018\/07\/IMG_0943-300x200.jpg\" alt=\"\" class=\"wcp-carousel-image\" \/><\/a><\/div><div class=\"single_wcp_item\"><a class=\"wcp-light-box\" data-lightbox-gallery=\"wcp-gallery\" href=\"https:\/\/www.thebucketshop.ca\/wp-content\/uploads\/2018\/07\/IMG_1491.jpg\"><img decoding=\"async\" src=\"https:\/\/www.thebucketshop.ca\/wp-content\/uploads\/2018\/07\/IMG_1491-300x200.jpg\" alt=\"\" class=\"wcp-carousel-image\" \/><\/a><\/div><div class=\"single_wcp_item\"><a class=\"wcp-light-box\" data-lightbox-gallery=\"wcp-gallery\" href=\"https:\/\/www.thebucketshop.ca\/wp-content\/uploads\/2018\/07\/IMG_1510.jpg\"><img decoding=\"async\" src=\"https:\/\/www.thebucketshop.ca\/wp-content\/uploads\/2018\/07\/IMG_1510-300x200.jpg\" alt=\"\" class=\"wcp-carousel-image\" \/><\/a><\/div><div class=\"single_wcp_item\"><a class=\"wcp-light-box\" data-lightbox-gallery=\"wcp-gallery\" href=\"https:\/\/www.thebucketshop.ca\/wp-content\/uploads\/2018\/07\/IMG_1613.jpg\"><img decoding=\"async\" src=\"https:\/\/www.thebucketshop.ca\/wp-content\/uploads\/2018\/07\/IMG_1613-300x200.jpg\" alt=\"\" class=\"wcp-carousel-image\" \/><\/a><\/div><div class=\"single_wcp_item\"><a class=\"wcp-light-box\" data-lightbox-gallery=\"wcp-gallery\" href=\"https:\/\/www.thebucketshop.ca\/wp-content\/uploads\/2018\/07\/IMG_3147.jpg\"><img decoding=\"async\" src=\"https:\/\/www.thebucketshop.ca\/wp-content\/uploads\/2018\/07\/IMG_3147-300x200.jpg\" alt=\"\" class=\"wcp-carousel-image\" \/><\/a><\/div><div class=\"single_wcp_item\"><a class=\"wcp-light-box\" data-lightbox-gallery=\"wcp-gallery\" href=\"https:\/\/www.thebucketshop.ca\/wp-content\/uploads\/2018\/07\/IMG_3671a.jpg\"><img decoding=\"async\" src=\"https:\/\/www.thebucketshop.ca\/wp-content\/uploads\/2018\/07\/IMG_3671a-300x200.jpg\" alt=\"\" class=\"wcp-carousel-image\" \/><\/a><\/div><div class=\"single_wcp_item\"><a class=\"wcp-light-box\" data-lightbox-gallery=\"wcp-gallery\" href=\"https:\/\/www.thebucketshop.ca\/wp-content\/uploads\/2018\/07\/IMG_5226.jpg\"><img decoding=\"async\" src=\"https:\/\/www.thebucketshop.ca\/wp-content\/uploads\/2018\/07\/IMG_5226-300x200.jpg\" alt=\"\" class=\"wcp-carousel-image\" \/><\/a><\/div><div class=\"single_wcp_item\"><a class=\"wcp-light-box\" data-lightbox-gallery=\"wcp-gallery\" href=\"https:\/\/www.thebucketshop.ca\/wp-content\/uploads\/2018\/07\/IMG_7770.jpg\"><img decoding=\"async\" src=\"https:\/\/www.thebucketshop.ca\/wp-content\/uploads\/2018\/07\/IMG_7770-300x200.jpg\" alt=\"\" class=\"wcp-carousel-image\" \/><\/a><\/div><div class=\"single_wcp_item\"><a class=\"wcp-light-box\" data-lightbox-gallery=\"wcp-gallery\" href=\"https:\/\/www.thebucketshop.ca\/wp-content\/uploads\/2018\/07\/LH410-Bucket-Completion-12-04-2017.jpg\"><img decoding=\"async\" src=\"https:\/\/www.thebucketshop.ca\/wp-content\/uploads\/2018\/07\/LH410-Bucket-Completion-12-04-2017-300x200.jpg\" alt=\"\" class=\"wcp-carousel-image\" \/><\/a><\/div><div class=\"single_wcp_item\"><a class=\"wcp-light-box\" data-lightbox-gallery=\"wcp-gallery\" href=\"https:\/\/www.thebucketshop.ca\/wp-content\/uploads\/2018\/07\/R2900-0166.jpg\"><img decoding=\"async\" src=\"https:\/\/www.thebucketshop.ca\/wp-content\/uploads\/2018\/07\/R2900-0166-300x200.jpg\" alt=\"\" class=\"wcp-carousel-image\" \/><\/a><\/div><div class=\"single_wcp_item\"><a class=\"wcp-light-box\" data-lightbox-gallery=\"wcp-gallery\" href=\"https:\/\/www.thebucketshop.ca\/wp-content\/uploads\/2018\/07\/Cat-R1600E-2-Piece-Bucket_01.jpg\"><img decoding=\"async\" src=\"https:\/\/www.thebucketshop.ca\/wp-content\/uploads\/2018\/07\/Cat-R1600E-2-Piece-Bucket_01-300x200.jpg\" alt=\"\" class=\"wcp-carousel-image\" \/><\/a><\/div><\/div>\n","protected":false},"excerpt":{"rendered":"<p>DES D\u00c9LAIS DE REMPLACEMENT AM\u00c9LIOR\u00c9S Nous avons con\u00e7u une extr\u00e9mit\u00e9 avant qui est m\u00e9caniquement d\u00e9tach\u00e9e et assembl\u00e9e. La solution modulaire n\u2019exige aucun soudage; par cons\u00e9quent,&hellip; <\/p>\n<p><a href=\"https:\/\/www.thebucketshop.ca\/fr\/avantages-pour-la-clientele\/innovations\/godets-a-2-pieces\/\" class=\"more-link\">Continue reading &raquo; <span class=\"screen-reader-text\">GODETS \u00c0 2 PI\u00c8CES<\/span><\/a><\/p>\n","protected":false},"author":1,"featured_media":0,"parent":2284,"menu_order":0,"comment_status":"closed","ping_status":"closed","template":"page-templates\/wide.php","meta":{"_exactmetrics_skip_tracking":false,"_exactmetrics_sitenote_active":false,"_exactmetrics_sitenote_note":"","_exactmetrics_sitenote_category":0,"footnotes":""},"class_list":["post-2555","page","type-page","status-publish","hentry"],"yoast_head":"<!-- This site is optimized with the Yoast SEO Premium plugin v22.3 (Yoast SEO v27.6) - https:\/\/yoast.com\/product\/yoast-seo-premium-wordpress\/ -->\n<title>GODETS \u00c0 2 PI\u00c8CES | The Bucket Shop Inc.<\/title>\n<meta name=\"robots\" content=\"index, follow, max-snippet:-1, max-image-preview:large, max-video-preview:-1\" \/>\n<link rel=\"canonical\" href=\"https:\/\/www.thebucketshop.ca\/fr\/avantages-pour-la-clientele\/innovations\/godets-a-2-pieces\/\" \/>\n<meta property=\"og:locale\" content=\"fr_FR\" \/>\n<meta property=\"og:type\" content=\"article\" \/>\n<meta property=\"og:title\" content=\"GODETS \u00c0 2 PI\u00c8CES\" \/>\n<meta property=\"og:description\" content=\"DES D\u00c9LAIS DE REMPLACEMENT AM\u00c9LIOR\u00c9S Nous avons con\u00e7u une extr\u00e9mit\u00e9 avant qui est m\u00e9caniquement d\u00e9tach\u00e9e et assembl\u00e9e. La solution modulaire n\u2019exige aucun soudage; par cons\u00e9quent,&hellip; Continue reading &raquo; GODETS \u00c0 2 PI\u00c8CES\" \/>\n<meta property=\"og:url\" content=\"https:\/\/www.thebucketshop.ca\/fr\/avantages-pour-la-clientele\/innovations\/godets-a-2-pieces\/\" \/>\n<meta property=\"og:site_name\" content=\"The Bucket Shop Inc.\" \/>\n<meta property=\"article:publisher\" content=\"https:\/\/www.facebook.com\/thebucketshop\/\" \/>\n<meta property=\"article:modified_time\" content=\"2018-09-24T13:31:50+00:00\" \/>\n<meta property=\"og:image\" content=\"http:\/\/www.thebucketshop.ca\/wp-content\/uploads\/2018\/07\/mechanical-buckets-thumb.jpg\" \/>\n<meta name=\"twitter:card\" content=\"summary_large_image\" \/>\n<meta name=\"twitter:site\" content=\"@BucketShopInc\" \/>\n<meta name=\"twitter:label1\" content=\"Est. reading time\" \/>\n\t<meta name=\"twitter:data1\" content=\"1 minute\" \/>\n<script type=\"application\/ld+json\" class=\"yoast-schema-graph\">{\"@context\":\"https:\\\/\\\/schema.org\",\"@graph\":[{\"@type\":\"WebPage\",\"@id\":\"https:\\\/\\\/www.thebucketshop.ca\\\/fr\\\/avantages-pour-la-clientele\\\/innovations\\\/godets-a-2-pieces\\\/\",\"url\":\"https:\\\/\\\/www.thebucketshop.ca\\\/fr\\\/avantages-pour-la-clientele\\\/innovations\\\/godets-a-2-pieces\\\/\",\"name\":\"GODETS \u00c0 2 PI\u00c8CES | The Bucket Shop Inc.\",\"isPartOf\":{\"@id\":\"https:\\\/\\\/www.thebucketshop.ca\\\/#website\"},\"primaryImageOfPage\":{\"@id\":\"https:\\\/\\\/www.thebucketshop.ca\\\/fr\\\/avantages-pour-la-clientele\\\/innovations\\\/godets-a-2-pieces\\\/#primaryimage\"},\"image\":{\"@id\":\"https:\\\/\\\/www.thebucketshop.ca\\\/fr\\\/avantages-pour-la-clientele\\\/innovations\\\/godets-a-2-pieces\\\/#primaryimage\"},\"thumbnailUrl\":\"http:\\\/\\\/www.thebucketshop.ca\\\/wp-content\\\/uploads\\\/2018\\\/07\\\/mechanical-buckets-thumb.jpg\",\"datePublished\":\"2018-09-12T18:08:54+00:00\",\"dateModified\":\"2018-09-24T13:31:50+00:00\",\"breadcrumb\":{\"@id\":\"https:\\\/\\\/www.thebucketshop.ca\\\/fr\\\/avantages-pour-la-clientele\\\/innovations\\\/godets-a-2-pieces\\\/#breadcrumb\"},\"inLanguage\":\"fr-FR\",\"potentialAction\":[{\"@type\":\"ReadAction\",\"target\":[\"https:\\\/\\\/www.thebucketshop.ca\\\/fr\\\/avantages-pour-la-clientele\\\/innovations\\\/godets-a-2-pieces\\\/\"]}]},{\"@type\":\"ImageObject\",\"inLanguage\":\"fr-FR\",\"@id\":\"https:\\\/\\\/www.thebucketshop.ca\\\/fr\\\/avantages-pour-la-clientele\\\/innovations\\\/godets-a-2-pieces\\\/#primaryimage\",\"url\":\"http:\\\/\\\/www.thebucketshop.ca\\\/wp-content\\\/uploads\\\/2018\\\/07\\\/mechanical-buckets-thumb.jpg\",\"contentUrl\":\"http:\\\/\\\/www.thebucketshop.ca\\\/wp-content\\\/uploads\\\/2018\\\/07\\\/mechanical-buckets-thumb.jpg\"},{\"@type\":\"BreadcrumbList\",\"@id\":\"https:\\\/\\\/www.thebucketshop.ca\\\/fr\\\/avantages-pour-la-clientele\\\/innovations\\\/godets-a-2-pieces\\\/#breadcrumb\",\"itemListElement\":[{\"@type\":\"ListItem\",\"position\":1,\"name\":\"Home\",\"item\":\"https:\\\/\\\/www.thebucketshop.ca\\\/fr\\\/\"},{\"@type\":\"ListItem\",\"position\":2,\"name\":\"Avantages pour la client\u00e8le\",\"item\":\"https:\\\/\\\/www.thebucketshop.ca\\\/fr\\\/avantages-pour-la-clientele\\\/\"},{\"@type\":\"ListItem\",\"position\":3,\"name\":\"Innovations\",\"item\":\"https:\\\/\\\/www.thebucketshop.ca\\\/fr\\\/avantages-pour-la-clientele\\\/innovations\\\/\"},{\"@type\":\"ListItem\",\"position\":4,\"name\":\"GODETS \u00c0 2 PI\u00c8CES\"}]},{\"@type\":\"WebSite\",\"@id\":\"https:\\\/\\\/www.thebucketshop.ca\\\/#website\",\"url\":\"https:\\\/\\\/www.thebucketshop.ca\\\/\",\"name\":\"The Bucket Shop Inc.\",\"description\":\"\",\"publisher\":{\"@id\":\"https:\\\/\\\/www.thebucketshop.ca\\\/#organization\"},\"potentialAction\":[{\"@type\":\"SearchAction\",\"target\":{\"@type\":\"EntryPoint\",\"urlTemplate\":\"https:\\\/\\\/www.thebucketshop.ca\\\/?s={search_term_string}\"},\"query-input\":{\"@type\":\"PropertyValueSpecification\",\"valueRequired\":true,\"valueName\":\"search_term_string\"}}],\"inLanguage\":\"fr-FR\"},{\"@type\":\"Organization\",\"@id\":\"https:\\\/\\\/www.thebucketshop.ca\\\/#organization\",\"name\":\"The Bucket Shop Inc.\",\"url\":\"https:\\\/\\\/www.thebucketshop.ca\\\/\",\"logo\":{\"@type\":\"ImageObject\",\"inLanguage\":\"fr-FR\",\"@id\":\"https:\\\/\\\/www.thebucketshop.ca\\\/#\\\/schema\\\/logo\\\/image\\\/\",\"url\":\"https:\\\/\\\/www.thebucketshop.ca\\\/wp-content\\\/uploads\\\/2018\\\/07\\\/logo-tbs.png\",\"contentUrl\":\"https:\\\/\\\/www.thebucketshop.ca\\\/wp-content\\\/uploads\\\/2018\\\/07\\\/logo-tbs.png\",\"width\":215,\"height\":99,\"caption\":\"The Bucket Shop Inc.\"},\"image\":{\"@id\":\"https:\\\/\\\/www.thebucketshop.ca\\\/#\\\/schema\\\/logo\\\/image\\\/\"},\"sameAs\":[\"https:\\\/\\\/www.facebook.com\\\/thebucketshop\\\/\",\"https:\\\/\\\/x.com\\\/BucketShopInc\",\"https:\\\/\\\/www.linkedin.com\\\/company\\\/the-bucket-shop-group\",\"https:\\\/\\\/www.youtube.com\\\/channel\\\/UCls0XRmolU1yncaAwx6Y-yA\"]}]}<\/script>\n<!-- \/ Yoast SEO Premium plugin. -->","yoast_head_json":{"title":"GODETS \u00c0 2 PI\u00c8CES | The Bucket Shop Inc.","robots":{"index":"index","follow":"follow","max-snippet":"max-snippet:-1","max-image-preview":"max-image-preview:large","max-video-preview":"max-video-preview:-1"},"canonical":"https:\/\/www.thebucketshop.ca\/fr\/avantages-pour-la-clientele\/innovations\/godets-a-2-pieces\/","og_locale":"fr_FR","og_type":"article","og_title":"GODETS \u00c0 2 PI\u00c8CES","og_description":"DES D\u00c9LAIS DE REMPLACEMENT AM\u00c9LIOR\u00c9S Nous avons con\u00e7u une extr\u00e9mit\u00e9 avant qui est m\u00e9caniquement d\u00e9tach\u00e9e et assembl\u00e9e. La solution modulaire n\u2019exige aucun soudage; par cons\u00e9quent,&hellip; Continue reading &raquo; GODETS \u00c0 2 PI\u00c8CES","og_url":"https:\/\/www.thebucketshop.ca\/fr\/avantages-pour-la-clientele\/innovations\/godets-a-2-pieces\/","og_site_name":"The Bucket Shop Inc.","article_publisher":"https:\/\/www.facebook.com\/thebucketshop\/","article_modified_time":"2018-09-24T13:31:50+00:00","og_image":[{"url":"http:\/\/www.thebucketshop.ca\/wp-content\/uploads\/2018\/07\/mechanical-buckets-thumb.jpg","type":"","width":"","height":""}],"twitter_card":"summary_large_image","twitter_site":"@BucketShopInc","twitter_misc":{"Est. reading time":"1 minute"},"schema":{"@context":"https:\/\/schema.org","@graph":[{"@type":"WebPage","@id":"https:\/\/www.thebucketshop.ca\/fr\/avantages-pour-la-clientele\/innovations\/godets-a-2-pieces\/","url":"https:\/\/www.thebucketshop.ca\/fr\/avantages-pour-la-clientele\/innovations\/godets-a-2-pieces\/","name":"GODETS \u00c0 2 PI\u00c8CES | The Bucket Shop Inc.","isPartOf":{"@id":"https:\/\/www.thebucketshop.ca\/#website"},"primaryImageOfPage":{"@id":"https:\/\/www.thebucketshop.ca\/fr\/avantages-pour-la-clientele\/innovations\/godets-a-2-pieces\/#primaryimage"},"image":{"@id":"https:\/\/www.thebucketshop.ca\/fr\/avantages-pour-la-clientele\/innovations\/godets-a-2-pieces\/#primaryimage"},"thumbnailUrl":"http:\/\/www.thebucketshop.ca\/wp-content\/uploads\/2018\/07\/mechanical-buckets-thumb.jpg","datePublished":"2018-09-12T18:08:54+00:00","dateModified":"2018-09-24T13:31:50+00:00","breadcrumb":{"@id":"https:\/\/www.thebucketshop.ca\/fr\/avantages-pour-la-clientele\/innovations\/godets-a-2-pieces\/#breadcrumb"},"inLanguage":"fr-FR","potentialAction":[{"@type":"ReadAction","target":["https:\/\/www.thebucketshop.ca\/fr\/avantages-pour-la-clientele\/innovations\/godets-a-2-pieces\/"]}]},{"@type":"ImageObject","inLanguage":"fr-FR","@id":"https:\/\/www.thebucketshop.ca\/fr\/avantages-pour-la-clientele\/innovations\/godets-a-2-pieces\/#primaryimage","url":"http:\/\/www.thebucketshop.ca\/wp-content\/uploads\/2018\/07\/mechanical-buckets-thumb.jpg","contentUrl":"http:\/\/www.thebucketshop.ca\/wp-content\/uploads\/2018\/07\/mechanical-buckets-thumb.jpg"},{"@type":"BreadcrumbList","@id":"https:\/\/www.thebucketshop.ca\/fr\/avantages-pour-la-clientele\/innovations\/godets-a-2-pieces\/#breadcrumb","itemListElement":[{"@type":"ListItem","position":1,"name":"Home","item":"https:\/\/www.thebucketshop.ca\/fr\/"},{"@type":"ListItem","position":2,"name":"Avantages pour la client\u00e8le","item":"https:\/\/www.thebucketshop.ca\/fr\/avantages-pour-la-clientele\/"},{"@type":"ListItem","position":3,"name":"Innovations","item":"https:\/\/www.thebucketshop.ca\/fr\/avantages-pour-la-clientele\/innovations\/"},{"@type":"ListItem","position":4,"name":"GODETS \u00c0 2 PI\u00c8CES"}]},{"@type":"WebSite","@id":"https:\/\/www.thebucketshop.ca\/#website","url":"https:\/\/www.thebucketshop.ca\/","name":"The Bucket Shop Inc.","description":"","publisher":{"@id":"https:\/\/www.thebucketshop.ca\/#organization"},"potentialAction":[{"@type":"SearchAction","target":{"@type":"EntryPoint","urlTemplate":"https:\/\/www.thebucketshop.ca\/?s={search_term_string}"},"query-input":{"@type":"PropertyValueSpecification","valueRequired":true,"valueName":"search_term_string"}}],"inLanguage":"fr-FR"},{"@type":"Organization","@id":"https:\/\/www.thebucketshop.ca\/#organization","name":"The Bucket Shop Inc.","url":"https:\/\/www.thebucketshop.ca\/","logo":{"@type":"ImageObject","inLanguage":"fr-FR","@id":"https:\/\/www.thebucketshop.ca\/#\/schema\/logo\/image\/","url":"https:\/\/www.thebucketshop.ca\/wp-content\/uploads\/2018\/07\/logo-tbs.png","contentUrl":"https:\/\/www.thebucketshop.ca\/wp-content\/uploads\/2018\/07\/logo-tbs.png","width":215,"height":99,"caption":"The Bucket Shop Inc."},"image":{"@id":"https:\/\/www.thebucketshop.ca\/#\/schema\/logo\/image\/"},"sameAs":["https:\/\/www.facebook.com\/thebucketshop\/","https:\/\/x.com\/BucketShopInc","https:\/\/www.linkedin.com\/company\/the-bucket-shop-group","https:\/\/www.youtube.com\/channel\/UCls0XRmolU1yncaAwx6Y-yA"]}]}},"_links":{"self":[{"href":"https:\/\/www.thebucketshop.ca\/fr\/wp-json\/wp\/v2\/pages\/2555","targetHints":{"allow":["GET"]}}],"collection":[{"href":"https:\/\/www.thebucketshop.ca\/fr\/wp-json\/wp\/v2\/pages"}],"about":[{"href":"https:\/\/www.thebucketshop.ca\/fr\/wp-json\/wp\/v2\/types\/page"}],"author":[{"embeddable":true,"href":"https:\/\/www.thebucketshop.ca\/fr\/wp-json\/wp\/v2\/users\/1"}],"replies":[{"embeddable":true,"href":"https:\/\/www.thebucketshop.ca\/fr\/wp-json\/wp\/v2\/comments?post=2555"}],"version-history":[{"count":6,"href":"https:\/\/www.thebucketshop.ca\/fr\/wp-json\/wp\/v2\/pages\/2555\/revisions"}],"predecessor-version":[{"id":2706,"href":"https:\/\/www.thebucketshop.ca\/fr\/wp-json\/wp\/v2\/pages\/2555\/revisions\/2706"}],"up":[{"embeddable":true,"href":"https:\/\/www.thebucketshop.ca\/fr\/wp-json\/wp\/v2\/pages\/2284"}],"wp:attachment":[{"href":"https:\/\/www.thebucketshop.ca\/fr\/wp-json\/wp\/v2\/media?parent=2555"}],"curies":[{"name":"wp","href":"https:\/\/api.w.org\/{rel}","templated":true}]}}