{"id":2517,"date":"2018-09-12T14:07:09","date_gmt":"2018-09-12T18:07:09","guid":{"rendered":"http:\/\/www.thebucketshop.ca\/?page_id=2517"},"modified":"2018-09-20T09:31:46","modified_gmt":"2018-09-20T13:31:46","slug":"systemes-de-machoires-moulees","status":"publish","type":"page","link":"https:\/\/www.thebucketshop.ca\/fr\/avantages-pour-la-clientele\/innovations\/systemes-de-machoires-moulees\/","title":{"rendered":"SYST\u00c8MES DE M\u00c2CHOIRES MOUL\u00c9ES"},"content":{"rendered":"<div class=\"grid\">\n<div class=\"column one-half\">\n<h2>LES SYST\u00c8ME \u00c0 M\u00c2CHOIRES POUR CHARGEURS-TRANSPORTEURS<\/h2>\n<p>Les syst\u00e8mes \u00e0 m\u00e2choires moul\u00e9es en alliage con\u00e7us par TBS offrent un concept unique en son genre, mis au point par des ing\u00e9nieurs et \u00e9prouv\u00e9 pour prolonger le cycle de vie du godet qu\u2019il prot\u00e8ge jusqu\u2019\u00e0 3 fois plus longtemps! La famille de produits d\u2019usure offre 3 options, selon la taille de votre godet \u2013 nous pouvons r\u00e9pondre aux besoins quant \u00e0 une gamme de volumes allant de 1 vg3 \u00e0 15 vg3. Notre syst\u00e8me peut \u00eatre fix\u00e9 au godet par soudage ou \u00eatre une extr\u00e9mit\u00e9 avant boulonn\u00e9e pleinement m\u00e9canique, qui est facile et \u00e9conomique \u00e0 installer.<\/p>\n<p>En fin de compte, notre concept offre une protection maximale contre l\u2019usure des biens pour toutes les marques, tous les mod\u00e8les, toutes les largeurs, tous les types et toutes les configurations de m\u00e2choires de godet utilis\u00e9s sur des chargeurs-transporteurs comme des bennes \u00e0 godet ou des chargeuses frontales. Nous avons fait nos preuves en offrant un rendement sup\u00e9rieur par rapport \u00e0 notre concurrence, y compris des contours en vue d\u2019une p\u00e9n\u00e9tration maximale et un concept d\u2019autoaff\u00fbtage. Notre m\u00e2choire moul\u00e9e a un nombre de duret\u00e9 Brinell de 425 et des plaques en alliage sp\u00e9cialis\u00e9 de duret\u00e9 Brinell de 700 dispos\u00e9es strat\u00e9giquement pour une protection accrue contre l\u2019abrasion \u2013 le reste offrant une r\u00e9sistance \u00e0 l\u2019usure tout en conservant la soudabilit\u00e9.<\/p>\n<p>En r\u00e9sum\u00e9, en rassemblant tous ces \u00e9l\u00e9ments, on obtient une dur\u00e9e de vie utile plus longue accompagn\u00e9e d\u2019une production accrue entre les changements de pi\u00e8ces. Nous appuyons nos affirmations en mati\u00e8re de rendement par des v\u00e9rifications sur place. Nous sommes des chefs de file du march\u00e9 gr\u00e2ce \u00e0 ces concepts et nous continuons \u00e0 les faire \u00e9voluer apr\u00e8s des \u00e9valuations sur le terrain en vue de l\u2019am\u00e9lioration.<\/p>\n<h3>T\u00c9L\u00c9CHARGER LES BROCHURES<\/h3>\n<div class=\"download__item_small\">\n<div class=\"column one-half download__item\">\n<div class=\"left\"><a href=\"http:\/\/www.thebucketshop.ca\/wp-content\/uploads\/2018\/09\/TBS300-FR.pdf\" target=\"_blank\" rel=\"noopener\"><img decoding=\"async\" src=\"http:\/\/www.thebucketshop.ca\/wp-content\/uploads\/2018\/07\/brochure-tbs300.jpg\" alt=\"\" \/><\/a><\/div>\n<div class=\"entry-text\">\n<h5>tbs 300 l\u00c8vre Coul\u00e9E<\/h5>\n<p>&nbsp;<\/p>\n<p><a class=\"download\" href=\"http:\/\/www.thebucketshop.ca\/wp-content\/uploads\/2018\/09\/TBS300-FR.pdf\" target=\"_blank\" rel=\"noopener\"><i class=\"icon icon-download icon_small\"><\/i> T\u00e9l\u00e9charger<\/a><\/p>\n<\/div>\n<\/div>\n<div class=\"column one-half download__item\">\n<div class=\"left\"><a href=\"http:\/\/www.thebucketshop.ca\/wp-content\/uploads\/2018\/09\/TBS900-FR.pdf\" target=\"_blank\" rel=\"noopener\"><img decoding=\"async\" src=\"http:\/\/www.thebucketshop.ca\/wp-content\/uploads\/2018\/07\/brochure-tbs900.jpg\" alt=\"\" \/><\/a><\/div>\n<div class=\"entry-text\">\n<h5>tbs 900<\/h5>\n<h5>l\u00c8vre Coul\u00e9E<\/h5>\n<p>&nbsp;<\/p>\n<p><a class=\"download\" href=\"http:\/\/www.thebucketshop.ca\/wp-content\/uploads\/2018\/09\/TBS900-FR.pdf\" target=\"_blank\" rel=\"noopener\"><i class=\"icon icon-download icon_small\"><\/i> T\u00e9l\u00e9charger<\/a><\/p>\n<\/div>\n<\/div>\n<div class=\"column one-half download__item\">\n<div class=\"left\"><a href=\"http:\/\/www.thebucketshop.ca\/wp-content\/uploads\/2018\/09\/TBS1000-FR.pdf\" target=\"_blank\" rel=\"noopener\"><img decoding=\"async\" src=\"http:\/\/www.thebucketshop.ca\/wp-content\/uploads\/2018\/07\/brochure-tbs1000.jpg\" alt=\"\" \/><\/a><\/div>\n<div class=\"entry-text\">\n<h5>tbs 1000<\/h5>\n<h5>l\u00c8vre Coul\u00e9E<\/h5>\n<p>&nbsp;<\/p>\n<p><a class=\"download\" href=\"http:\/\/www.thebucketshop.ca\/wp-content\/uploads\/2018\/09\/TBS1000-FR.pdf\" target=\"_blank\" rel=\"noopener\"><i class=\"icon icon-download icon_small\"><\/i> T\u00e9l\u00e9charger<\/a><\/p>\n<\/div>\n<\/div>\n<\/div>\n<\/div>\n<div class=\"column one-half \"><img loading=\"lazy\" decoding=\"async\" class=\"\" src=\"http:\/\/www.thebucketshop.ca\/wp-content\/uploads\/2018\/07\/cast-list-systems.jpg\" alt=\"TBS Weld-on Lip System\" width=\"740\" height=\"816\" \/><\/div>\n<\/div>\n<h2>GALERIE DE PHOTOS DES PRODUITS<\/h2>\n\n\t\t\t<div id=\"2517-1\" class=\"gallery gallery-2517 gallery-col-7 gallery-columns-7 gallery-size-thumbnail\" itemscope itemtype=\"http:\/\/schema.org\/ImageGallery\">\n\t\t\t\t\t<figure class='gallery-item col-7' itemprop='associatedMedia' itemscope itemtype='http:\/\/schema.org\/ImageObject'>\n\t\t\t\t\t\t<div class='entry-media gallery-icon landscape'><a href='https:\/\/www.thebucketshop.ca\/wp-content\/uploads\/2018\/07\/IMG_7689.jpg' class=\"gallery-link\" itemprop=\"contentURL\"><img loading=\"lazy\" decoding=\"async\" width=\"150\" height=\"150\" src=\"https:\/\/www.thebucketshop.ca\/wp-content\/uploads\/2018\/07\/IMG_7689-150x150.jpg\" class=\"attachment-thumbnail size-thumbnail\" alt=\"\" itemprop=\"thumbnail\" \/><\/a><\/div>\n\t\t\t\t\t<\/figure>\n\t\t\t\t\t<figure class='gallery-item col-7' itemprop='associatedMedia' itemscope itemtype='http:\/\/schema.org\/ImageObject'>\n\t\t\t\t\t\t<div class='entry-media gallery-icon landscape'><a href='https:\/\/www.thebucketshop.ca\/wp-content\/uploads\/2018\/07\/IMG_1462.jpg' class=\"gallery-link\" itemprop=\"contentURL\"><img loading=\"lazy\" decoding=\"async\" width=\"150\" height=\"150\" src=\"https:\/\/www.thebucketshop.ca\/wp-content\/uploads\/2018\/07\/IMG_1462-150x150.jpg\" class=\"attachment-thumbnail size-thumbnail\" alt=\"\" itemprop=\"thumbnail\" \/><\/a><\/div>\n\t\t\t\t\t<\/figure>\n\t\t\t\t\t<figure class='gallery-item col-7' itemprop='associatedMedia' itemscope itemtype='http:\/\/schema.org\/ImageObject'>\n\t\t\t\t\t\t<div class='entry-media gallery-icon landscape'><a href='https:\/\/www.thebucketshop.ca\/wp-content\/uploads\/2018\/07\/IMG_3249.jpg' class=\"gallery-link\" itemprop=\"contentURL\"><img loading=\"lazy\" decoding=\"async\" width=\"150\" height=\"150\" src=\"https:\/\/www.thebucketshop.ca\/wp-content\/uploads\/2018\/07\/IMG_3249-150x150.jpg\" class=\"attachment-thumbnail size-thumbnail\" alt=\"\" itemprop=\"thumbnail\" \/><\/a><\/div>\n\t\t\t\t\t<\/figure>\n\t\t\t\t\t<figure class='gallery-item col-7' itemprop='associatedMedia' itemscope itemtype='http:\/\/schema.org\/ImageObject'>\n\t\t\t\t\t\t<div class='entry-media gallery-icon landscape'><a href='https:\/\/www.thebucketshop.ca\/wp-content\/uploads\/2018\/07\/IMG_1481.jpg' class=\"gallery-link\" itemprop=\"contentURL\"><img loading=\"lazy\" decoding=\"async\" width=\"150\" height=\"150\" src=\"https:\/\/www.thebucketshop.ca\/wp-content\/uploads\/2018\/07\/IMG_1481-150x150.jpg\" class=\"attachment-thumbnail size-thumbnail\" alt=\"\" itemprop=\"thumbnail\" \/><\/a><\/div>\n\t\t\t\t\t<\/figure>\n\t\t\t<\/div><!-- .gallery -->\n\n","protected":false},"excerpt":{"rendered":"<p>LES SYST\u00c8ME \u00c0 M\u00c2CHOIRES POUR CHARGEURS-TRANSPORTEURS Les syst\u00e8mes \u00e0 m\u00e2choires moul\u00e9es en alliage con\u00e7us par TBS offrent un concept unique en son genre, mis au&hellip; <\/p>\n<p><a href=\"https:\/\/www.thebucketshop.ca\/fr\/avantages-pour-la-clientele\/innovations\/systemes-de-machoires-moulees\/\" class=\"more-link\">Continue reading &raquo; <span class=\"screen-reader-text\">SYST\u00c8MES DE M\u00c2CHOIRES MOUL\u00c9ES<\/span><\/a><\/p>\n","protected":false},"author":1,"featured_media":0,"parent":2284,"menu_order":0,"comment_status":"closed","ping_status":"closed","template":"page-templates\/wide.php","meta":{"_exactmetrics_skip_tracking":false,"_exactmetrics_sitenote_active":false,"_exactmetrics_sitenote_note":"","_exactmetrics_sitenote_category":0,"footnotes":""},"class_list":["post-2517","page","type-page","status-publish","hentry"],"yoast_head":"<!-- This site is optimized with the Yoast SEO Premium plugin v22.3 (Yoast SEO v27.6) - https:\/\/yoast.com\/product\/yoast-seo-premium-wordpress\/ -->\n<title>SYST\u00c8MES DE M\u00c2CHOIRES MOUL\u00c9ES | The Bucket Shop Inc.<\/title>\n<meta name=\"robots\" content=\"index, follow, max-snippet:-1, max-image-preview:large, max-video-preview:-1\" \/>\n<link rel=\"canonical\" href=\"https:\/\/www.thebucketshop.ca\/fr\/avantages-pour-la-clientele\/innovations\/systemes-de-machoires-moulees\/\" \/>\n<meta property=\"og:locale\" content=\"fr_FR\" \/>\n<meta property=\"og:type\" content=\"article\" \/>\n<meta property=\"og:title\" content=\"SYST\u00c8MES DE M\u00c2CHOIRES MOUL\u00c9ES\" \/>\n<meta property=\"og:description\" content=\"LES SYST\u00c8ME \u00c0 M\u00c2CHOIRES POUR CHARGEURS-TRANSPORTEURS Les syst\u00e8mes \u00e0 m\u00e2choires moul\u00e9es en alliage con\u00e7us par TBS offrent un concept unique en son genre, mis au&hellip; Continue reading &raquo; SYST\u00c8MES DE M\u00c2CHOIRES MOUL\u00c9ES\" \/>\n<meta property=\"og:url\" content=\"https:\/\/www.thebucketshop.ca\/fr\/avantages-pour-la-clientele\/innovations\/systemes-de-machoires-moulees\/\" \/>\n<meta property=\"og:site_name\" content=\"The Bucket Shop Inc.\" \/>\n<meta property=\"article:publisher\" content=\"https:\/\/www.facebook.com\/thebucketshop\/\" \/>\n<meta property=\"article:modified_time\" content=\"2018-09-20T13:31:46+00:00\" \/>\n<meta property=\"og:image\" content=\"https:\/\/www.thebucketshop.ca\/wp-content\/uploads\/2018\/07\/IMG_7689-150x150.jpg\" \/>\n<meta name=\"twitter:card\" content=\"summary_large_image\" \/>\n<meta name=\"twitter:site\" content=\"@BucketShopInc\" \/>\n<meta name=\"twitter:label1\" content=\"Est. reading time\" \/>\n\t<meta name=\"twitter:data1\" content=\"2 minutes\" \/>\n<script type=\"application\/ld+json\" class=\"yoast-schema-graph\">{\"@context\":\"https:\\\/\\\/schema.org\",\"@graph\":[{\"@type\":\"WebPage\",\"@id\":\"https:\\\/\\\/www.thebucketshop.ca\\\/fr\\\/avantages-pour-la-clientele\\\/innovations\\\/systemes-de-machoires-moulees\\\/\",\"url\":\"https:\\\/\\\/www.thebucketshop.ca\\\/fr\\\/avantages-pour-la-clientele\\\/innovations\\\/systemes-de-machoires-moulees\\\/\",\"name\":\"SYST\u00c8MES DE M\u00c2CHOIRES MOUL\u00c9ES | The Bucket Shop Inc.\",\"isPartOf\":{\"@id\":\"https:\\\/\\\/www.thebucketshop.ca\\\/#website\"},\"primaryImageOfPage\":{\"@id\":\"https:\\\/\\\/www.thebucketshop.ca\\\/fr\\\/avantages-pour-la-clientele\\\/innovations\\\/systemes-de-machoires-moulees\\\/#primaryimage\"},\"image\":{\"@id\":\"https:\\\/\\\/www.thebucketshop.ca\\\/fr\\\/avantages-pour-la-clientele\\\/innovations\\\/systemes-de-machoires-moulees\\\/#primaryimage\"},\"thumbnailUrl\":\"http:\\\/\\\/www.thebucketshop.ca\\\/wp-content\\\/uploads\\\/2018\\\/07\\\/brochure-tbs300.jpg\",\"datePublished\":\"2018-09-12T18:07:09+00:00\",\"dateModified\":\"2018-09-20T13:31:46+00:00\",\"breadcrumb\":{\"@id\":\"https:\\\/\\\/www.thebucketshop.ca\\\/fr\\\/avantages-pour-la-clientele\\\/innovations\\\/systemes-de-machoires-moulees\\\/#breadcrumb\"},\"inLanguage\":\"fr-FR\",\"potentialAction\":[{\"@type\":\"ReadAction\",\"target\":[\"https:\\\/\\\/www.thebucketshop.ca\\\/fr\\\/avantages-pour-la-clientele\\\/innovations\\\/systemes-de-machoires-moulees\\\/\"]}]},{\"@type\":\"ImageObject\",\"inLanguage\":\"fr-FR\",\"@id\":\"https:\\\/\\\/www.thebucketshop.ca\\\/fr\\\/avantages-pour-la-clientele\\\/innovations\\\/systemes-de-machoires-moulees\\\/#primaryimage\",\"url\":\"http:\\\/\\\/www.thebucketshop.ca\\\/wp-content\\\/uploads\\\/2018\\\/07\\\/brochure-tbs300.jpg\",\"contentUrl\":\"http:\\\/\\\/www.thebucketshop.ca\\\/wp-content\\\/uploads\\\/2018\\\/07\\\/brochure-tbs300.jpg\"},{\"@type\":\"BreadcrumbList\",\"@id\":\"https:\\\/\\\/www.thebucketshop.ca\\\/fr\\\/avantages-pour-la-clientele\\\/innovations\\\/systemes-de-machoires-moulees\\\/#breadcrumb\",\"itemListElement\":[{\"@type\":\"ListItem\",\"position\":1,\"name\":\"Home\",\"item\":\"https:\\\/\\\/www.thebucketshop.ca\\\/fr\\\/\"},{\"@type\":\"ListItem\",\"position\":2,\"name\":\"Avantages pour la client\u00e8le\",\"item\":\"https:\\\/\\\/www.thebucketshop.ca\\\/fr\\\/avantages-pour-la-clientele\\\/\"},{\"@type\":\"ListItem\",\"position\":3,\"name\":\"Innovations\",\"item\":\"https:\\\/\\\/www.thebucketshop.ca\\\/fr\\\/avantages-pour-la-clientele\\\/innovations\\\/\"},{\"@type\":\"ListItem\",\"position\":4,\"name\":\"SYST\u00c8MES DE M\u00c2CHOIRES MOUL\u00c9ES\"}]},{\"@type\":\"WebSite\",\"@id\":\"https:\\\/\\\/www.thebucketshop.ca\\\/#website\",\"url\":\"https:\\\/\\\/www.thebucketshop.ca\\\/\",\"name\":\"The Bucket Shop Inc.\",\"description\":\"\",\"publisher\":{\"@id\":\"https:\\\/\\\/www.thebucketshop.ca\\\/#organization\"},\"potentialAction\":[{\"@type\":\"SearchAction\",\"target\":{\"@type\":\"EntryPoint\",\"urlTemplate\":\"https:\\\/\\\/www.thebucketshop.ca\\\/?s={search_term_string}\"},\"query-input\":{\"@type\":\"PropertyValueSpecification\",\"valueRequired\":true,\"valueName\":\"search_term_string\"}}],\"inLanguage\":\"fr-FR\"},{\"@type\":\"Organization\",\"@id\":\"https:\\\/\\\/www.thebucketshop.ca\\\/#organization\",\"name\":\"The Bucket Shop Inc.\",\"url\":\"https:\\\/\\\/www.thebucketshop.ca\\\/\",\"logo\":{\"@type\":\"ImageObject\",\"inLanguage\":\"fr-FR\",\"@id\":\"https:\\\/\\\/www.thebucketshop.ca\\\/#\\\/schema\\\/logo\\\/image\\\/\",\"url\":\"https:\\\/\\\/www.thebucketshop.ca\\\/wp-content\\\/uploads\\\/2018\\\/07\\\/logo-tbs.png\",\"contentUrl\":\"https:\\\/\\\/www.thebucketshop.ca\\\/wp-content\\\/uploads\\\/2018\\\/07\\\/logo-tbs.png\",\"width\":215,\"height\":99,\"caption\":\"The Bucket Shop Inc.\"},\"image\":{\"@id\":\"https:\\\/\\\/www.thebucketshop.ca\\\/#\\\/schema\\\/logo\\\/image\\\/\"},\"sameAs\":[\"https:\\\/\\\/www.facebook.com\\\/thebucketshop\\\/\",\"https:\\\/\\\/x.com\\\/BucketShopInc\",\"https:\\\/\\\/www.linkedin.com\\\/company\\\/the-bucket-shop-group\",\"https:\\\/\\\/www.youtube.com\\\/channel\\\/UCls0XRmolU1yncaAwx6Y-yA\"]}]}<\/script>\n<!-- \/ Yoast SEO Premium plugin. -->","yoast_head_json":{"title":"SYST\u00c8MES DE M\u00c2CHOIRES MOUL\u00c9ES | The Bucket Shop Inc.","robots":{"index":"index","follow":"follow","max-snippet":"max-snippet:-1","max-image-preview":"max-image-preview:large","max-video-preview":"max-video-preview:-1"},"canonical":"https:\/\/www.thebucketshop.ca\/fr\/avantages-pour-la-clientele\/innovations\/systemes-de-machoires-moulees\/","og_locale":"fr_FR","og_type":"article","og_title":"SYST\u00c8MES DE M\u00c2CHOIRES MOUL\u00c9ES","og_description":"LES SYST\u00c8ME \u00c0 M\u00c2CHOIRES POUR CHARGEURS-TRANSPORTEURS Les syst\u00e8mes \u00e0 m\u00e2choires moul\u00e9es en alliage con\u00e7us par TBS offrent un concept unique en son genre, mis au&hellip; Continue reading &raquo; SYST\u00c8MES DE M\u00c2CHOIRES MOUL\u00c9ES","og_url":"https:\/\/www.thebucketshop.ca\/fr\/avantages-pour-la-clientele\/innovations\/systemes-de-machoires-moulees\/","og_site_name":"The Bucket Shop Inc.","article_publisher":"https:\/\/www.facebook.com\/thebucketshop\/","article_modified_time":"2018-09-20T13:31:46+00:00","og_image":[{"url":"https:\/\/www.thebucketshop.ca\/wp-content\/uploads\/2018\/07\/IMG_7689-150x150.jpg","type":"","width":"","height":""}],"twitter_card":"summary_large_image","twitter_site":"@BucketShopInc","twitter_misc":{"Est. reading time":"2 minutes"},"schema":{"@context":"https:\/\/schema.org","@graph":[{"@type":"WebPage","@id":"https:\/\/www.thebucketshop.ca\/fr\/avantages-pour-la-clientele\/innovations\/systemes-de-machoires-moulees\/","url":"https:\/\/www.thebucketshop.ca\/fr\/avantages-pour-la-clientele\/innovations\/systemes-de-machoires-moulees\/","name":"SYST\u00c8MES DE M\u00c2CHOIRES MOUL\u00c9ES | The Bucket Shop Inc.","isPartOf":{"@id":"https:\/\/www.thebucketshop.ca\/#website"},"primaryImageOfPage":{"@id":"https:\/\/www.thebucketshop.ca\/fr\/avantages-pour-la-clientele\/innovations\/systemes-de-machoires-moulees\/#primaryimage"},"image":{"@id":"https:\/\/www.thebucketshop.ca\/fr\/avantages-pour-la-clientele\/innovations\/systemes-de-machoires-moulees\/#primaryimage"},"thumbnailUrl":"http:\/\/www.thebucketshop.ca\/wp-content\/uploads\/2018\/07\/brochure-tbs300.jpg","datePublished":"2018-09-12T18:07:09+00:00","dateModified":"2018-09-20T13:31:46+00:00","breadcrumb":{"@id":"https:\/\/www.thebucketshop.ca\/fr\/avantages-pour-la-clientele\/innovations\/systemes-de-machoires-moulees\/#breadcrumb"},"inLanguage":"fr-FR","potentialAction":[{"@type":"ReadAction","target":["https:\/\/www.thebucketshop.ca\/fr\/avantages-pour-la-clientele\/innovations\/systemes-de-machoires-moulees\/"]}]},{"@type":"ImageObject","inLanguage":"fr-FR","@id":"https:\/\/www.thebucketshop.ca\/fr\/avantages-pour-la-clientele\/innovations\/systemes-de-machoires-moulees\/#primaryimage","url":"http:\/\/www.thebucketshop.ca\/wp-content\/uploads\/2018\/07\/brochure-tbs300.jpg","contentUrl":"http:\/\/www.thebucketshop.ca\/wp-content\/uploads\/2018\/07\/brochure-tbs300.jpg"},{"@type":"BreadcrumbList","@id":"https:\/\/www.thebucketshop.ca\/fr\/avantages-pour-la-clientele\/innovations\/systemes-de-machoires-moulees\/#breadcrumb","itemListElement":[{"@type":"ListItem","position":1,"name":"Home","item":"https:\/\/www.thebucketshop.ca\/fr\/"},{"@type":"ListItem","position":2,"name":"Avantages pour la client\u00e8le","item":"https:\/\/www.thebucketshop.ca\/fr\/avantages-pour-la-clientele\/"},{"@type":"ListItem","position":3,"name":"Innovations","item":"https:\/\/www.thebucketshop.ca\/fr\/avantages-pour-la-clientele\/innovations\/"},{"@type":"ListItem","position":4,"name":"SYST\u00c8MES DE M\u00c2CHOIRES MOUL\u00c9ES"}]},{"@type":"WebSite","@id":"https:\/\/www.thebucketshop.ca\/#website","url":"https:\/\/www.thebucketshop.ca\/","name":"The Bucket Shop Inc.","description":"","publisher":{"@id":"https:\/\/www.thebucketshop.ca\/#organization"},"potentialAction":[{"@type":"SearchAction","target":{"@type":"EntryPoint","urlTemplate":"https:\/\/www.thebucketshop.ca\/?s={search_term_string}"},"query-input":{"@type":"PropertyValueSpecification","valueRequired":true,"valueName":"search_term_string"}}],"inLanguage":"fr-FR"},{"@type":"Organization","@id":"https:\/\/www.thebucketshop.ca\/#organization","name":"The Bucket Shop Inc.","url":"https:\/\/www.thebucketshop.ca\/","logo":{"@type":"ImageObject","inLanguage":"fr-FR","@id":"https:\/\/www.thebucketshop.ca\/#\/schema\/logo\/image\/","url":"https:\/\/www.thebucketshop.ca\/wp-content\/uploads\/2018\/07\/logo-tbs.png","contentUrl":"https:\/\/www.thebucketshop.ca\/wp-content\/uploads\/2018\/07\/logo-tbs.png","width":215,"height":99,"caption":"The Bucket Shop Inc."},"image":{"@id":"https:\/\/www.thebucketshop.ca\/#\/schema\/logo\/image\/"},"sameAs":["https:\/\/www.facebook.com\/thebucketshop\/","https:\/\/x.com\/BucketShopInc","https:\/\/www.linkedin.com\/company\/the-bucket-shop-group","https:\/\/www.youtube.com\/channel\/UCls0XRmolU1yncaAwx6Y-yA"]}]}},"_links":{"self":[{"href":"https:\/\/www.thebucketshop.ca\/fr\/wp-json\/wp\/v2\/pages\/2517","targetHints":{"allow":["GET"]}}],"collection":[{"href":"https:\/\/www.thebucketshop.ca\/fr\/wp-json\/wp\/v2\/pages"}],"about":[{"href":"https:\/\/www.thebucketshop.ca\/fr\/wp-json\/wp\/v2\/types\/page"}],"author":[{"embeddable":true,"href":"https:\/\/www.thebucketshop.ca\/fr\/wp-json\/wp\/v2\/users\/1"}],"replies":[{"embeddable":true,"href":"https:\/\/www.thebucketshop.ca\/fr\/wp-json\/wp\/v2\/comments?post=2517"}],"version-history":[{"count":8,"href":"https:\/\/www.thebucketshop.ca\/fr\/wp-json\/wp\/v2\/pages\/2517\/revisions"}],"predecessor-version":[{"id":2693,"href":"https:\/\/www.thebucketshop.ca\/fr\/wp-json\/wp\/v2\/pages\/2517\/revisions\/2693"}],"up":[{"embeddable":true,"href":"https:\/\/www.thebucketshop.ca\/fr\/wp-json\/wp\/v2\/pages\/2284"}],"wp:attachment":[{"href":"https:\/\/www.thebucketshop.ca\/fr\/wp-json\/wp\/v2\/media?parent=2517"}],"curies":[{"name":"wp","href":"https:\/\/api.w.org\/{rel}","templated":true}]}}