{"id":2506,"date":"2018-09-12T13:50:17","date_gmt":"2018-09-12T17:50:17","guid":{"rendered":"http:\/\/www.thebucketshop.ca\/?page_id=2506"},"modified":"2021-11-26T10:56:34","modified_gmt":"2021-11-26T15:56:34","slug":"carrieres","status":"publish","type":"page","link":"https:\/\/www.thebucketshop.ca\/fr\/carrieres\/","title":{"rendered":"Carri\u00e8res"},"content":{"rendered":"<div class=\"grid\">\n<img loading=\"lazy\" decoding=\"async\" class=\"alignnone size-large wp-image-3539\" src=\"http:\/\/www.thebucketshop.ca\/wp-content\/uploads\/2021\/04\/field-superintendent-524x1024.jpg\" alt=\"\" width=\"524\" height=\"1024\" srcset=\"https:\/\/www.thebucketshop.ca\/wp-content\/uploads\/2021\/04\/field-superintendent-524x1024.jpg 524w, https:\/\/www.thebucketshop.ca\/wp-content\/uploads\/2021\/04\/field-superintendent-154x300.jpg 154w, https:\/\/www.thebucketshop.ca\/wp-content\/uploads\/2021\/04\/field-superintendent-348x680.jpg 348w, https:\/\/www.thebucketshop.ca\/wp-content\/uploads\/2021\/04\/field-superintendent.jpg 600w\" sizes=\"auto, (max-width: 524px) 100vw, 524px\" \/><\/p>\n<p>&nbsp;<\/p>\n<div class=\"column two-third\">\n<h3><span class=\"share-body\"><span class=\"commentary js-truncate-commentary\"><strong>SOUDEURS SUR LE TERRAIN, M\u00c9CANICIENS-MONTEURS ET SOUDEURS DE TUYAUX<\/strong><\/span><\/span><\/h3>\n<p>Nous sommes toujours \u00e0 la recherche de personnes de m\u00e9tier talentueuses. Que vous vous trouviez au niveau d\u2019entr\u00e9e ou que vous soyez une personne de m\u00e9tier chevronn\u00e9e, il se peut que nous ayons une place pour vous au sein de notre \u00e9quipe.<\/p>\n<p><span class=\"share-body\"><span class=\"commentary js-truncate-commentary\">Nous sommes actuellement \u00e0 la recherche de soudeurs sur le terrain, de m\u00e9caniciens-monteurs et de soudeurs de tuyaux. Salaire concurrentiel offert. Un certain travail dans des camps et en ville requis. Envoyez votre curriculum vitae \u00e0 <a href=\"mailto:cwestcott@thebucketshop.ca\">Curtis Westcott<\/a>\u00a0ou remplissez le formulaire qui se trouve sur cette page.<\/span><\/span><\/p>\n<p>Pour faire une demande d\u2019emploi chez The <strong>Bucket Shop<\/strong> &amp; <strong>Steeltec<\/strong> veuillez remplir le formulaire qui se trouve sur cette page, envoyer votre curriculum vitae par<a href=\"mailto:cwestcott@thebucketshop.ca\"> courriel <\/a>par t\u00e9l\u00e9copie au: (705) 360-5551. Un recruteur communiquera avec vous quant \u00e0 votre demande.<\/p>\n<hr \/>\n<\/div>\n<div class=\"column one-third\"><a href=\"https:\/\/www.thebucketshop.ca\/forms\/view.php?id=37388\" target=\"_blank\" rel=\"noopener\"><img loading=\"lazy\" decoding=\"async\" class=\"alignleft wp-image-2815\" src=\"http:\/\/www.thebucketshop.ca\/wp-content\/uploads\/2018\/07\/tbs-application.jpg\" alt=\"\" width=\"55\" height=\"57\" \/><\/a><strong><br \/>\n<a href=\"https:\/\/www.thebucketshop.ca\/forms\/view.php?id=37388\" target=\"_blank\" rel=\"noopener\">Formulaire de demande d\u2019emploi<\/a><\/strong><iframe loading=\"lazy\" style=\"width: 100%; border: none;\" title=\"Application\" src=\"http:\/\/thebucketshop.ca\/forms\/embed.php?id=31947\" width=\"300\" height=\"725\" frameborder=\"0\" scrolling=\"no\" data-mce-fragment=\"1\"><a href=\"http:\/\/thebucketshop.ca\/forms\/view.php?id=24235\" title=\"Application\"><span data-mce-type=\"bookmark\" style=\"display: inline-block; width: 0px; overflow: hidden; line-height: 0;\" class=\"mce_SELRES_start\">\ufeff<\/span>Application<\/a><\/iframe><\/div>\n<\/div>\n","protected":false},"excerpt":{"rendered":"<p>&nbsp; SOUDEURS SUR LE TERRAIN, M\u00c9CANICIENS-MONTEURS ET SOUDEURS DE TUYAUX Nous sommes toujours \u00e0 la recherche de personnes de m\u00e9tier talentueuses. Que vous vous trouviez&hellip; <\/p>\n<p><a href=\"https:\/\/www.thebucketshop.ca\/fr\/carrieres\/\" class=\"more-link\">Continue reading &raquo; <span class=\"screen-reader-text\">Carri\u00e8res<\/span><\/a><\/p>\n","protected":false},"author":1,"featured_media":0,"parent":0,"menu_order":0,"comment_status":"closed","ping_status":"closed","template":"page-templates\/wide.php","meta":{"_exactmetrics_skip_tracking":false,"_exactmetrics_sitenote_active":false,"_exactmetrics_sitenote_note":"","_exactmetrics_sitenote_category":0,"footnotes":""},"class_list":["post-2506","page","type-page","status-publish","hentry"],"yoast_head":"<!-- This site is optimized with the Yoast SEO Premium plugin v22.3 (Yoast SEO v27.5) - https:\/\/yoast.com\/product\/yoast-seo-premium-wordpress\/ -->\n<title>Carri\u00e8res | The Bucket Shop Inc.<\/title>\n<meta name=\"robots\" content=\"index, follow, max-snippet:-1, max-image-preview:large, max-video-preview:-1\" \/>\n<link rel=\"canonical\" href=\"https:\/\/www.thebucketshop.ca\/fr\/carrieres\/\" \/>\n<meta property=\"og:locale\" content=\"fr_FR\" \/>\n<meta property=\"og:type\" content=\"article\" \/>\n<meta property=\"og:title\" content=\"Carri\u00e8res\" \/>\n<meta property=\"og:description\" content=\"&nbsp; SOUDEURS SUR LE TERRAIN, M\u00c9CANICIENS-MONTEURS ET SOUDEURS DE TUYAUX Nous sommes toujours \u00e0 la recherche de personnes de m\u00e9tier talentueuses. Que vous vous trouviez&hellip; Continue reading &raquo; Carri\u00e8res\" \/>\n<meta property=\"og:url\" content=\"https:\/\/www.thebucketshop.ca\/fr\/carrieres\/\" \/>\n<meta property=\"og:site_name\" content=\"The Bucket Shop Inc.\" \/>\n<meta property=\"article:publisher\" content=\"https:\/\/www.facebook.com\/thebucketshop\/\" \/>\n<meta property=\"article:modified_time\" content=\"2021-11-26T15:56:34+00:00\" \/>\n<meta property=\"og:image\" content=\"http:\/\/www.thebucketshop.ca\/wp-content\/uploads\/2021\/04\/field-superintendent-524x1024.jpg\" \/>\n<meta name=\"twitter:card\" content=\"summary_large_image\" \/>\n<meta name=\"twitter:site\" content=\"@BucketShopInc\" \/>\n<meta name=\"twitter:label1\" content=\"Est. reading time\" \/>\n\t<meta name=\"twitter:data1\" content=\"1 minute\" \/>\n<script type=\"application\/ld+json\" class=\"yoast-schema-graph\">{\"@context\":\"https:\\\/\\\/schema.org\",\"@graph\":[{\"@type\":\"WebPage\",\"@id\":\"https:\\\/\\\/www.thebucketshop.ca\\\/fr\\\/carrieres\\\/\",\"url\":\"https:\\\/\\\/www.thebucketshop.ca\\\/fr\\\/carrieres\\\/\",\"name\":\"Carri\u00e8res | The Bucket Shop Inc.\",\"isPartOf\":{\"@id\":\"https:\\\/\\\/www.thebucketshop.ca\\\/#website\"},\"primaryImageOfPage\":{\"@id\":\"https:\\\/\\\/www.thebucketshop.ca\\\/fr\\\/carrieres\\\/#primaryimage\"},\"image\":{\"@id\":\"https:\\\/\\\/www.thebucketshop.ca\\\/fr\\\/carrieres\\\/#primaryimage\"},\"thumbnailUrl\":\"http:\\\/\\\/www.thebucketshop.ca\\\/wp-content\\\/uploads\\\/2021\\\/04\\\/field-superintendent-524x1024.jpg\",\"datePublished\":\"2018-09-12T17:50:17+00:00\",\"dateModified\":\"2021-11-26T15:56:34+00:00\",\"breadcrumb\":{\"@id\":\"https:\\\/\\\/www.thebucketshop.ca\\\/fr\\\/carrieres\\\/#breadcrumb\"},\"inLanguage\":\"fr-FR\",\"potentialAction\":[{\"@type\":\"ReadAction\",\"target\":[\"https:\\\/\\\/www.thebucketshop.ca\\\/fr\\\/carrieres\\\/\"]}]},{\"@type\":\"ImageObject\",\"inLanguage\":\"fr-FR\",\"@id\":\"https:\\\/\\\/www.thebucketshop.ca\\\/fr\\\/carrieres\\\/#primaryimage\",\"url\":\"http:\\\/\\\/www.thebucketshop.ca\\\/wp-content\\\/uploads\\\/2021\\\/04\\\/field-superintendent-524x1024.jpg\",\"contentUrl\":\"http:\\\/\\\/www.thebucketshop.ca\\\/wp-content\\\/uploads\\\/2021\\\/04\\\/field-superintendent-524x1024.jpg\"},{\"@type\":\"BreadcrumbList\",\"@id\":\"https:\\\/\\\/www.thebucketshop.ca\\\/fr\\\/carrieres\\\/#breadcrumb\",\"itemListElement\":[{\"@type\":\"ListItem\",\"position\":1,\"name\":\"Home\",\"item\":\"https:\\\/\\\/www.thebucketshop.ca\\\/fr\\\/\"},{\"@type\":\"ListItem\",\"position\":2,\"name\":\"Carri\u00e8res\"}]},{\"@type\":\"WebSite\",\"@id\":\"https:\\\/\\\/www.thebucketshop.ca\\\/#website\",\"url\":\"https:\\\/\\\/www.thebucketshop.ca\\\/\",\"name\":\"The Bucket Shop Inc.\",\"description\":\"\",\"publisher\":{\"@id\":\"https:\\\/\\\/www.thebucketshop.ca\\\/#organization\"},\"potentialAction\":[{\"@type\":\"SearchAction\",\"target\":{\"@type\":\"EntryPoint\",\"urlTemplate\":\"https:\\\/\\\/www.thebucketshop.ca\\\/?s={search_term_string}\"},\"query-input\":{\"@type\":\"PropertyValueSpecification\",\"valueRequired\":true,\"valueName\":\"search_term_string\"}}],\"inLanguage\":\"fr-FR\"},{\"@type\":\"Organization\",\"@id\":\"https:\\\/\\\/www.thebucketshop.ca\\\/#organization\",\"name\":\"The Bucket Shop Inc.\",\"url\":\"https:\\\/\\\/www.thebucketshop.ca\\\/\",\"logo\":{\"@type\":\"ImageObject\",\"inLanguage\":\"fr-FR\",\"@id\":\"https:\\\/\\\/www.thebucketshop.ca\\\/#\\\/schema\\\/logo\\\/image\\\/\",\"url\":\"https:\\\/\\\/www.thebucketshop.ca\\\/wp-content\\\/uploads\\\/2018\\\/07\\\/logo-tbs.png\",\"contentUrl\":\"https:\\\/\\\/www.thebucketshop.ca\\\/wp-content\\\/uploads\\\/2018\\\/07\\\/logo-tbs.png\",\"width\":215,\"height\":99,\"caption\":\"The Bucket Shop Inc.\"},\"image\":{\"@id\":\"https:\\\/\\\/www.thebucketshop.ca\\\/#\\\/schema\\\/logo\\\/image\\\/\"},\"sameAs\":[\"https:\\\/\\\/www.facebook.com\\\/thebucketshop\\\/\",\"https:\\\/\\\/x.com\\\/BucketShopInc\",\"https:\\\/\\\/www.linkedin.com\\\/company\\\/the-bucket-shop-group\",\"https:\\\/\\\/www.youtube.com\\\/channel\\\/UCls0XRmolU1yncaAwx6Y-yA\"]}]}<\/script>\n<!-- \/ Yoast SEO Premium plugin. -->","yoast_head_json":{"title":"Carri\u00e8res | The Bucket Shop Inc.","robots":{"index":"index","follow":"follow","max-snippet":"max-snippet:-1","max-image-preview":"max-image-preview:large","max-video-preview":"max-video-preview:-1"},"canonical":"https:\/\/www.thebucketshop.ca\/fr\/carrieres\/","og_locale":"fr_FR","og_type":"article","og_title":"Carri\u00e8res","og_description":"&nbsp; SOUDEURS SUR LE TERRAIN, M\u00c9CANICIENS-MONTEURS ET SOUDEURS DE TUYAUX Nous sommes toujours \u00e0 la recherche de personnes de m\u00e9tier talentueuses. Que vous vous trouviez&hellip; Continue reading &raquo; Carri\u00e8res","og_url":"https:\/\/www.thebucketshop.ca\/fr\/carrieres\/","og_site_name":"The Bucket Shop Inc.","article_publisher":"https:\/\/www.facebook.com\/thebucketshop\/","article_modified_time":"2021-11-26T15:56:34+00:00","og_image":[{"url":"http:\/\/www.thebucketshop.ca\/wp-content\/uploads\/2021\/04\/field-superintendent-524x1024.jpg","type":"","width":"","height":""}],"twitter_card":"summary_large_image","twitter_site":"@BucketShopInc","twitter_misc":{"Est. reading time":"1 minute"},"schema":{"@context":"https:\/\/schema.org","@graph":[{"@type":"WebPage","@id":"https:\/\/www.thebucketshop.ca\/fr\/carrieres\/","url":"https:\/\/www.thebucketshop.ca\/fr\/carrieres\/","name":"Carri\u00e8res | The Bucket Shop Inc.","isPartOf":{"@id":"https:\/\/www.thebucketshop.ca\/#website"},"primaryImageOfPage":{"@id":"https:\/\/www.thebucketshop.ca\/fr\/carrieres\/#primaryimage"},"image":{"@id":"https:\/\/www.thebucketshop.ca\/fr\/carrieres\/#primaryimage"},"thumbnailUrl":"http:\/\/www.thebucketshop.ca\/wp-content\/uploads\/2021\/04\/field-superintendent-524x1024.jpg","datePublished":"2018-09-12T17:50:17+00:00","dateModified":"2021-11-26T15:56:34+00:00","breadcrumb":{"@id":"https:\/\/www.thebucketshop.ca\/fr\/carrieres\/#breadcrumb"},"inLanguage":"fr-FR","potentialAction":[{"@type":"ReadAction","target":["https:\/\/www.thebucketshop.ca\/fr\/carrieres\/"]}]},{"@type":"ImageObject","inLanguage":"fr-FR","@id":"https:\/\/www.thebucketshop.ca\/fr\/carrieres\/#primaryimage","url":"http:\/\/www.thebucketshop.ca\/wp-content\/uploads\/2021\/04\/field-superintendent-524x1024.jpg","contentUrl":"http:\/\/www.thebucketshop.ca\/wp-content\/uploads\/2021\/04\/field-superintendent-524x1024.jpg"},{"@type":"BreadcrumbList","@id":"https:\/\/www.thebucketshop.ca\/fr\/carrieres\/#breadcrumb","itemListElement":[{"@type":"ListItem","position":1,"name":"Home","item":"https:\/\/www.thebucketshop.ca\/fr\/"},{"@type":"ListItem","position":2,"name":"Carri\u00e8res"}]},{"@type":"WebSite","@id":"https:\/\/www.thebucketshop.ca\/#website","url":"https:\/\/www.thebucketshop.ca\/","name":"The Bucket Shop Inc.","description":"","publisher":{"@id":"https:\/\/www.thebucketshop.ca\/#organization"},"potentialAction":[{"@type":"SearchAction","target":{"@type":"EntryPoint","urlTemplate":"https:\/\/www.thebucketshop.ca\/?s={search_term_string}"},"query-input":{"@type":"PropertyValueSpecification","valueRequired":true,"valueName":"search_term_string"}}],"inLanguage":"fr-FR"},{"@type":"Organization","@id":"https:\/\/www.thebucketshop.ca\/#organization","name":"The Bucket Shop Inc.","url":"https:\/\/www.thebucketshop.ca\/","logo":{"@type":"ImageObject","inLanguage":"fr-FR","@id":"https:\/\/www.thebucketshop.ca\/#\/schema\/logo\/image\/","url":"https:\/\/www.thebucketshop.ca\/wp-content\/uploads\/2018\/07\/logo-tbs.png","contentUrl":"https:\/\/www.thebucketshop.ca\/wp-content\/uploads\/2018\/07\/logo-tbs.png","width":215,"height":99,"caption":"The Bucket Shop Inc."},"image":{"@id":"https:\/\/www.thebucketshop.ca\/#\/schema\/logo\/image\/"},"sameAs":["https:\/\/www.facebook.com\/thebucketshop\/","https:\/\/x.com\/BucketShopInc","https:\/\/www.linkedin.com\/company\/the-bucket-shop-group","https:\/\/www.youtube.com\/channel\/UCls0XRmolU1yncaAwx6Y-yA"]}]}},"_links":{"self":[{"href":"https:\/\/www.thebucketshop.ca\/fr\/wp-json\/wp\/v2\/pages\/2506","targetHints":{"allow":["GET"]}}],"collection":[{"href":"https:\/\/www.thebucketshop.ca\/fr\/wp-json\/wp\/v2\/pages"}],"about":[{"href":"https:\/\/www.thebucketshop.ca\/fr\/wp-json\/wp\/v2\/types\/page"}],"author":[{"embeddable":true,"href":"https:\/\/www.thebucketshop.ca\/fr\/wp-json\/wp\/v2\/users\/1"}],"replies":[{"embeddable":true,"href":"https:\/\/www.thebucketshop.ca\/fr\/wp-json\/wp\/v2\/comments?post=2506"}],"version-history":[{"count":6,"href":"https:\/\/www.thebucketshop.ca\/fr\/wp-json\/wp\/v2\/pages\/2506\/revisions"}],"predecessor-version":[{"id":3629,"href":"https:\/\/www.thebucketshop.ca\/fr\/wp-json\/wp\/v2\/pages\/2506\/revisions\/3629"}],"wp:attachment":[{"href":"https:\/\/www.thebucketshop.ca\/fr\/wp-json\/wp\/v2\/media?parent=2506"}],"curies":[{"name":"wp","href":"https:\/\/api.w.org\/{rel}","templated":true}]}}