{"id":2351,"date":"2018-09-07T08:55:42","date_gmt":"2018-09-07T12:55:42","guid":{"rendered":"http:\/\/www.thebucketshop.ca\/?page_id=2351"},"modified":"2018-09-07T08:55:42","modified_gmt":"2018-09-07T12:55:42","slug":"autres-series-de-produits","status":"publish","type":"page","link":"https:\/\/www.thebucketshop.ca\/fr\/avantages-pour-la-clientele\/autres-series-de-produits\/","title":{"rendered":"Autres s\u00e9ries de produits"},"content":{"rendered":"<div class=\"grid\">\n<p><img loading=\"lazy\" decoding=\"async\" class=\"alignleft wp-image-2938\" src=\"http:\/\/www.thebucketshop.ca\/wp-content\/uploads\/2018\/07\/itr-1.jpg\" alt=\"\" width=\"320\" height=\"438\" \/><\/p>\n<div class=\"column two-third\">\n<p>Nous avons des s\u00e9ries de produits compl\u00e9mentaires pour appuyer notre gamme de solutions de base.<\/p>\n<p><strong><img loading=\"lazy\" decoding=\"async\" class=\"size-full wp-image-2935 alignnone\" src=\"http:\/\/www.thebucketshop.ca\/wp-content\/uploads\/2018\/07\/bullet2.jpg\" alt=\"\" width=\"30\" height=\"25\" \/>\u00a0Produits d\u2019attaque du sol (GET) <\/strong>\u2013 Cette s\u00e9rie de produits comporte tous les composants n\u00e9cessaires \u00e0 la fabrication, la r\u00e9paration et l\u2019entretien de godets pour bouteurs (bulldozers), excavatrices et chargeuses frontales.<\/p>\n<p><strong><img loading=\"lazy\" decoding=\"async\" class=\"size-full wp-image-2935 alignnone\" src=\"http:\/\/www.thebucketshop.ca\/wp-content\/uploads\/2018\/07\/bullet2.jpg\" alt=\"\" width=\"30\" height=\"25\" \/> Ch\u00e2ssis de roulement <\/strong> \u2013 Les ensembles de pi\u00e8ces de ch\u00e2ssis de roulement ITR \u00e9tablissements la norme de qualit\u00e9 au sein de l\u2019industrie. Fabriqu\u00e9 en respectant les normes de qualit\u00e9 les plus \u00e9lev\u00e9es, le ch\u00e2ssis de roulement ITR s\u2019est acquis une excellente r\u00e9putation dans les industries mini\u00e8re, foresti\u00e8re, de la construction et de la construction routi\u00e8re pour assurer une longue vie utile et un rendement sans probl\u00e8me.<\/p>\n<p><strong><img loading=\"lazy\" decoding=\"async\" class=\"size-full wp-image-2935 alignnone\" src=\"http:\/\/www.thebucketshop.ca\/wp-content\/uploads\/2018\/07\/bullet2.jpg\" alt=\"\" width=\"30\" height=\"25\" \/> Solutions d\u2019alliages d\u2019acier et de rev\u00eatement int\u00e9rieur <\/strong> \u2013 Convenant parfaitement \u00e0 la protection des godets et des pelles, elles utilisent trois attributs cl\u00e9s qui leur donnent la versatilit\u00e9 pour en faire les meilleures amies du pr\u00e9pos\u00e9 \u00e0 la maintenance.<\/p>\n<p><strong><img loading=\"lazy\" decoding=\"async\" class=\"size-full wp-image-2935 alignnone\" src=\"http:\/\/www.thebucketshop.ca\/wp-content\/uploads\/2018\/07\/bullet2.jpg\" alt=\"\" width=\"30\" height=\"25\" \/> Plaques d\u2019usure et tuyaux \u00e0 rev\u00eatement d\u2019usure int\u00e9rieur \u2013 con\u00e7us pour prot\u00e9ger contre l\u2019abrasion, l\u2019\u00e9rosion et l\u2019impact<\/strong><\/p>\n<p><strong><img loading=\"lazy\" decoding=\"async\" class=\"size-full wp-image-2935 alignnone\" src=\"http:\/\/www.thebucketshop.ca\/wp-content\/uploads\/2018\/07\/bullet2.jpg\" alt=\"\" width=\"30\" height=\"25\" \/> Solutions de captage des poussi\u00e8res et de polym\u00e8res fabriqu\u00e9s sur mesure<\/strong><\/p>\n<\/div>\n\n\t\t\t<div id=\"2351-1\" class=\"gallery gallery-2351 gallery-col-5 gallery-columns-5 gallery-size-thumbnail\" itemscope itemtype=\"http:\/\/schema.org\/ImageGallery\">\n\t\t\t\t\t<figure class='gallery-item col-5' itemprop='associatedMedia' itemscope itemtype='http:\/\/schema.org\/ImageObject'>\n\t\t\t\t\t\t<div class='entry-media gallery-icon landscape'><a href='https:\/\/www.thebucketshop.ca\/wp-content\/uploads\/2018\/07\/Liner-Installation-Komatsu-785-7-3.jpg' class=\"gallery-link\" itemprop=\"contentURL\"><img loading=\"lazy\" decoding=\"async\" width=\"150\" height=\"150\" src=\"https:\/\/www.thebucketshop.ca\/wp-content\/uploads\/2018\/07\/Liner-Installation-Komatsu-785-7-3-150x150.jpg\" class=\"attachment-thumbnail size-thumbnail\" alt=\"\" itemprop=\"thumbnail\" \/><\/a><\/div>\n\t\t\t\t\t<\/figure>\n\t\t\t\t\t<figure class='gallery-item col-5' itemprop='associatedMedia' itemscope itemtype='http:\/\/schema.org\/ImageObject'>\n\t\t\t\t\t\t<div class='entry-media gallery-icon landscape'><a href='https:\/\/www.thebucketshop.ca\/wp-content\/uploads\/2018\/07\/CastoTube-Products-Finished.jpg' class=\"gallery-link\" itemprop=\"contentURL\"><img loading=\"lazy\" decoding=\"async\" width=\"150\" height=\"150\" src=\"https:\/\/www.thebucketshop.ca\/wp-content\/uploads\/2018\/07\/CastoTube-Products-Finished-150x150.jpg\" class=\"attachment-thumbnail size-thumbnail\" alt=\"\" itemprop=\"thumbnail\" \/><\/a><\/div>\n\t\t\t\t\t<\/figure>\n\t\t\t\t\t<figure class='gallery-item col-5' itemprop='associatedMedia' itemscope itemtype='http:\/\/schema.org\/ImageObject'>\n\t\t\t\t\t\t<div class='entry-media gallery-icon landscape'><a href='https:\/\/www.thebucketshop.ca\/wp-content\/uploads\/2018\/07\/Liner-Installation-Truck.jpg' class=\"gallery-link\" itemprop=\"contentURL\"><img loading=\"lazy\" decoding=\"async\" width=\"150\" height=\"150\" src=\"https:\/\/www.thebucketshop.ca\/wp-content\/uploads\/2018\/07\/Liner-Installation-Truck-150x150.jpg\" class=\"attachment-thumbnail size-thumbnail\" alt=\"\" itemprop=\"thumbnail\" \/><\/a><\/div>\n\t\t\t\t\t<\/figure>\n\t\t\t\t\t<figure class='gallery-item col-5' itemprop='associatedMedia' itemscope itemtype='http:\/\/schema.org\/ImageObject'>\n\t\t\t\t\t\t<div class='entry-media gallery-icon landscape'><a href='https:\/\/www.thebucketshop.ca\/wp-content\/uploads\/2018\/07\/TBS-GET-Products-image.jpg' class=\"gallery-link\" itemprop=\"contentURL\"><img loading=\"lazy\" decoding=\"async\" width=\"150\" height=\"150\" src=\"https:\/\/www.thebucketshop.ca\/wp-content\/uploads\/2018\/07\/TBS-GET-Products-image-150x150.jpg\" class=\"attachment-thumbnail size-thumbnail\" alt=\"\" itemprop=\"thumbnail\" \/><\/a><\/div>\n\t\t\t\t\t<\/figure>\n\t\t\t<\/div><!-- .gallery -->\n\n<\/div>\n","protected":false},"excerpt":{"rendered":"<p>Nous avons des s\u00e9ries de produits compl\u00e9mentaires pour appuyer notre gamme de solutions de base. \u00a0Produits d\u2019attaque du sol (GET) \u2013 Cette s\u00e9rie de produits&hellip; <\/p>\n<p><a href=\"https:\/\/www.thebucketshop.ca\/fr\/avantages-pour-la-clientele\/autres-series-de-produits\/\" class=\"more-link\">Continue reading &raquo; <span class=\"screen-reader-text\">Autres s\u00e9ries de produits<\/span><\/a><\/p>\n","protected":false},"author":1,"featured_media":0,"parent":2258,"menu_order":0,"comment_status":"closed","ping_status":"closed","template":"page-templates\/wide.php","meta":{"_exactmetrics_skip_tracking":false,"_exactmetrics_sitenote_active":false,"_exactmetrics_sitenote_note":"","_exactmetrics_sitenote_category":0,"footnotes":""},"class_list":["post-2351","page","type-page","status-publish","hentry"],"yoast_head":"<!-- This site is optimized with the Yoast SEO Premium plugin v22.3 (Yoast SEO v27.4) - https:\/\/yoast.com\/product\/yoast-seo-premium-wordpress\/ -->\n<title>Autres s\u00e9ries de produits | The Bucket Shop Inc.<\/title>\n<meta name=\"robots\" content=\"index, follow, max-snippet:-1, max-image-preview:large, max-video-preview:-1\" \/>\n<link rel=\"canonical\" href=\"https:\/\/www.thebucketshop.ca\/fr\/avantages-pour-la-clientele\/autres-series-de-produits\/\" \/>\n<meta property=\"og:locale\" content=\"fr_FR\" \/>\n<meta property=\"og:type\" content=\"article\" \/>\n<meta property=\"og:title\" content=\"Autres s\u00e9ries de produits\" \/>\n<meta property=\"og:description\" content=\"Nous avons des s\u00e9ries de produits compl\u00e9mentaires pour appuyer notre gamme de solutions de base. \u00a0Produits d\u2019attaque du sol (GET) \u2013 Cette s\u00e9rie de produits&hellip; Continue reading &raquo; Autres s\u00e9ries de produits\" \/>\n<meta property=\"og:url\" content=\"https:\/\/www.thebucketshop.ca\/fr\/avantages-pour-la-clientele\/autres-series-de-produits\/\" \/>\n<meta property=\"og:site_name\" content=\"The Bucket Shop Inc.\" \/>\n<meta property=\"article:publisher\" content=\"https:\/\/www.facebook.com\/thebucketshop\/\" \/>\n<meta property=\"og:image\" content=\"https:\/\/www.thebucketshop.ca\/wp-content\/uploads\/2018\/07\/Liner-Installation-Komatsu-785-7-3-150x150.jpg\" \/>\n<meta name=\"twitter:card\" content=\"summary_large_image\" \/>\n<meta name=\"twitter:site\" content=\"@BucketShopInc\" \/>\n<meta name=\"twitter:label1\" content=\"Est. reading time\" \/>\n\t<meta name=\"twitter:data1\" content=\"1 minute\" \/>\n<script type=\"application\/ld+json\" class=\"yoast-schema-graph\">{\"@context\":\"https:\\\/\\\/schema.org\",\"@graph\":[{\"@type\":\"WebPage\",\"@id\":\"https:\\\/\\\/www.thebucketshop.ca\\\/fr\\\/avantages-pour-la-clientele\\\/autres-series-de-produits\\\/\",\"url\":\"https:\\\/\\\/www.thebucketshop.ca\\\/fr\\\/avantages-pour-la-clientele\\\/autres-series-de-produits\\\/\",\"name\":\"Autres s\u00e9ries de produits | The Bucket Shop Inc.\",\"isPartOf\":{\"@id\":\"https:\\\/\\\/www.thebucketshop.ca\\\/#website\"},\"primaryImageOfPage\":{\"@id\":\"https:\\\/\\\/www.thebucketshop.ca\\\/fr\\\/avantages-pour-la-clientele\\\/autres-series-de-produits\\\/#primaryimage\"},\"image\":{\"@id\":\"https:\\\/\\\/www.thebucketshop.ca\\\/fr\\\/avantages-pour-la-clientele\\\/autres-series-de-produits\\\/#primaryimage\"},\"thumbnailUrl\":\"http:\\\/\\\/www.thebucketshop.ca\\\/wp-content\\\/uploads\\\/2018\\\/07\\\/itr-1.jpg\",\"datePublished\":\"2018-09-07T12:55:42+00:00\",\"breadcrumb\":{\"@id\":\"https:\\\/\\\/www.thebucketshop.ca\\\/fr\\\/avantages-pour-la-clientele\\\/autres-series-de-produits\\\/#breadcrumb\"},\"inLanguage\":\"fr-FR\",\"potentialAction\":[{\"@type\":\"ReadAction\",\"target\":[\"https:\\\/\\\/www.thebucketshop.ca\\\/fr\\\/avantages-pour-la-clientele\\\/autres-series-de-produits\\\/\"]}]},{\"@type\":\"ImageObject\",\"inLanguage\":\"fr-FR\",\"@id\":\"https:\\\/\\\/www.thebucketshop.ca\\\/fr\\\/avantages-pour-la-clientele\\\/autres-series-de-produits\\\/#primaryimage\",\"url\":\"http:\\\/\\\/www.thebucketshop.ca\\\/wp-content\\\/uploads\\\/2018\\\/07\\\/itr-1.jpg\",\"contentUrl\":\"http:\\\/\\\/www.thebucketshop.ca\\\/wp-content\\\/uploads\\\/2018\\\/07\\\/itr-1.jpg\"},{\"@type\":\"BreadcrumbList\",\"@id\":\"https:\\\/\\\/www.thebucketshop.ca\\\/fr\\\/avantages-pour-la-clientele\\\/autres-series-de-produits\\\/#breadcrumb\",\"itemListElement\":[{\"@type\":\"ListItem\",\"position\":1,\"name\":\"Home\",\"item\":\"https:\\\/\\\/www.thebucketshop.ca\\\/fr\\\/\"},{\"@type\":\"ListItem\",\"position\":2,\"name\":\"Avantages pour la client\u00e8le\",\"item\":\"https:\\\/\\\/www.thebucketshop.ca\\\/fr\\\/avantages-pour-la-clientele\\\/\"},{\"@type\":\"ListItem\",\"position\":3,\"name\":\"Autres s\u00e9ries de produits\"}]},{\"@type\":\"WebSite\",\"@id\":\"https:\\\/\\\/www.thebucketshop.ca\\\/#website\",\"url\":\"https:\\\/\\\/www.thebucketshop.ca\\\/\",\"name\":\"The Bucket Shop Inc.\",\"description\":\"\",\"publisher\":{\"@id\":\"https:\\\/\\\/www.thebucketshop.ca\\\/#organization\"},\"potentialAction\":[{\"@type\":\"SearchAction\",\"target\":{\"@type\":\"EntryPoint\",\"urlTemplate\":\"https:\\\/\\\/www.thebucketshop.ca\\\/?s={search_term_string}\"},\"query-input\":{\"@type\":\"PropertyValueSpecification\",\"valueRequired\":true,\"valueName\":\"search_term_string\"}}],\"inLanguage\":\"fr-FR\"},{\"@type\":\"Organization\",\"@id\":\"https:\\\/\\\/www.thebucketshop.ca\\\/#organization\",\"name\":\"The Bucket Shop Inc.\",\"url\":\"https:\\\/\\\/www.thebucketshop.ca\\\/\",\"logo\":{\"@type\":\"ImageObject\",\"inLanguage\":\"fr-FR\",\"@id\":\"https:\\\/\\\/www.thebucketshop.ca\\\/#\\\/schema\\\/logo\\\/image\\\/\",\"url\":\"https:\\\/\\\/www.thebucketshop.ca\\\/wp-content\\\/uploads\\\/2018\\\/07\\\/logo-tbs.png\",\"contentUrl\":\"https:\\\/\\\/www.thebucketshop.ca\\\/wp-content\\\/uploads\\\/2018\\\/07\\\/logo-tbs.png\",\"width\":215,\"height\":99,\"caption\":\"The Bucket Shop Inc.\"},\"image\":{\"@id\":\"https:\\\/\\\/www.thebucketshop.ca\\\/#\\\/schema\\\/logo\\\/image\\\/\"},\"sameAs\":[\"https:\\\/\\\/www.facebook.com\\\/thebucketshop\\\/\",\"https:\\\/\\\/x.com\\\/BucketShopInc\",\"https:\\\/\\\/www.linkedin.com\\\/company\\\/the-bucket-shop-group\",\"https:\\\/\\\/www.youtube.com\\\/channel\\\/UCls0XRmolU1yncaAwx6Y-yA\"]}]}<\/script>\n<!-- \/ Yoast SEO Premium plugin. -->","yoast_head_json":{"title":"Autres s\u00e9ries de produits | The Bucket Shop Inc.","robots":{"index":"index","follow":"follow","max-snippet":"max-snippet:-1","max-image-preview":"max-image-preview:large","max-video-preview":"max-video-preview:-1"},"canonical":"https:\/\/www.thebucketshop.ca\/fr\/avantages-pour-la-clientele\/autres-series-de-produits\/","og_locale":"fr_FR","og_type":"article","og_title":"Autres s\u00e9ries de produits","og_description":"Nous avons des s\u00e9ries de produits compl\u00e9mentaires pour appuyer notre gamme de solutions de base. \u00a0Produits d\u2019attaque du sol (GET) \u2013 Cette s\u00e9rie de produits&hellip; Continue reading &raquo; Autres s\u00e9ries de produits","og_url":"https:\/\/www.thebucketshop.ca\/fr\/avantages-pour-la-clientele\/autres-series-de-produits\/","og_site_name":"The Bucket Shop Inc.","article_publisher":"https:\/\/www.facebook.com\/thebucketshop\/","og_image":[{"url":"https:\/\/www.thebucketshop.ca\/wp-content\/uploads\/2018\/07\/Liner-Installation-Komatsu-785-7-3-150x150.jpg","type":"","width":"","height":""}],"twitter_card":"summary_large_image","twitter_site":"@BucketShopInc","twitter_misc":{"Est. reading time":"1 minute"},"schema":{"@context":"https:\/\/schema.org","@graph":[{"@type":"WebPage","@id":"https:\/\/www.thebucketshop.ca\/fr\/avantages-pour-la-clientele\/autres-series-de-produits\/","url":"https:\/\/www.thebucketshop.ca\/fr\/avantages-pour-la-clientele\/autres-series-de-produits\/","name":"Autres s\u00e9ries de produits | The Bucket Shop Inc.","isPartOf":{"@id":"https:\/\/www.thebucketshop.ca\/#website"},"primaryImageOfPage":{"@id":"https:\/\/www.thebucketshop.ca\/fr\/avantages-pour-la-clientele\/autres-series-de-produits\/#primaryimage"},"image":{"@id":"https:\/\/www.thebucketshop.ca\/fr\/avantages-pour-la-clientele\/autres-series-de-produits\/#primaryimage"},"thumbnailUrl":"http:\/\/www.thebucketshop.ca\/wp-content\/uploads\/2018\/07\/itr-1.jpg","datePublished":"2018-09-07T12:55:42+00:00","breadcrumb":{"@id":"https:\/\/www.thebucketshop.ca\/fr\/avantages-pour-la-clientele\/autres-series-de-produits\/#breadcrumb"},"inLanguage":"fr-FR","potentialAction":[{"@type":"ReadAction","target":["https:\/\/www.thebucketshop.ca\/fr\/avantages-pour-la-clientele\/autres-series-de-produits\/"]}]},{"@type":"ImageObject","inLanguage":"fr-FR","@id":"https:\/\/www.thebucketshop.ca\/fr\/avantages-pour-la-clientele\/autres-series-de-produits\/#primaryimage","url":"http:\/\/www.thebucketshop.ca\/wp-content\/uploads\/2018\/07\/itr-1.jpg","contentUrl":"http:\/\/www.thebucketshop.ca\/wp-content\/uploads\/2018\/07\/itr-1.jpg"},{"@type":"BreadcrumbList","@id":"https:\/\/www.thebucketshop.ca\/fr\/avantages-pour-la-clientele\/autres-series-de-produits\/#breadcrumb","itemListElement":[{"@type":"ListItem","position":1,"name":"Home","item":"https:\/\/www.thebucketshop.ca\/fr\/"},{"@type":"ListItem","position":2,"name":"Avantages pour la client\u00e8le","item":"https:\/\/www.thebucketshop.ca\/fr\/avantages-pour-la-clientele\/"},{"@type":"ListItem","position":3,"name":"Autres s\u00e9ries de produits"}]},{"@type":"WebSite","@id":"https:\/\/www.thebucketshop.ca\/#website","url":"https:\/\/www.thebucketshop.ca\/","name":"The Bucket Shop Inc.","description":"","publisher":{"@id":"https:\/\/www.thebucketshop.ca\/#organization"},"potentialAction":[{"@type":"SearchAction","target":{"@type":"EntryPoint","urlTemplate":"https:\/\/www.thebucketshop.ca\/?s={search_term_string}"},"query-input":{"@type":"PropertyValueSpecification","valueRequired":true,"valueName":"search_term_string"}}],"inLanguage":"fr-FR"},{"@type":"Organization","@id":"https:\/\/www.thebucketshop.ca\/#organization","name":"The Bucket Shop Inc.","url":"https:\/\/www.thebucketshop.ca\/","logo":{"@type":"ImageObject","inLanguage":"fr-FR","@id":"https:\/\/www.thebucketshop.ca\/#\/schema\/logo\/image\/","url":"https:\/\/www.thebucketshop.ca\/wp-content\/uploads\/2018\/07\/logo-tbs.png","contentUrl":"https:\/\/www.thebucketshop.ca\/wp-content\/uploads\/2018\/07\/logo-tbs.png","width":215,"height":99,"caption":"The Bucket Shop Inc."},"image":{"@id":"https:\/\/www.thebucketshop.ca\/#\/schema\/logo\/image\/"},"sameAs":["https:\/\/www.facebook.com\/thebucketshop\/","https:\/\/x.com\/BucketShopInc","https:\/\/www.linkedin.com\/company\/the-bucket-shop-group","https:\/\/www.youtube.com\/channel\/UCls0XRmolU1yncaAwx6Y-yA"]}]}},"_links":{"self":[{"href":"https:\/\/www.thebucketshop.ca\/fr\/wp-json\/wp\/v2\/pages\/2351","targetHints":{"allow":["GET"]}}],"collection":[{"href":"https:\/\/www.thebucketshop.ca\/fr\/wp-json\/wp\/v2\/pages"}],"about":[{"href":"https:\/\/www.thebucketshop.ca\/fr\/wp-json\/wp\/v2\/types\/page"}],"author":[{"embeddable":true,"href":"https:\/\/www.thebucketshop.ca\/fr\/wp-json\/wp\/v2\/users\/1"}],"replies":[{"embeddable":true,"href":"https:\/\/www.thebucketshop.ca\/fr\/wp-json\/wp\/v2\/comments?post=2351"}],"version-history":[{"count":1,"href":"https:\/\/www.thebucketshop.ca\/fr\/wp-json\/wp\/v2\/pages\/2351\/revisions"}],"predecessor-version":[{"id":2357,"href":"https:\/\/www.thebucketshop.ca\/fr\/wp-json\/wp\/v2\/pages\/2351\/revisions\/2357"}],"up":[{"embeddable":true,"href":"https:\/\/www.thebucketshop.ca\/fr\/wp-json\/wp\/v2\/pages\/2258"}],"wp:attachment":[{"href":"https:\/\/www.thebucketshop.ca\/fr\/wp-json\/wp\/v2\/media?parent=2351"}],"curies":[{"name":"wp","href":"https:\/\/api.w.org\/{rel}","templated":true}]}}