{"id":2279,"date":"2018-07-17T08:38:44","date_gmt":"2018-07-17T12:38:44","guid":{"rendered":"http:\/\/www.thebucketshop.ca\/avantages-pour-la-clientele\/truck-box-overhauls\/"},"modified":"2018-09-13T09:19:52","modified_gmt":"2018-09-13T13:19:52","slug":"prets-a-monter-dassemblage-et-de-revetement-interieur-de-caisses-de-camion","status":"publish","type":"page","link":"https:\/\/www.thebucketshop.ca\/fr\/avantages-pour-la-clientele\/prets-a-monter-dassemblage-et-de-revetement-interieur-de-caisses-de-camion\/","title":{"rendered":"Rev\u00eatements int\u00e9rieurs de caisse de camion"},"content":{"rendered":"<div class=\"grid\">\n<div class=\"column one-half\">\n<h2>PR\u00caTS-\u00c0-MONTER D\u2019ASSEMBLAGE ET DE REV\u00caTEMENT INT\u00c9RIEUR DE CAISSES DE CAMION<\/h2>\n<p>Assemblage complet de nouvelles caisses ou r\u00e9paration de caisses usag\u00e9es. Nous installons aussi des rev\u00eatements int\u00e9rieurs de caisse de camion \u00e0 titre de protection suppl\u00e9mentaire. Les pr\u00eats-\u00e0-monter de rev\u00eatement int\u00e9rieur de caisse de camion The Bucket Shop sont con\u00e7us par des ing\u00e9nieurs et fabriqu\u00e9s pour d\u00e9passer les normes du fabricant d\u2019\u00e9quipement d\u2019origine et sont coup\u00e9s sur mesure pour correspondre \u00e0 la configuration de chaque caisse de camion, ce qui minimise les d\u00e9lais d\u2019installation et d\u2019entretien.<\/p>\n<p>Nous pouvons fournir des pr\u00eats-\u00e0-monter de rev\u00eatement int\u00e9rieur pour les carrosseries de camions courants pour les op\u00e9rations de surface et souterraines, notamment les camions de roulage, \u00e0 benne basculante et \u00e0 lame poussante.<\/p>\n<\/div>\n<div class=\"column one-half \">\n<p><img loading=\"lazy\" decoding=\"async\" class=\"\" src=\"http:\/\/www.thebucketshop.ca\/wp-content\/uploads\/2018\/07\/002.jpg\" alt=\"TBS Weld-on Lip System\" width=\"477\" height=\"358\" \/><\/p>\n<\/div>\n<\/div>\n<h2>GALERIE DE PHOTOS DES PRODUITS<\/h2>\n\n\t\t<style type='text\/css'>\n\t\tdiv#sp-wp-carousel-pro-id-69e95b5ae8b34.wcp-gallery-section .slick-prev, \n\t\tdiv#sp-wp-carousel-pro-id-69e95b5ae8b34.wcp-gallery-section .slick-next{\n\t\t\tmargin-top: -15px;\n\t\t\tcolor: #888888;\n\t\t}\n\t\tdiv#sp-wp-carousel-pro-id-69e95b5ae8b34.wcp-gallery-section .slick-prev:hover, \n\t\tdiv#sp-wp-carousel-pro-id-69e95b5ae8b34.wcp-gallery-section .slick-next:hover{\n\t\t\tcolor: #5dc8d0;\n\t\t}\n\t\tdiv#sp-wp-carousel-pro-id-69e95b5ae8b34.wcp-gallery-section ul.slick-dots li button{\n\t\t\tbackground-color: #cccccc;\n\t\t}\n\t\tdiv#sp-wp-carousel-pro-id-69e95b5ae8b34.wcp-gallery-section ul.slick-dots li.slick-active button{\n\t\t\tbackground-color: #5dc8d0;\n\t\t}\n\t\tdiv#sp-wp-carousel-pro-id-69e95b5ae8b34.wcp-gallery-section .single_wcp_item{\n\t\t\tmargin: 0 10px;\n\t\t}\n\t\tdiv#sp-wp-carousel-pro-id-69e95b5ae8b34.wcp-gallery-section .single_wcp_item img{\n\t\t\t-webkit-transition: ease all 0.3s;\n\t\t\t-moz-transition: ease all 0.3s;\n\t\t\t-ms-transition: ease all 0.3s;\n\t\t\t-o-transition: ease all 0.3s;\n\t\t\ttransition: ease all 0.3s;\n\t\t\tmax-width: 100%;\n\t\t}\n\t\tdiv#sp-wp-carousel-pro-id-69e95b5ae8b34.wcp-gallery-section .single_wcp_item .wcp_s_item_caption .wcp_s_item_overlay{\n\t\t\tbackground: none repeat scroll 0 0 #000000;\n\t\t}<\/style><script type='text\/javascript'>\n\t\tjQuery(document).ready(function() {\n\t\t    jQuery('#sp-wp-carousel-pro-id-69e95b5ae8b34').slick({\n\t\t\t        infinite: true,\n\t\t\t        slidesToShow: 4,\n\t\t\t        slidesToScroll: 1,\n\t\t\t        prevArrow: \"<div class='slick-prev'><i class='fa fa-angle-left'><\/i><\/div>\",\n\t                nextArrow: \"<div class='slick-next'><i class='fa fa-angle-right'><\/i><\/div>\",\n\t\t\t        dots: false,\n\t\t\t        arrows: false,\n\t\t\t        pauseOnHover: true,\n\t\t\t        autoplay: true,\n\t\t\t        autoplaySpeed: 0,\n\t\t\t        speed: 2500,\n\t\t\t        adaptiveHeight: false,\n\t\t\t        draggable: true,\n\t\t\t        rtl: false,\n\t\t\t        cssEase: 'linear',\n\t\t\t        fade: false,\n\t\t            responsive: [\n\t\t\t\t\t\t    {\n\t\t\t\t\t\t      breakpoint: 1199,\n\t\t\t\t\t\t      settings: {\n\t\t\t\t\t\t        slidesToShow: 3\n\t\t\t\t\t\t      }\n\t\t\t\t\t\t    },\n\t\t\t\t\t\t    {\n\t\t\t\t\t\t      breakpoint: 979,\n\t\t\t\t\t\t      settings: {\n\t\t\t\t\t\t        slidesToShow: 3\n\t\t\t\t\t\t      }\n\t\t\t\t\t\t    },\n\t\t\t\t\t\t    {\n\t\t\t\t\t\t      breakpoint: 767,\n\t\t\t\t\t\t      settings: {\n\t\t\t\t\t\t        slidesToShow: 2\n\t\t\t\t\t\t      }\n\t\t\t\t\t\t    },\n\t\t\t\t\t\t    {\n\t\t\t\t\t\t      breakpoint: 479,\n\t\t\t\t\t\t      settings: {\n\t\t\t\t\t\t        slidesToShow: 1,\n\t\t\t\t\t\t        slidesToScroll: 1\n\t\t\t\t\t\t      }\n\t\t\t\t\t\t    }\n\t\t\t\t\t\t  ]\n\t\t        });\n\t\t var carouselss = ('#sp-wp-carousel-pro-id-69e95b5ae8b34');\n\t\t\tjQuery(carouselss).magnificPopup({\n\t\t\t\ttype: 'image',\n\t\t\t\tcloseOnContentClick: false,\n\t            closeBtnInside: false,\n\t            mainClass: 'mfp-with-zoom mfp-img-mobile',\n\t            gallery: {\n\t                enabled: true\n\t            },\n\t            delegate: 'div:not(slick-cloned) a.wcp-light-box',\n\t            zoom: {\n\t                enabled: true,\n\t                duration: 300, \/\/ don't foget to change the duration also in CSS\n\t                opener: function(element) {\n\t                    return element.find('img');\n\t                }\n\t            },\n\t\t\t});\n\t\t});\n\t\t<\/script>\n\t\t\n\t\t<div id='sp-wp-carousel-pro-id-69e95b5ae8b34' class='wcp-gallery-section' style='padding:0;'><div class=\"single_wcp_item\"><a class=\"wcp-light-box\" data-lightbox-gallery=\"wcp-gallery\" href=\"https:\/\/www.thebucketshop.ca\/wp-content\/uploads\/2018\/07\/Box-1-Before-1.jpg\"><img decoding=\"async\" src=\"https:\/\/www.thebucketshop.ca\/wp-content\/uploads\/2018\/07\/Box-1-Before-1-300x200.jpg\" alt=\"\" class=\"wcp-carousel-image\" \/><\/a><\/div><div class=\"single_wcp_item\"><a class=\"wcp-light-box\" data-lightbox-gallery=\"wcp-gallery\" href=\"https:\/\/www.thebucketshop.ca\/wp-content\/uploads\/2018\/07\/Box-2-After-1.jpg\"><img decoding=\"async\" src=\"https:\/\/www.thebucketshop.ca\/wp-content\/uploads\/2018\/07\/Box-2-After-1-300x200.jpg\" alt=\"\" class=\"wcp-carousel-image\" \/><\/a><\/div><div class=\"single_wcp_item\"><a class=\"wcp-light-box\" data-lightbox-gallery=\"wcp-gallery\" href=\"https:\/\/www.thebucketshop.ca\/wp-content\/uploads\/2018\/07\/CAT-777-1.jpg\"><img decoding=\"async\" src=\"https:\/\/www.thebucketshop.ca\/wp-content\/uploads\/2018\/07\/CAT-777-1-300x200.jpg\" alt=\"\" class=\"wcp-carousel-image\" \/><\/a><\/div><div class=\"single_wcp_item\"><a class=\"wcp-light-box\" data-lightbox-gallery=\"wcp-gallery\" href=\"https:\/\/www.thebucketshop.ca\/wp-content\/uploads\/2018\/07\/CAT-777D-01-1.jpg\"><img decoding=\"async\" src=\"https:\/\/www.thebucketshop.ca\/wp-content\/uploads\/2018\/07\/CAT-777D-01-1-300x200.jpg\" alt=\"\" class=\"wcp-carousel-image\" \/><\/a><\/div><div class=\"single_wcp_item\"><a class=\"wcp-light-box\" data-lightbox-gallery=\"wcp-gallery\" href=\"https:\/\/www.thebucketshop.ca\/wp-content\/uploads\/2018\/07\/CAT-777D-02-1.jpg\"><img decoding=\"async\" src=\"https:\/\/www.thebucketshop.ca\/wp-content\/uploads\/2018\/07\/CAT-777D-02-1-300x200.jpg\" alt=\"\" class=\"wcp-carousel-image\" \/><\/a><\/div><div class=\"single_wcp_item\"><a class=\"wcp-light-box\" data-lightbox-gallery=\"wcp-gallery\" href=\"https:\/\/www.thebucketshop.ca\/wp-content\/uploads\/2018\/07\/CAT-777F-1.jpg\"><img decoding=\"async\" src=\"https:\/\/www.thebucketshop.ca\/wp-content\/uploads\/2018\/07\/CAT-777F-1-300x200.jpg\" alt=\"\" class=\"wcp-carousel-image\" \/><\/a><\/div><div class=\"single_wcp_item\"><a class=\"wcp-light-box\" data-lightbox-gallery=\"wcp-gallery\" href=\"https:\/\/www.thebucketshop.ca\/wp-content\/uploads\/2018\/07\/CAT-AD45B-01-1.jpg\"><img decoding=\"async\" src=\"https:\/\/www.thebucketshop.ca\/wp-content\/uploads\/2018\/07\/CAT-AD45B-01-1-300x200.jpg\" alt=\"\" class=\"wcp-carousel-image\" \/><\/a><\/div><div class=\"single_wcp_item\"><a class=\"wcp-light-box\" data-lightbox-gallery=\"wcp-gallery\" href=\"https:\/\/www.thebucketshop.ca\/wp-content\/uploads\/2018\/07\/CAT-AD45B-02-1.jpg\"><img decoding=\"async\" src=\"https:\/\/www.thebucketshop.ca\/wp-content\/uploads\/2018\/07\/CAT-AD45B-02-1-300x200.jpg\" alt=\"\" class=\"wcp-carousel-image\" \/><\/a><\/div><div class=\"single_wcp_item\"><a class=\"wcp-light-box\" data-lightbox-gallery=\"wcp-gallery\" href=\"https:\/\/www.thebucketshop.ca\/wp-content\/uploads\/2018\/07\/CAT-AD45B-03-1.jpg\"><img decoding=\"async\" src=\"https:\/\/www.thebucketshop.ca\/wp-content\/uploads\/2018\/07\/CAT-AD45B-03-1-300x200.jpg\" alt=\"\" class=\"wcp-carousel-image\" \/><\/a><\/div><div class=\"single_wcp_item\"><a class=\"wcp-light-box\" data-lightbox-gallery=\"wcp-gallery\" href=\"https:\/\/www.thebucketshop.ca\/wp-content\/uploads\/2018\/07\/CAT-Boxes-01-1.jpg\"><img decoding=\"async\" src=\"https:\/\/www.thebucketshop.ca\/wp-content\/uploads\/2018\/07\/CAT-Boxes-01-1-300x200.jpg\" alt=\"\" class=\"wcp-carousel-image\" \/><\/a><\/div><div class=\"single_wcp_item\"><a class=\"wcp-light-box\" data-lightbox-gallery=\"wcp-gallery\" href=\"https:\/\/www.thebucketshop.ca\/wp-content\/uploads\/2018\/07\/CAT-Refurb-1.jpg\"><img decoding=\"async\" src=\"https:\/\/www.thebucketshop.ca\/wp-content\/uploads\/2018\/07\/CAT-Refurb-1-300x200.jpg\" alt=\"\" class=\"wcp-carousel-image\" \/><\/a><\/div><div class=\"single_wcp_item\"><a class=\"wcp-light-box\" data-lightbox-gallery=\"wcp-gallery\" href=\"https:\/\/www.thebucketshop.ca\/wp-content\/uploads\/2018\/07\/TBS-Box-Liner-1.jpg\"><img decoding=\"async\" src=\"https:\/\/www.thebucketshop.ca\/wp-content\/uploads\/2018\/07\/TBS-Box-Liner-1-300x200.jpg\" alt=\"\" class=\"wcp-carousel-image\" \/><\/a><\/div><div class=\"single_wcp_item\"><a class=\"wcp-light-box\" data-lightbox-gallery=\"wcp-gallery\" href=\"https:\/\/www.thebucketshop.ca\/wp-content\/uploads\/2018\/07\/Hitachi-Box-03-1.jpg\"><img decoding=\"async\" src=\"https:\/\/www.thebucketshop.ca\/wp-content\/uploads\/2018\/07\/Hitachi-Box-03-1-300x200.jpg\" alt=\"\" class=\"wcp-carousel-image\" \/><\/a><\/div><div class=\"single_wcp_item\"><a class=\"wcp-light-box\" data-lightbox-gallery=\"wcp-gallery\" href=\"https:\/\/www.thebucketshop.ca\/wp-content\/uploads\/2018\/07\/Hitachi-Box-01-1.jpg\"><img decoding=\"async\" src=\"https:\/\/www.thebucketshop.ca\/wp-content\/uploads\/2018\/07\/Hitachi-Box-01-1-300x200.jpg\" alt=\"\" class=\"wcp-carousel-image\" \/><\/a><\/div><div class=\"single_wcp_item\"><a class=\"wcp-light-box\" data-lightbox-gallery=\"wcp-gallery\" href=\"https:\/\/www.thebucketshop.ca\/wp-content\/uploads\/2018\/07\/Hitachi-Box-02-1.jpg\"><img decoding=\"async\" src=\"https:\/\/www.thebucketshop.ca\/wp-content\/uploads\/2018\/07\/Hitachi-Box-02-1-300x200.jpg\" alt=\"\" class=\"wcp-carousel-image\" \/><\/a><\/div><div class=\"single_wcp_item\"><a class=\"wcp-light-box\" data-lightbox-gallery=\"wcp-gallery\" href=\"https:\/\/www.thebucketshop.ca\/wp-content\/uploads\/2018\/07\/CAT-AD30-01-1.jpg\"><img decoding=\"async\" src=\"https:\/\/www.thebucketshop.ca\/wp-content\/uploads\/2018\/07\/CAT-AD30-01-1-300x200.jpg\" alt=\"\" class=\"wcp-carousel-image\" \/><\/a><\/div><div class=\"single_wcp_item\"><a class=\"wcp-light-box\" data-lightbox-gallery=\"wcp-gallery\" href=\"https:\/\/www.thebucketshop.ca\/wp-content\/uploads\/2018\/07\/CAT-AD30-02-1.jpg\"><img decoding=\"async\" src=\"https:\/\/www.thebucketshop.ca\/wp-content\/uploads\/2018\/07\/CAT-AD30-02-1-300x200.jpg\" alt=\"\" class=\"wcp-carousel-image\" \/><\/a><\/div><div class=\"single_wcp_item\"><a class=\"wcp-light-box\" data-lightbox-gallery=\"wcp-gallery\" href=\"https:\/\/www.thebucketshop.ca\/wp-content\/uploads\/2018\/07\/CAT-AD30-03-1.jpg\"><img decoding=\"async\" src=\"https:\/\/www.thebucketshop.ca\/wp-content\/uploads\/2018\/07\/CAT-AD30-03-1-300x200.jpg\" alt=\"\" class=\"wcp-carousel-image\" \/><\/a><\/div><\/div>\n","protected":false},"excerpt":{"rendered":"<p>PR\u00caTS-\u00c0-MONTER D\u2019ASSEMBLAGE ET DE REV\u00caTEMENT INT\u00c9RIEUR DE CAISSES DE CAMION Assemblage complet de nouvelles caisses ou r\u00e9paration de caisses usag\u00e9es. Nous installons aussi des rev\u00eatements&hellip; <\/p>\n<p><a href=\"https:\/\/www.thebucketshop.ca\/fr\/avantages-pour-la-clientele\/prets-a-monter-dassemblage-et-de-revetement-interieur-de-caisses-de-camion\/\" class=\"more-link\">Continue reading &raquo; <span class=\"screen-reader-text\">Rev\u00eatements int\u00e9rieurs de caisse de camion<\/span><\/a><\/p>\n","protected":false},"author":1,"featured_media":0,"parent":2258,"menu_order":0,"comment_status":"closed","ping_status":"closed","template":"page-templates\/wide.php","meta":{"_exactmetrics_skip_tracking":false,"_exactmetrics_sitenote_active":false,"_exactmetrics_sitenote_note":"","_exactmetrics_sitenote_category":0,"footnotes":""},"class_list":["post-2279","page","type-page","status-publish","hentry"],"yoast_head":"<!-- This site is optimized with the Yoast SEO Premium plugin v22.3 (Yoast SEO v27.4) - https:\/\/yoast.com\/product\/yoast-seo-premium-wordpress\/ -->\n<title>Rev\u00eatements int\u00e9rieurs de caisse de camion | The Bucket Shop Inc.<\/title>\n<meta name=\"robots\" content=\"index, follow, max-snippet:-1, max-image-preview:large, max-video-preview:-1\" \/>\n<link rel=\"canonical\" href=\"https:\/\/www.thebucketshop.ca\/fr\/avantages-pour-la-clientele\/prets-a-monter-dassemblage-et-de-revetement-interieur-de-caisses-de-camion\/\" \/>\n<meta property=\"og:locale\" content=\"fr_FR\" \/>\n<meta property=\"og:type\" content=\"article\" \/>\n<meta property=\"og:title\" content=\"Rev\u00eatements int\u00e9rieurs de caisse de camion\" \/>\n<meta property=\"og:description\" content=\"PR\u00caTS-\u00c0-MONTER D\u2019ASSEMBLAGE ET DE REV\u00caTEMENT INT\u00c9RIEUR DE CAISSES DE CAMION Assemblage complet de nouvelles caisses ou r\u00e9paration de caisses usag\u00e9es. Nous installons aussi des rev\u00eatements&hellip; Continue reading &raquo; Rev\u00eatements int\u00e9rieurs de caisse de camion\" \/>\n<meta property=\"og:url\" content=\"https:\/\/www.thebucketshop.ca\/fr\/avantages-pour-la-clientele\/prets-a-monter-dassemblage-et-de-revetement-interieur-de-caisses-de-camion\/\" \/>\n<meta property=\"og:site_name\" content=\"The Bucket Shop Inc.\" \/>\n<meta property=\"article:publisher\" content=\"https:\/\/www.facebook.com\/thebucketshop\/\" \/>\n<meta property=\"article:modified_time\" content=\"2018-09-13T13:19:52+00:00\" \/>\n<meta property=\"og:image\" content=\"http:\/\/www.thebucketshop.ca\/wp-content\/uploads\/2018\/07\/002.jpg\" \/>\n<meta name=\"twitter:card\" content=\"summary_large_image\" \/>\n<meta name=\"twitter:site\" content=\"@BucketShopInc\" \/>\n<meta name=\"twitter:label1\" content=\"Est. reading time\" \/>\n\t<meta name=\"twitter:data1\" content=\"1 minute\" \/>\n<script type=\"application\/ld+json\" class=\"yoast-schema-graph\">{\"@context\":\"https:\\\/\\\/schema.org\",\"@graph\":[{\"@type\":\"WebPage\",\"@id\":\"https:\\\/\\\/www.thebucketshop.ca\\\/fr\\\/avantages-pour-la-clientele\\\/prets-a-monter-dassemblage-et-de-revetement-interieur-de-caisses-de-camion\\\/\",\"url\":\"https:\\\/\\\/www.thebucketshop.ca\\\/fr\\\/avantages-pour-la-clientele\\\/prets-a-monter-dassemblage-et-de-revetement-interieur-de-caisses-de-camion\\\/\",\"name\":\"Rev\u00eatements int\u00e9rieurs de caisse de camion | The Bucket Shop Inc.\",\"isPartOf\":{\"@id\":\"https:\\\/\\\/www.thebucketshop.ca\\\/#website\"},\"primaryImageOfPage\":{\"@id\":\"https:\\\/\\\/www.thebucketshop.ca\\\/fr\\\/avantages-pour-la-clientele\\\/prets-a-monter-dassemblage-et-de-revetement-interieur-de-caisses-de-camion\\\/#primaryimage\"},\"image\":{\"@id\":\"https:\\\/\\\/www.thebucketshop.ca\\\/fr\\\/avantages-pour-la-clientele\\\/prets-a-monter-dassemblage-et-de-revetement-interieur-de-caisses-de-camion\\\/#primaryimage\"},\"thumbnailUrl\":\"http:\\\/\\\/www.thebucketshop.ca\\\/wp-content\\\/uploads\\\/2018\\\/07\\\/002.jpg\",\"datePublished\":\"2018-07-17T12:38:44+00:00\",\"dateModified\":\"2018-09-13T13:19:52+00:00\",\"breadcrumb\":{\"@id\":\"https:\\\/\\\/www.thebucketshop.ca\\\/fr\\\/avantages-pour-la-clientele\\\/prets-a-monter-dassemblage-et-de-revetement-interieur-de-caisses-de-camion\\\/#breadcrumb\"},\"inLanguage\":\"fr-FR\",\"potentialAction\":[{\"@type\":\"ReadAction\",\"target\":[\"https:\\\/\\\/www.thebucketshop.ca\\\/fr\\\/avantages-pour-la-clientele\\\/prets-a-monter-dassemblage-et-de-revetement-interieur-de-caisses-de-camion\\\/\"]}]},{\"@type\":\"ImageObject\",\"inLanguage\":\"fr-FR\",\"@id\":\"https:\\\/\\\/www.thebucketshop.ca\\\/fr\\\/avantages-pour-la-clientele\\\/prets-a-monter-dassemblage-et-de-revetement-interieur-de-caisses-de-camion\\\/#primaryimage\",\"url\":\"http:\\\/\\\/www.thebucketshop.ca\\\/wp-content\\\/uploads\\\/2018\\\/07\\\/002.jpg\",\"contentUrl\":\"http:\\\/\\\/www.thebucketshop.ca\\\/wp-content\\\/uploads\\\/2018\\\/07\\\/002.jpg\"},{\"@type\":\"BreadcrumbList\",\"@id\":\"https:\\\/\\\/www.thebucketshop.ca\\\/fr\\\/avantages-pour-la-clientele\\\/prets-a-monter-dassemblage-et-de-revetement-interieur-de-caisses-de-camion\\\/#breadcrumb\",\"itemListElement\":[{\"@type\":\"ListItem\",\"position\":1,\"name\":\"Home\",\"item\":\"https:\\\/\\\/www.thebucketshop.ca\\\/fr\\\/\"},{\"@type\":\"ListItem\",\"position\":2,\"name\":\"Avantages pour la client\u00e8le\",\"item\":\"https:\\\/\\\/www.thebucketshop.ca\\\/fr\\\/avantages-pour-la-clientele\\\/\"},{\"@type\":\"ListItem\",\"position\":3,\"name\":\"Rev\u00eatements int\u00e9rieurs de caisse de camion\"}]},{\"@type\":\"WebSite\",\"@id\":\"https:\\\/\\\/www.thebucketshop.ca\\\/#website\",\"url\":\"https:\\\/\\\/www.thebucketshop.ca\\\/\",\"name\":\"The Bucket Shop Inc.\",\"description\":\"\",\"publisher\":{\"@id\":\"https:\\\/\\\/www.thebucketshop.ca\\\/#organization\"},\"potentialAction\":[{\"@type\":\"SearchAction\",\"target\":{\"@type\":\"EntryPoint\",\"urlTemplate\":\"https:\\\/\\\/www.thebucketshop.ca\\\/?s={search_term_string}\"},\"query-input\":{\"@type\":\"PropertyValueSpecification\",\"valueRequired\":true,\"valueName\":\"search_term_string\"}}],\"inLanguage\":\"fr-FR\"},{\"@type\":\"Organization\",\"@id\":\"https:\\\/\\\/www.thebucketshop.ca\\\/#organization\",\"name\":\"The Bucket Shop Inc.\",\"url\":\"https:\\\/\\\/www.thebucketshop.ca\\\/\",\"logo\":{\"@type\":\"ImageObject\",\"inLanguage\":\"fr-FR\",\"@id\":\"https:\\\/\\\/www.thebucketshop.ca\\\/#\\\/schema\\\/logo\\\/image\\\/\",\"url\":\"https:\\\/\\\/www.thebucketshop.ca\\\/wp-content\\\/uploads\\\/2018\\\/07\\\/logo-tbs.png\",\"contentUrl\":\"https:\\\/\\\/www.thebucketshop.ca\\\/wp-content\\\/uploads\\\/2018\\\/07\\\/logo-tbs.png\",\"width\":215,\"height\":99,\"caption\":\"The Bucket Shop Inc.\"},\"image\":{\"@id\":\"https:\\\/\\\/www.thebucketshop.ca\\\/#\\\/schema\\\/logo\\\/image\\\/\"},\"sameAs\":[\"https:\\\/\\\/www.facebook.com\\\/thebucketshop\\\/\",\"https:\\\/\\\/x.com\\\/BucketShopInc\",\"https:\\\/\\\/www.linkedin.com\\\/company\\\/the-bucket-shop-group\",\"https:\\\/\\\/www.youtube.com\\\/channel\\\/UCls0XRmolU1yncaAwx6Y-yA\"]}]}<\/script>\n<!-- \/ Yoast SEO Premium plugin. -->","yoast_head_json":{"title":"Rev\u00eatements int\u00e9rieurs de caisse de camion | The Bucket Shop Inc.","robots":{"index":"index","follow":"follow","max-snippet":"max-snippet:-1","max-image-preview":"max-image-preview:large","max-video-preview":"max-video-preview:-1"},"canonical":"https:\/\/www.thebucketshop.ca\/fr\/avantages-pour-la-clientele\/prets-a-monter-dassemblage-et-de-revetement-interieur-de-caisses-de-camion\/","og_locale":"fr_FR","og_type":"article","og_title":"Rev\u00eatements int\u00e9rieurs de caisse de camion","og_description":"PR\u00caTS-\u00c0-MONTER D\u2019ASSEMBLAGE ET DE REV\u00caTEMENT INT\u00c9RIEUR DE CAISSES DE CAMION Assemblage complet de nouvelles caisses ou r\u00e9paration de caisses usag\u00e9es. Nous installons aussi des rev\u00eatements&hellip; Continue reading &raquo; Rev\u00eatements int\u00e9rieurs de caisse de camion","og_url":"https:\/\/www.thebucketshop.ca\/fr\/avantages-pour-la-clientele\/prets-a-monter-dassemblage-et-de-revetement-interieur-de-caisses-de-camion\/","og_site_name":"The Bucket Shop Inc.","article_publisher":"https:\/\/www.facebook.com\/thebucketshop\/","article_modified_time":"2018-09-13T13:19:52+00:00","og_image":[{"url":"http:\/\/www.thebucketshop.ca\/wp-content\/uploads\/2018\/07\/002.jpg","type":"","width":"","height":""}],"twitter_card":"summary_large_image","twitter_site":"@BucketShopInc","twitter_misc":{"Est. reading time":"1 minute"},"schema":{"@context":"https:\/\/schema.org","@graph":[{"@type":"WebPage","@id":"https:\/\/www.thebucketshop.ca\/fr\/avantages-pour-la-clientele\/prets-a-monter-dassemblage-et-de-revetement-interieur-de-caisses-de-camion\/","url":"https:\/\/www.thebucketshop.ca\/fr\/avantages-pour-la-clientele\/prets-a-monter-dassemblage-et-de-revetement-interieur-de-caisses-de-camion\/","name":"Rev\u00eatements int\u00e9rieurs de caisse de camion | The Bucket Shop Inc.","isPartOf":{"@id":"https:\/\/www.thebucketshop.ca\/#website"},"primaryImageOfPage":{"@id":"https:\/\/www.thebucketshop.ca\/fr\/avantages-pour-la-clientele\/prets-a-monter-dassemblage-et-de-revetement-interieur-de-caisses-de-camion\/#primaryimage"},"image":{"@id":"https:\/\/www.thebucketshop.ca\/fr\/avantages-pour-la-clientele\/prets-a-monter-dassemblage-et-de-revetement-interieur-de-caisses-de-camion\/#primaryimage"},"thumbnailUrl":"http:\/\/www.thebucketshop.ca\/wp-content\/uploads\/2018\/07\/002.jpg","datePublished":"2018-07-17T12:38:44+00:00","dateModified":"2018-09-13T13:19:52+00:00","breadcrumb":{"@id":"https:\/\/www.thebucketshop.ca\/fr\/avantages-pour-la-clientele\/prets-a-monter-dassemblage-et-de-revetement-interieur-de-caisses-de-camion\/#breadcrumb"},"inLanguage":"fr-FR","potentialAction":[{"@type":"ReadAction","target":["https:\/\/www.thebucketshop.ca\/fr\/avantages-pour-la-clientele\/prets-a-monter-dassemblage-et-de-revetement-interieur-de-caisses-de-camion\/"]}]},{"@type":"ImageObject","inLanguage":"fr-FR","@id":"https:\/\/www.thebucketshop.ca\/fr\/avantages-pour-la-clientele\/prets-a-monter-dassemblage-et-de-revetement-interieur-de-caisses-de-camion\/#primaryimage","url":"http:\/\/www.thebucketshop.ca\/wp-content\/uploads\/2018\/07\/002.jpg","contentUrl":"http:\/\/www.thebucketshop.ca\/wp-content\/uploads\/2018\/07\/002.jpg"},{"@type":"BreadcrumbList","@id":"https:\/\/www.thebucketshop.ca\/fr\/avantages-pour-la-clientele\/prets-a-monter-dassemblage-et-de-revetement-interieur-de-caisses-de-camion\/#breadcrumb","itemListElement":[{"@type":"ListItem","position":1,"name":"Home","item":"https:\/\/www.thebucketshop.ca\/fr\/"},{"@type":"ListItem","position":2,"name":"Avantages pour la client\u00e8le","item":"https:\/\/www.thebucketshop.ca\/fr\/avantages-pour-la-clientele\/"},{"@type":"ListItem","position":3,"name":"Rev\u00eatements int\u00e9rieurs de caisse de camion"}]},{"@type":"WebSite","@id":"https:\/\/www.thebucketshop.ca\/#website","url":"https:\/\/www.thebucketshop.ca\/","name":"The Bucket Shop Inc.","description":"","publisher":{"@id":"https:\/\/www.thebucketshop.ca\/#organization"},"potentialAction":[{"@type":"SearchAction","target":{"@type":"EntryPoint","urlTemplate":"https:\/\/www.thebucketshop.ca\/?s={search_term_string}"},"query-input":{"@type":"PropertyValueSpecification","valueRequired":true,"valueName":"search_term_string"}}],"inLanguage":"fr-FR"},{"@type":"Organization","@id":"https:\/\/www.thebucketshop.ca\/#organization","name":"The Bucket Shop Inc.","url":"https:\/\/www.thebucketshop.ca\/","logo":{"@type":"ImageObject","inLanguage":"fr-FR","@id":"https:\/\/www.thebucketshop.ca\/#\/schema\/logo\/image\/","url":"https:\/\/www.thebucketshop.ca\/wp-content\/uploads\/2018\/07\/logo-tbs.png","contentUrl":"https:\/\/www.thebucketshop.ca\/wp-content\/uploads\/2018\/07\/logo-tbs.png","width":215,"height":99,"caption":"The Bucket Shop Inc."},"image":{"@id":"https:\/\/www.thebucketshop.ca\/#\/schema\/logo\/image\/"},"sameAs":["https:\/\/www.facebook.com\/thebucketshop\/","https:\/\/x.com\/BucketShopInc","https:\/\/www.linkedin.com\/company\/the-bucket-shop-group","https:\/\/www.youtube.com\/channel\/UCls0XRmolU1yncaAwx6Y-yA"]}]}},"_links":{"self":[{"href":"https:\/\/www.thebucketshop.ca\/fr\/wp-json\/wp\/v2\/pages\/2279","targetHints":{"allow":["GET"]}}],"collection":[{"href":"https:\/\/www.thebucketshop.ca\/fr\/wp-json\/wp\/v2\/pages"}],"about":[{"href":"https:\/\/www.thebucketshop.ca\/fr\/wp-json\/wp\/v2\/types\/page"}],"author":[{"embeddable":true,"href":"https:\/\/www.thebucketshop.ca\/fr\/wp-json\/wp\/v2\/users\/1"}],"replies":[{"embeddable":true,"href":"https:\/\/www.thebucketshop.ca\/fr\/wp-json\/wp\/v2\/comments?post=2279"}],"version-history":[{"count":2,"href":"https:\/\/www.thebucketshop.ca\/fr\/wp-json\/wp\/v2\/pages\/2279\/revisions"}],"predecessor-version":[{"id":2282,"href":"https:\/\/www.thebucketshop.ca\/fr\/wp-json\/wp\/v2\/pages\/2279\/revisions\/2282"}],"up":[{"embeddable":true,"href":"https:\/\/www.thebucketshop.ca\/fr\/wp-json\/wp\/v2\/pages\/2258"}],"wp:attachment":[{"href":"https:\/\/www.thebucketshop.ca\/fr\/wp-json\/wp\/v2\/media?parent=2279"}],"curies":[{"name":"wp","href":"https:\/\/api.w.org\/{rel}","templated":true}]}}