{"id":2276,"date":"2018-07-17T08:36:48","date_gmt":"2018-07-17T12:36:48","guid":{"rendered":"http:\/\/www.thebucketshop.ca\/avantages-pour-la-clientele\/buckets\/"},"modified":"2018-09-13T09:21:06","modified_gmt":"2018-09-13T13:21:06","slug":"godets","status":"publish","type":"page","link":"https:\/\/www.thebucketshop.ca\/fr\/avantages-pour-la-clientele\/godets\/","title":{"rendered":"Godets"},"content":{"rendered":"<div class=\"grid\">\n<div class=\"column one-half\">\n<h2>Godets<\/h2>\n<p>Nous avons con\u00e7u une extr\u00e9mit\u00e9 avant fix\u00e9e m\u00e9caniquement qui offre les avantages d\u2019un remplacement plus rapide. Nous construisons aussi des godets neufs ou nous les remettons compl\u00e8tement \u00e0 neuf. En outre, nous apparions le godet \u00e0 nos produits d\u2019usure novateurs, notamment des syst\u00e8mes de talons de protection et de m\u00e2choires avant. En outre, vous avez le chois de faire construire ou remettre \u00e0 neuf des godets dans les configurations \u00e0 1 pi\u00e8ce ou \u00e0 2 pi\u00e8ces, ou nous pouvons effectuer la conversion compl\u00e8te de la configuration \u00e0 1 pi\u00e8ce \u00e0 celle \u00e0 2 pi\u00e8ces.<\/p>\n<\/div>\n<div class=\"column one-half \"><img loading=\"lazy\" decoding=\"async\" class=\"\" src=\"http:\/\/www.thebucketshop.ca\/wp-content\/uploads\/2018\/07\/2-piece.jpg\" alt=\"TBS Weld-on Lip System\" width=\"508\" height=\"378\" \/><\/div>\n<\/div>\n<h2>GALERIE DE PHOTOS DES PRODUITS<\/h2>\n\n\t\t<style type='text\/css'>\n\t\tdiv#sp-wp-carousel-pro-id-69ded31bc35a7.wcp-gallery-section .slick-prev, \n\t\tdiv#sp-wp-carousel-pro-id-69ded31bc35a7.wcp-gallery-section .slick-next{\n\t\t\tmargin-top: -15px;\n\t\t\tcolor: #888888;\n\t\t}\n\t\tdiv#sp-wp-carousel-pro-id-69ded31bc35a7.wcp-gallery-section .slick-prev:hover, \n\t\tdiv#sp-wp-carousel-pro-id-69ded31bc35a7.wcp-gallery-section .slick-next:hover{\n\t\t\tcolor: #5dc8d0;\n\t\t}\n\t\tdiv#sp-wp-carousel-pro-id-69ded31bc35a7.wcp-gallery-section ul.slick-dots li button{\n\t\t\tbackground-color: #cccccc;\n\t\t}\n\t\tdiv#sp-wp-carousel-pro-id-69ded31bc35a7.wcp-gallery-section ul.slick-dots li.slick-active button{\n\t\t\tbackground-color: #5dc8d0;\n\t\t}\n\t\tdiv#sp-wp-carousel-pro-id-69ded31bc35a7.wcp-gallery-section .single_wcp_item{\n\t\t\tmargin: 0 10px;\n\t\t}\n\t\tdiv#sp-wp-carousel-pro-id-69ded31bc35a7.wcp-gallery-section .single_wcp_item img{\n\t\t\t-webkit-transition: ease all 0.3s;\n\t\t\t-moz-transition: ease all 0.3s;\n\t\t\t-ms-transition: ease all 0.3s;\n\t\t\t-o-transition: ease all 0.3s;\n\t\t\ttransition: ease all 0.3s;\n\t\t\tmax-width: 100%;\n\t\t}\n\t\tdiv#sp-wp-carousel-pro-id-69ded31bc35a7.wcp-gallery-section .single_wcp_item .wcp_s_item_caption .wcp_s_item_overlay{\n\t\t\tbackground: none repeat scroll 0 0 #000000;\n\t\t}<\/style><script type='text\/javascript'>\n\t\tjQuery(document).ready(function() {\n\t\t    jQuery('#sp-wp-carousel-pro-id-69ded31bc35a7').slick({\n\t\t\t        infinite: true,\n\t\t\t        slidesToShow: 4,\n\t\t\t        slidesToScroll: 1,\n\t\t\t        prevArrow: \"<div class='slick-prev'><i class='fa fa-angle-left'><\/i><\/div>\",\n\t                nextArrow: \"<div class='slick-next'><i class='fa fa-angle-right'><\/i><\/div>\",\n\t\t\t        dots: false,\n\t\t\t        arrows: false,\n\t\t\t        pauseOnHover: true,\n\t\t\t        autoplay: true,\n\t\t\t        autoplaySpeed: 0,\n\t\t\t        speed: 2500,\n\t\t\t        adaptiveHeight: false,\n\t\t\t        draggable: true,\n\t\t\t        rtl: false,\n\t\t\t        cssEase: 'linear',\n\t\t\t        fade: false,\n\t\t            responsive: [\n\t\t\t\t\t\t    {\n\t\t\t\t\t\t      breakpoint: 1199,\n\t\t\t\t\t\t      settings: {\n\t\t\t\t\t\t        slidesToShow: 3\n\t\t\t\t\t\t      }\n\t\t\t\t\t\t    },\n\t\t\t\t\t\t    {\n\t\t\t\t\t\t      breakpoint: 979,\n\t\t\t\t\t\t      settings: {\n\t\t\t\t\t\t        slidesToShow: 3\n\t\t\t\t\t\t      }\n\t\t\t\t\t\t    },\n\t\t\t\t\t\t    {\n\t\t\t\t\t\t      breakpoint: 767,\n\t\t\t\t\t\t      settings: {\n\t\t\t\t\t\t        slidesToShow: 2\n\t\t\t\t\t\t      }\n\t\t\t\t\t\t    },\n\t\t\t\t\t\t    {\n\t\t\t\t\t\t      breakpoint: 479,\n\t\t\t\t\t\t      settings: {\n\t\t\t\t\t\t        slidesToShow: 1,\n\t\t\t\t\t\t        slidesToScroll: 1\n\t\t\t\t\t\t      }\n\t\t\t\t\t\t    }\n\t\t\t\t\t\t  ]\n\t\t        });\n\t\t var carouselss = ('#sp-wp-carousel-pro-id-69ded31bc35a7');\n\t\t\tjQuery(carouselss).magnificPopup({\n\t\t\t\ttype: 'image',\n\t\t\t\tcloseOnContentClick: false,\n\t            closeBtnInside: false,\n\t            mainClass: 'mfp-with-zoom mfp-img-mobile',\n\t            gallery: {\n\t                enabled: true\n\t            },\n\t            delegate: 'div:not(slick-cloned) a.wcp-light-box',\n\t            zoom: {\n\t                enabled: true,\n\t                duration: 300, \/\/ don't foget to change the duration also in CSS\n\t                opener: function(element) {\n\t                    return element.find('img');\n\t                }\n\t            },\n\t\t\t});\n\t\t});\n\t\t<\/script>\n\t\t\n\t\t<div id='sp-wp-carousel-pro-id-69ded31bc35a7' class='wcp-gallery-section' style='padding:0;'><div class=\"single_wcp_item\"><a class=\"wcp-light-box\" data-lightbox-gallery=\"wcp-gallery\" href=\"https:\/\/www.thebucketshop.ca\/wp-content\/uploads\/2018\/07\/201503_JohnDeere450_Wincikaby-2.jpg\"><img decoding=\"async\" src=\"https:\/\/www.thebucketshop.ca\/wp-content\/uploads\/2018\/07\/201503_JohnDeere450_Wincikaby-2-300x200.jpg\" alt=\"\" class=\"wcp-carousel-image\" \/><\/a><h3 class=\"wcp-carousel-title\" style=\"color: #333333\">John Deere 450<\/h3><\/div><div class=\"single_wcp_item\"><a class=\"wcp-light-box\" data-lightbox-gallery=\"wcp-gallery\" href=\"https:\/\/www.thebucketshop.ca\/wp-content\/uploads\/2018\/07\/201503_JohnDeere850_Wincikaby-50.jpg\"><img decoding=\"async\" src=\"https:\/\/www.thebucketshop.ca\/wp-content\/uploads\/2018\/07\/201503_JohnDeere850_Wincikaby-50-300x200.jpg\" alt=\"\" class=\"wcp-carousel-image\" \/><\/a><h3 class=\"wcp-carousel-title\" style=\"color: #333333\">John Deere 850<\/h3><\/div><div class=\"single_wcp_item\"><a class=\"wcp-light-box\" data-lightbox-gallery=\"wcp-gallery\" href=\"https:\/\/www.thebucketshop.ca\/wp-content\/uploads\/2018\/07\/201504_HitachiEX1200-78_Wajax-4.jpg\"><img decoding=\"async\" src=\"https:\/\/www.thebucketshop.ca\/wp-content\/uploads\/2018\/07\/201504_HitachiEX1200-78_Wajax-4-300x200.jpg\" alt=\"\" class=\"wcp-carousel-image\" \/><\/a><h3 class=\"wcp-carousel-title\" style=\"color: #333333\">Hitachi EX1200<\/h3><\/div><div class=\"single_wcp_item\"><a class=\"wcp-light-box\" data-lightbox-gallery=\"wcp-gallery\" href=\"https:\/\/www.thebucketshop.ca\/wp-content\/uploads\/2018\/07\/CAT-992-Bucket-Rebuild-10-31-2017.jpg\"><img decoding=\"async\" src=\"https:\/\/www.thebucketshop.ca\/wp-content\/uploads\/2018\/07\/CAT-992-Bucket-Rebuild-10-31-2017-300x200.jpg\" alt=\"\" class=\"wcp-carousel-image\" \/><\/a><h3 class=\"wcp-carousel-title\" style=\"color: #333333\">CAT 992 Bucket Rebuild<\/h3><\/div><div class=\"single_wcp_item\"><a class=\"wcp-light-box\" data-lightbox-gallery=\"wcp-gallery\" href=\"https:\/\/www.thebucketshop.ca\/wp-content\/uploads\/2018\/07\/Debeers_PC650-0012.jpg\"><img decoding=\"async\" src=\"https:\/\/www.thebucketshop.ca\/wp-content\/uploads\/2018\/07\/Debeers_PC650-0012-300x200.jpg\" alt=\"\" class=\"wcp-carousel-image\" \/><\/a><h3 class=\"wcp-carousel-title\" style=\"color: #333333\">PC650<\/h3><\/div><div class=\"single_wcp_item\"><a class=\"wcp-light-box\" data-lightbox-gallery=\"wcp-gallery\" href=\"https:\/\/www.thebucketshop.ca\/wp-content\/uploads\/2018\/07\/EX2500.jpg\"><img decoding=\"async\" src=\"https:\/\/www.thebucketshop.ca\/wp-content\/uploads\/2018\/07\/EX2500-300x200.jpg\" alt=\"\" class=\"wcp-carousel-image\" \/><\/a><h3 class=\"wcp-carousel-title\" style=\"color: #333333\">EX2500<\/h3><\/div><div class=\"single_wcp_item\"><a class=\"wcp-light-box\" data-lightbox-gallery=\"wcp-gallery\" href=\"https:\/\/www.thebucketshop.ca\/wp-content\/uploads\/2018\/07\/Goldcorp-PH-2300-Dipper_01.jpg\"><img decoding=\"async\" src=\"https:\/\/www.thebucketshop.ca\/wp-content\/uploads\/2018\/07\/Goldcorp-PH-2300-Dipper_01-300x200.jpg\" alt=\"\" class=\"wcp-carousel-image\" \/><\/a><h3 class=\"wcp-carousel-title\" style=\"color: #333333\">P&H 2300 Dipper<\/h3><\/div><div class=\"single_wcp_item\"><a class=\"wcp-light-box\" data-lightbox-gallery=\"wcp-gallery\" href=\"https:\/\/www.thebucketshop.ca\/wp-content\/uploads\/2018\/07\/IMG_1905.jpg\"><img decoding=\"async\" src=\"https:\/\/www.thebucketshop.ca\/wp-content\/uploads\/2018\/07\/IMG_1905-300x200.jpg\" alt=\"\" class=\"wcp-carousel-image\" \/><\/a><h3 class=\"wcp-carousel-title\" style=\"color: #333333\">CAT 6030<\/h3><\/div><div class=\"single_wcp_item\"><a class=\"wcp-light-box\" data-lightbox-gallery=\"wcp-gallery\" href=\"https:\/\/www.thebucketshop.ca\/wp-content\/uploads\/2018\/07\/IMG_1908.jpg\"><img decoding=\"async\" src=\"https:\/\/www.thebucketshop.ca\/wp-content\/uploads\/2018\/07\/IMG_1908-300x200.jpg\" alt=\"\" class=\"wcp-carousel-image\" \/><\/a><h3 class=\"wcp-carousel-title\" style=\"color: #333333\">CAT 6030<\/h3><\/div><div class=\"single_wcp_item\"><a class=\"wcp-light-box\" data-lightbox-gallery=\"wcp-gallery\" href=\"https:\/\/www.thebucketshop.ca\/wp-content\/uploads\/2018\/07\/IMG_1913.jpg\"><img decoding=\"async\" src=\"https:\/\/www.thebucketshop.ca\/wp-content\/uploads\/2018\/07\/IMG_1913-300x200.jpg\" alt=\"\" class=\"wcp-carousel-image\" \/><\/a><h3 class=\"wcp-carousel-title\" style=\"color: #333333\">CAT 6030<\/h3><\/div><div class=\"single_wcp_item\"><a class=\"wcp-light-box\" data-lightbox-gallery=\"wcp-gallery\" href=\"https:\/\/www.thebucketshop.ca\/wp-content\/uploads\/2018\/07\/IMG_1930.jpg\"><img decoding=\"async\" src=\"https:\/\/www.thebucketshop.ca\/wp-content\/uploads\/2018\/07\/IMG_1930-300x200.jpg\" alt=\"\" class=\"wcp-carousel-image\" \/><\/a><h3 class=\"wcp-carousel-title\" style=\"color: #333333\">CAT 992<\/h3><\/div><div class=\"single_wcp_item\"><a class=\"wcp-light-box\" data-lightbox-gallery=\"wcp-gallery\" href=\"https:\/\/www.thebucketshop.ca\/wp-content\/uploads\/2018\/07\/IMG_3202.jpg\"><img decoding=\"async\" src=\"https:\/\/www.thebucketshop.ca\/wp-content\/uploads\/2018\/07\/IMG_3202-300x200.jpg\" alt=\"\" class=\"wcp-carousel-image\" \/><\/a><h3 class=\"wcp-carousel-title\" style=\"color: #333333\">CAT OEM<\/h3><\/div><div class=\"single_wcp_item\"><a class=\"wcp-light-box\" data-lightbox-gallery=\"wcp-gallery\" href=\"https:\/\/www.thebucketshop.ca\/wp-content\/uploads\/2018\/07\/IMG_3373.jpg\"><img decoding=\"async\" src=\"https:\/\/www.thebucketshop.ca\/wp-content\/uploads\/2018\/07\/IMG_3373-300x200.jpg\" alt=\"\" class=\"wcp-carousel-image\" \/><\/a><h3 class=\"wcp-carousel-title\" style=\"color: #333333\">CAT 998<\/h3><\/div><div class=\"single_wcp_item\"><a class=\"wcp-light-box\" data-lightbox-gallery=\"wcp-gallery\" href=\"https:\/\/www.thebucketshop.ca\/wp-content\/uploads\/2018\/07\/IMG_3538.jpg\"><img decoding=\"async\" src=\"https:\/\/www.thebucketshop.ca\/wp-content\/uploads\/2018\/07\/IMG_3538-300x200.jpg\" alt=\"\" class=\"wcp-carousel-image\" \/><\/a><h3 class=\"wcp-carousel-title\" style=\"color: #333333\">Hitachi EX2500<\/h3><\/div><div class=\"single_wcp_item\"><a class=\"wcp-light-box\" data-lightbox-gallery=\"wcp-gallery\" href=\"https:\/\/www.thebucketshop.ca\/wp-content\/uploads\/2018\/07\/IMG_5165.jpg\"><img decoding=\"async\" src=\"https:\/\/www.thebucketshop.ca\/wp-content\/uploads\/2018\/07\/IMG_5165-300x200.jpg\" alt=\"\" class=\"wcp-carousel-image\" \/><\/a><h3 class=\"wcp-carousel-title\" style=\"color: #333333\">Atlas Copco ST1520<\/h3><\/div><div class=\"single_wcp_item\"><a class=\"wcp-light-box\" data-lightbox-gallery=\"wcp-gallery\" href=\"https:\/\/www.thebucketshop.ca\/wp-content\/uploads\/2018\/07\/IMG_5260.jpg\"><img decoding=\"async\" src=\"https:\/\/www.thebucketshop.ca\/wp-content\/uploads\/2018\/07\/IMG_5260-300x200.jpg\" alt=\"\" class=\"wcp-carousel-image\" \/><\/a><h3 class=\"wcp-carousel-title\" style=\"color: #333333\">CAT 992<\/h3><\/div><div class=\"single_wcp_item\"><a class=\"wcp-light-box\" data-lightbox-gallery=\"wcp-gallery\" href=\"https:\/\/www.thebucketshop.ca\/wp-content\/uploads\/2018\/07\/IMG_7350.jpg\"><img decoding=\"async\" src=\"https:\/\/www.thebucketshop.ca\/wp-content\/uploads\/2018\/07\/IMG_7350-300x200.jpg\" alt=\"\" class=\"wcp-carousel-image\" \/><\/a><h3 class=\"wcp-carousel-title\" style=\"color: #333333\">CAT 6030<\/h3><\/div><div class=\"single_wcp_item\"><a class=\"wcp-light-box\" data-lightbox-gallery=\"wcp-gallery\" href=\"https:\/\/www.thebucketshop.ca\/wp-content\/uploads\/2018\/07\/Ledcore_1200-0019.jpg\"><img decoding=\"async\" src=\"https:\/\/www.thebucketshop.ca\/wp-content\/uploads\/2018\/07\/Ledcore_1200-0019-300x200.jpg\" alt=\"\" class=\"wcp-carousel-image\" \/><\/a><h3 class=\"wcp-carousel-title\" style=\"color: #333333\">Hitachi EX1200<\/h3><\/div><div class=\"single_wcp_item\"><a class=\"wcp-light-box\" data-lightbox-gallery=\"wcp-gallery\" href=\"https:\/\/www.thebucketshop.ca\/wp-content\/uploads\/2018\/07\/R2900-0268.jpg\"><img decoding=\"async\" src=\"https:\/\/www.thebucketshop.ca\/wp-content\/uploads\/2018\/07\/R2900-0268-300x200.jpg\" alt=\"\" class=\"wcp-carousel-image\" \/><\/a><h3 class=\"wcp-carousel-title\" style=\"color: #333333\">CAT R2900<\/h3><\/div><div class=\"single_wcp_item\"><a class=\"wcp-light-box\" data-lightbox-gallery=\"wcp-gallery\" href=\"https:\/\/www.thebucketshop.ca\/wp-content\/uploads\/2018\/07\/Sandvick-LH-410_Primero-4.jpg\"><img decoding=\"async\" src=\"https:\/\/www.thebucketshop.ca\/wp-content\/uploads\/2018\/07\/Sandvick-LH-410_Primero-4-300x200.jpg\" alt=\"\" class=\"wcp-carousel-image\" \/><\/a><h3 class=\"wcp-carousel-title\" style=\"color: #333333\">Sandvik LH 410<\/h3><\/div><div class=\"single_wcp_item\"><a class=\"wcp-light-box\" data-lightbox-gallery=\"wcp-gallery\" href=\"https:\/\/www.thebucketshop.ca\/wp-content\/uploads\/2018\/07\/ST14-Dumas-0013.jpg\"><img decoding=\"async\" src=\"https:\/\/www.thebucketshop.ca\/wp-content\/uploads\/2018\/07\/ST14-Dumas-0013-300x200.jpg\" alt=\"\" class=\"wcp-carousel-image\" \/><\/a><h3 class=\"wcp-carousel-title\" style=\"color: #333333\">Atlas Copco ST14<\/h3><\/div><div class=\"single_wcp_item\"><a class=\"wcp-light-box\" data-lightbox-gallery=\"wcp-gallery\" href=\"https:\/\/www.thebucketshop.ca\/wp-content\/uploads\/2018\/07\/Taylor-008a.jpg\"><img decoding=\"async\" src=\"https:\/\/www.thebucketshop.ca\/wp-content\/uploads\/2018\/07\/Taylor-008a-300x200.jpg\" alt=\"\" class=\"wcp-carousel-image\" \/><\/a><h3 class=\"wcp-carousel-title\" style=\"color: #333333\">CAT 1600<\/h3><\/div><div class=\"single_wcp_item\"><a class=\"wcp-light-box\" data-lightbox-gallery=\"wcp-gallery\" href=\"https:\/\/www.thebucketshop.ca\/wp-content\/uploads\/2018\/07\/Taylor-068a.jpg\"><img decoding=\"async\" src=\"https:\/\/www.thebucketshop.ca\/wp-content\/uploads\/2018\/07\/Taylor-068a-300x200.jpg\" alt=\"\" class=\"wcp-carousel-image\" \/><\/a><h3 class=\"wcp-carousel-title\" style=\"color: #333333\">CAT 1600<\/h3><\/div><\/div>\n","protected":false},"excerpt":{"rendered":"<p>Godets Nous avons con\u00e7u une extr\u00e9mit\u00e9 avant fix\u00e9e m\u00e9caniquement qui offre les avantages d\u2019un remplacement plus rapide. Nous construisons aussi des godets neufs ou nous&hellip; <\/p>\n<p><a href=\"https:\/\/www.thebucketshop.ca\/fr\/avantages-pour-la-clientele\/godets\/\" class=\"more-link\">Continue reading &raquo; <span class=\"screen-reader-text\">Godets<\/span><\/a><\/p>\n","protected":false},"author":1,"featured_media":0,"parent":2258,"menu_order":0,"comment_status":"closed","ping_status":"closed","template":"page-templates\/wide.php","meta":{"_exactmetrics_skip_tracking":false,"_exactmetrics_sitenote_active":false,"_exactmetrics_sitenote_note":"","_exactmetrics_sitenote_category":0,"footnotes":""},"class_list":["post-2276","page","type-page","status-publish","hentry"],"yoast_head":"<!-- This site is optimized with the Yoast SEO Premium plugin v22.3 (Yoast SEO v27.3) - https:\/\/yoast.com\/product\/yoast-seo-premium-wordpress\/ -->\n<title>Godets | The Bucket Shop Inc.<\/title>\n<meta name=\"robots\" content=\"index, follow, max-snippet:-1, max-image-preview:large, max-video-preview:-1\" \/>\n<link rel=\"canonical\" href=\"https:\/\/www.thebucketshop.ca\/fr\/avantages-pour-la-clientele\/godets\/\" \/>\n<meta property=\"og:locale\" content=\"fr_FR\" \/>\n<meta property=\"og:type\" content=\"article\" \/>\n<meta property=\"og:title\" content=\"Godets\" \/>\n<meta property=\"og:description\" content=\"Godets Nous avons con\u00e7u une extr\u00e9mit\u00e9 avant fix\u00e9e m\u00e9caniquement qui offre les avantages d\u2019un remplacement plus rapide. Nous construisons aussi des godets neufs ou nous&hellip; Continue reading &raquo; Godets\" \/>\n<meta property=\"og:url\" content=\"https:\/\/www.thebucketshop.ca\/fr\/avantages-pour-la-clientele\/godets\/\" \/>\n<meta property=\"og:site_name\" content=\"The Bucket Shop Inc.\" \/>\n<meta property=\"article:publisher\" content=\"https:\/\/www.facebook.com\/thebucketshop\/\" \/>\n<meta property=\"article:modified_time\" content=\"2018-09-13T13:21:06+00:00\" \/>\n<meta property=\"og:image\" content=\"http:\/\/www.thebucketshop.ca\/wp-content\/uploads\/2018\/07\/2-piece.jpg\" \/>\n<meta name=\"twitter:card\" content=\"summary_large_image\" \/>\n<meta name=\"twitter:site\" content=\"@BucketShopInc\" \/>\n<meta name=\"twitter:label1\" content=\"Est. reading time\" \/>\n\t<meta name=\"twitter:data1\" content=\"1 minute\" \/>\n<script type=\"application\/ld+json\" class=\"yoast-schema-graph\">{\"@context\":\"https:\\\/\\\/schema.org\",\"@graph\":[{\"@type\":\"WebPage\",\"@id\":\"https:\\\/\\\/www.thebucketshop.ca\\\/fr\\\/avantages-pour-la-clientele\\\/godets\\\/\",\"url\":\"https:\\\/\\\/www.thebucketshop.ca\\\/fr\\\/avantages-pour-la-clientele\\\/godets\\\/\",\"name\":\"Godets | The Bucket Shop Inc.\",\"isPartOf\":{\"@id\":\"https:\\\/\\\/www.thebucketshop.ca\\\/#website\"},\"primaryImageOfPage\":{\"@id\":\"https:\\\/\\\/www.thebucketshop.ca\\\/fr\\\/avantages-pour-la-clientele\\\/godets\\\/#primaryimage\"},\"image\":{\"@id\":\"https:\\\/\\\/www.thebucketshop.ca\\\/fr\\\/avantages-pour-la-clientele\\\/godets\\\/#primaryimage\"},\"thumbnailUrl\":\"http:\\\/\\\/www.thebucketshop.ca\\\/wp-content\\\/uploads\\\/2018\\\/07\\\/2-piece.jpg\",\"datePublished\":\"2018-07-17T12:36:48+00:00\",\"dateModified\":\"2018-09-13T13:21:06+00:00\",\"breadcrumb\":{\"@id\":\"https:\\\/\\\/www.thebucketshop.ca\\\/fr\\\/avantages-pour-la-clientele\\\/godets\\\/#breadcrumb\"},\"inLanguage\":\"fr-FR\",\"potentialAction\":[{\"@type\":\"ReadAction\",\"target\":[\"https:\\\/\\\/www.thebucketshop.ca\\\/fr\\\/avantages-pour-la-clientele\\\/godets\\\/\"]}]},{\"@type\":\"ImageObject\",\"inLanguage\":\"fr-FR\",\"@id\":\"https:\\\/\\\/www.thebucketshop.ca\\\/fr\\\/avantages-pour-la-clientele\\\/godets\\\/#primaryimage\",\"url\":\"http:\\\/\\\/www.thebucketshop.ca\\\/wp-content\\\/uploads\\\/2018\\\/07\\\/2-piece.jpg\",\"contentUrl\":\"http:\\\/\\\/www.thebucketshop.ca\\\/wp-content\\\/uploads\\\/2018\\\/07\\\/2-piece.jpg\"},{\"@type\":\"BreadcrumbList\",\"@id\":\"https:\\\/\\\/www.thebucketshop.ca\\\/fr\\\/avantages-pour-la-clientele\\\/godets\\\/#breadcrumb\",\"itemListElement\":[{\"@type\":\"ListItem\",\"position\":1,\"name\":\"Home\",\"item\":\"https:\\\/\\\/www.thebucketshop.ca\\\/fr\\\/\"},{\"@type\":\"ListItem\",\"position\":2,\"name\":\"Avantages pour la client\u00e8le\",\"item\":\"https:\\\/\\\/www.thebucketshop.ca\\\/fr\\\/avantages-pour-la-clientele\\\/\"},{\"@type\":\"ListItem\",\"position\":3,\"name\":\"Godets\"}]},{\"@type\":\"WebSite\",\"@id\":\"https:\\\/\\\/www.thebucketshop.ca\\\/#website\",\"url\":\"https:\\\/\\\/www.thebucketshop.ca\\\/\",\"name\":\"The Bucket Shop Inc.\",\"description\":\"\",\"publisher\":{\"@id\":\"https:\\\/\\\/www.thebucketshop.ca\\\/#organization\"},\"potentialAction\":[{\"@type\":\"SearchAction\",\"target\":{\"@type\":\"EntryPoint\",\"urlTemplate\":\"https:\\\/\\\/www.thebucketshop.ca\\\/?s={search_term_string}\"},\"query-input\":{\"@type\":\"PropertyValueSpecification\",\"valueRequired\":true,\"valueName\":\"search_term_string\"}}],\"inLanguage\":\"fr-FR\"},{\"@type\":\"Organization\",\"@id\":\"https:\\\/\\\/www.thebucketshop.ca\\\/#organization\",\"name\":\"The Bucket Shop Inc.\",\"url\":\"https:\\\/\\\/www.thebucketshop.ca\\\/\",\"logo\":{\"@type\":\"ImageObject\",\"inLanguage\":\"fr-FR\",\"@id\":\"https:\\\/\\\/www.thebucketshop.ca\\\/#\\\/schema\\\/logo\\\/image\\\/\",\"url\":\"https:\\\/\\\/www.thebucketshop.ca\\\/wp-content\\\/uploads\\\/2018\\\/07\\\/logo-tbs.png\",\"contentUrl\":\"https:\\\/\\\/www.thebucketshop.ca\\\/wp-content\\\/uploads\\\/2018\\\/07\\\/logo-tbs.png\",\"width\":215,\"height\":99,\"caption\":\"The Bucket Shop Inc.\"},\"image\":{\"@id\":\"https:\\\/\\\/www.thebucketshop.ca\\\/#\\\/schema\\\/logo\\\/image\\\/\"},\"sameAs\":[\"https:\\\/\\\/www.facebook.com\\\/thebucketshop\\\/\",\"https:\\\/\\\/x.com\\\/BucketShopInc\",\"https:\\\/\\\/www.linkedin.com\\\/company\\\/the-bucket-shop-group\",\"https:\\\/\\\/www.youtube.com\\\/channel\\\/UCls0XRmolU1yncaAwx6Y-yA\"]}]}<\/script>\n<!-- \/ Yoast SEO Premium plugin. -->","yoast_head_json":{"title":"Godets | The Bucket Shop Inc.","robots":{"index":"index","follow":"follow","max-snippet":"max-snippet:-1","max-image-preview":"max-image-preview:large","max-video-preview":"max-video-preview:-1"},"canonical":"https:\/\/www.thebucketshop.ca\/fr\/avantages-pour-la-clientele\/godets\/","og_locale":"fr_FR","og_type":"article","og_title":"Godets","og_description":"Godets Nous avons con\u00e7u une extr\u00e9mit\u00e9 avant fix\u00e9e m\u00e9caniquement qui offre les avantages d\u2019un remplacement plus rapide. Nous construisons aussi des godets neufs ou nous&hellip; Continue reading &raquo; Godets","og_url":"https:\/\/www.thebucketshop.ca\/fr\/avantages-pour-la-clientele\/godets\/","og_site_name":"The Bucket Shop Inc.","article_publisher":"https:\/\/www.facebook.com\/thebucketshop\/","article_modified_time":"2018-09-13T13:21:06+00:00","og_image":[{"url":"http:\/\/www.thebucketshop.ca\/wp-content\/uploads\/2018\/07\/2-piece.jpg","type":"","width":"","height":""}],"twitter_card":"summary_large_image","twitter_site":"@BucketShopInc","twitter_misc":{"Est. reading time":"1 minute"},"schema":{"@context":"https:\/\/schema.org","@graph":[{"@type":"WebPage","@id":"https:\/\/www.thebucketshop.ca\/fr\/avantages-pour-la-clientele\/godets\/","url":"https:\/\/www.thebucketshop.ca\/fr\/avantages-pour-la-clientele\/godets\/","name":"Godets | The Bucket Shop Inc.","isPartOf":{"@id":"https:\/\/www.thebucketshop.ca\/#website"},"primaryImageOfPage":{"@id":"https:\/\/www.thebucketshop.ca\/fr\/avantages-pour-la-clientele\/godets\/#primaryimage"},"image":{"@id":"https:\/\/www.thebucketshop.ca\/fr\/avantages-pour-la-clientele\/godets\/#primaryimage"},"thumbnailUrl":"http:\/\/www.thebucketshop.ca\/wp-content\/uploads\/2018\/07\/2-piece.jpg","datePublished":"2018-07-17T12:36:48+00:00","dateModified":"2018-09-13T13:21:06+00:00","breadcrumb":{"@id":"https:\/\/www.thebucketshop.ca\/fr\/avantages-pour-la-clientele\/godets\/#breadcrumb"},"inLanguage":"fr-FR","potentialAction":[{"@type":"ReadAction","target":["https:\/\/www.thebucketshop.ca\/fr\/avantages-pour-la-clientele\/godets\/"]}]},{"@type":"ImageObject","inLanguage":"fr-FR","@id":"https:\/\/www.thebucketshop.ca\/fr\/avantages-pour-la-clientele\/godets\/#primaryimage","url":"http:\/\/www.thebucketshop.ca\/wp-content\/uploads\/2018\/07\/2-piece.jpg","contentUrl":"http:\/\/www.thebucketshop.ca\/wp-content\/uploads\/2018\/07\/2-piece.jpg"},{"@type":"BreadcrumbList","@id":"https:\/\/www.thebucketshop.ca\/fr\/avantages-pour-la-clientele\/godets\/#breadcrumb","itemListElement":[{"@type":"ListItem","position":1,"name":"Home","item":"https:\/\/www.thebucketshop.ca\/fr\/"},{"@type":"ListItem","position":2,"name":"Avantages pour la client\u00e8le","item":"https:\/\/www.thebucketshop.ca\/fr\/avantages-pour-la-clientele\/"},{"@type":"ListItem","position":3,"name":"Godets"}]},{"@type":"WebSite","@id":"https:\/\/www.thebucketshop.ca\/#website","url":"https:\/\/www.thebucketshop.ca\/","name":"The Bucket Shop Inc.","description":"","publisher":{"@id":"https:\/\/www.thebucketshop.ca\/#organization"},"potentialAction":[{"@type":"SearchAction","target":{"@type":"EntryPoint","urlTemplate":"https:\/\/www.thebucketshop.ca\/?s={search_term_string}"},"query-input":{"@type":"PropertyValueSpecification","valueRequired":true,"valueName":"search_term_string"}}],"inLanguage":"fr-FR"},{"@type":"Organization","@id":"https:\/\/www.thebucketshop.ca\/#organization","name":"The Bucket Shop Inc.","url":"https:\/\/www.thebucketshop.ca\/","logo":{"@type":"ImageObject","inLanguage":"fr-FR","@id":"https:\/\/www.thebucketshop.ca\/#\/schema\/logo\/image\/","url":"https:\/\/www.thebucketshop.ca\/wp-content\/uploads\/2018\/07\/logo-tbs.png","contentUrl":"https:\/\/www.thebucketshop.ca\/wp-content\/uploads\/2018\/07\/logo-tbs.png","width":215,"height":99,"caption":"The Bucket Shop Inc."},"image":{"@id":"https:\/\/www.thebucketshop.ca\/#\/schema\/logo\/image\/"},"sameAs":["https:\/\/www.facebook.com\/thebucketshop\/","https:\/\/x.com\/BucketShopInc","https:\/\/www.linkedin.com\/company\/the-bucket-shop-group","https:\/\/www.youtube.com\/channel\/UCls0XRmolU1yncaAwx6Y-yA"]}]}},"_links":{"self":[{"href":"https:\/\/www.thebucketshop.ca\/fr\/wp-json\/wp\/v2\/pages\/2276","targetHints":{"allow":["GET"]}}],"collection":[{"href":"https:\/\/www.thebucketshop.ca\/fr\/wp-json\/wp\/v2\/pages"}],"about":[{"href":"https:\/\/www.thebucketshop.ca\/fr\/wp-json\/wp\/v2\/types\/page"}],"author":[{"embeddable":true,"href":"https:\/\/www.thebucketshop.ca\/fr\/wp-json\/wp\/v2\/users\/1"}],"replies":[{"embeddable":true,"href":"https:\/\/www.thebucketshop.ca\/fr\/wp-json\/wp\/v2\/comments?post=2276"}],"version-history":[{"count":1,"href":"https:\/\/www.thebucketshop.ca\/fr\/wp-json\/wp\/v2\/pages\/2276\/revisions"}],"predecessor-version":[{"id":2278,"href":"https:\/\/www.thebucketshop.ca\/fr\/wp-json\/wp\/v2\/pages\/2276\/revisions\/2278"}],"up":[{"embeddable":true,"href":"https:\/\/www.thebucketshop.ca\/fr\/wp-json\/wp\/v2\/pages\/2258"}],"wp:attachment":[{"href":"https:\/\/www.thebucketshop.ca\/fr\/wp-json\/wp\/v2\/media?parent=2276"}],"curies":[{"name":"wp","href":"https:\/\/api.w.org\/{rel}","templated":true}]}}