{"id":2258,"date":"2018-09-05T10:29:04","date_gmt":"2018-09-05T14:29:04","guid":{"rendered":"http:\/\/www.thebucketshop.ca\/?page_id=2258"},"modified":"2018-09-13T13:10:03","modified_gmt":"2018-09-13T17:10:03","slug":"avantages-pour-la-clientele","status":"publish","type":"page","link":"https:\/\/www.thebucketshop.ca\/fr\/avantages-pour-la-clientele\/","title":{"rendered":"Avantages pour la client\u00e8le"},"content":{"rendered":"<ul class=\"services__items section__content\" style=\"background: url('http:\/\/www.thebucketshop.ca\/wp-content\/uploads\/2018\/07\/what-we-do-background.png');\">\n<li class=\"services__item services__item--1\">\n<div class=\"services__item__content clearfix\">\n<p><a href=\"http:\/\/www.thebucketshop.ca\/fr\/avantages-pour-la-clientele\/prets-a-monter-dassemblage-et-de-revetement-interieur-de-caisses-de-camion\/\"><img decoding=\"async\" class=\"services__item__image\" src=\"http:\/\/www.thebucketshop.ca\/wp-content\/uploads\/2018\/07\/truck-boxes.jpg\" \/><\/a><\/p>\n<div class=\"services__item__description\">\n<h3><a href=\"http:\/\/www.thebucketshop.ca\/fr\/avantages-pour-la-clientele\/prets-a-monter-dassemblage-et-de-revetement-interieur-de-caisses-de-camion\/\">CAISSES DE CAMIONS<\/a><\/h3>\n<p>Nous fournissons services complets d\u2019assemblage\u00a0 \u00a0 \u00a0 \u00a0<strong><a href=\"http:\/\/www.thebucketshop.ca\/fr\/avantages-pour-la-clientele\/prets-a-monter-dassemblage-et-de-revetement-interieur-de-caisses-de-camion\/\">Lire la suite&#8230;<\/a><\/strong><\/p>\n<\/div>\n<\/div>\n<\/li>\n<li class=\"services__item services__item--2\">\n<div class=\"services__item__content clearfix\">\n<p><a href=\"http:\/\/www.thebucketshop.ca\/fr\/avantages-pour-la-clientele\/projects-de-construction-sure-mesure\/\"><img decoding=\"async\" class=\"services__item__image\" src=\"http:\/\/www.thebucketshop.ca\/wp-content\/uploads\/2018\/07\/mill-maintenance.jpg\" \/><\/a><\/p>\n<div class=\"services__item__description\">\n<h3><a href=\"http:\/\/www.thebucketshop.ca\/fr\/avantages-pour-la-clientele\/projects-de-construction-sure-mesure\/\">Projets sur mesure<\/a><\/h3>\n<p>nous sommes bien \u00e9quip\u00e9s pour r\u00e9aliser des projets\u00a0\u00a0<a href=\"http:\/\/www.thebucketshop.ca\/fr\/avantages-pour-la-clientele\/projects-de-construction-sure-mesure\/\"><strong>Lire la suite..\u00a0<\/strong><\/a><\/p>\n<\/div>\n<\/div>\n<\/li>\n<li class=\"services__item services__item--3\">\n<div class=\"services__item__content clearfix\">\n<p><a href=\"http:\/\/www.thebucketshop.ca\/fr\/avantages-pour-la-clientele\/autres-series-de-produits\/\"><img decoding=\"async\" class=\"services__item__image\" src=\"http:\/\/www.thebucketshop.ca\/wp-content\/uploads\/2018\/07\/teeth.jpg\" \/><\/a><\/p>\n<div class=\"services__item__description\">\n<h3><a href=\"http:\/\/www.thebucketshop.ca\/fr\/avantages-pour-la-clientele\/autres-series-de-produits\/\">Autres produits<\/a><\/h3>\n<p>Nous avons des s\u00e9ries de produits compl\u00e9mentaires pour appuyer\u00a0<a href=\"http:\/\/www.thebucketshop.ca\/fr\/avantages-pour-la-clientele\/autres-series-de-produits\/\">\u00a0 \u00a0 \u00a0 \u00a0 \u00a0\u00a0<strong>Lire la suite..\u00a0<\/strong><\/a><\/p>\n<\/div>\n<\/div>\n<\/li>\n<li class=\"services__item services__item--4 services__item--right\">\n<div class=\"services__item__content clearfix\">\n<p><a href=\"http:\/\/www.thebucketshop.ca\/fr\/avantages-pour-la-clientele\/services-specialises\/\"><img decoding=\"async\" class=\"services__item__image\" src=\"http:\/\/www.thebucketshop.ca\/wp-content\/uploads\/2018\/07\/cnc-tbs.jpg\" \/><\/a><\/p>\n<div class=\"services__item__description\">\n<h3><a href=\"http:\/\/www.thebucketshop.ca\/fr\/avantages-pour-la-clientele\/services-specialises\/\">Services sp\u00e9cialis\u00e9s<\/a><\/h3>\n<p>Gr\u00e2ce \u00e0 notre capacit\u00e9 accrue, nous pouvons offrir des services \u00e0 la client\u00e8le\u00a0<a href=\"http:\/\/www.thebucketshop.ca\/fr\/avantages-pour-la-clientele\/services-specialises\/\"><strong>Lire la suite..\u00a0<\/strong><\/a><\/p>\n<\/div>\n<\/div>\n<\/li>\n<li class=\"services__item services__item--5 services__item--right\">\n<div class=\"services__item__content clearfix\">\n<p><a href=\"http:\/\/www.thebucketshop.ca\/fr\/avantages-pour-la-clientele\/innovations\/\"><img decoding=\"async\" class=\"services__item__image\" src=\"http:\/\/www.thebucketshop.ca\/wp-content\/uploads\/2018\/07\/tbs-1000-thumb.jpg\" \/><\/a><\/p>\n<div class=\"services__item__description\">\n<h3><a href=\"http:\/\/www.thebucketshop.ca\/fr\/avantages-pour-la-clientele\/innovations\/\">Innovations TBS<\/a><\/h3>\n<p>Nous pouvons consid\u00e9rablement r\u00e9duire les co\u00fbts li\u00e9s\u00a0 \u00a0<a href=\"http:\/\/www.thebucketshop.ca\/fr\/avantages-pour-la-clientele\/innovations\/\"><strong>Lire la suite&#8230;<\/strong><\/a><\/p>\n<\/div>\n<\/div>\n<\/li>\n<li class=\"services__item services__item--6 services__item--right\">\n<div class=\"services__item__content clearfix\">\n<p><a href=\"http:\/\/www.thebucketshop.ca\/fr\/avantages-pour-la-clientele\/godets\/\"><img decoding=\"async\" class=\"services__item__image\" src=\"http:\/\/www.thebucketshop.ca\/wp-content\/uploads\/2018\/07\/custom-builds.jpg\" \/><\/a><\/p>\n<div class=\"services__item__description\">\n<h3><a href=\"http:\/\/www.thebucketshop.ca\/fr\/avantages-pour-la-clientele\/godets\/\">GODETS<\/a><\/h3>\n<p>Nous avons con\u00e7u une extr\u00e9mit\u00e9 avant fix\u00e9e m\u00e9caniquement <strong><a href=\"http:\/\/www.thebucketshop.ca\/fr\/avantages-pour-la-clientele\/godets\/\">\u00a0Lire la suite..\u00a0\u00a0<\/a><\/strong><\/p>\n<\/div>\n<\/div>\n<\/li>\n<\/ul>\n<p>&nbsp;<\/p>\n<div class=\"row-full\">\n<h1 style=\"text-align: center;\"><span style=\"color: #ffffff;\">T\u00e9moignages<\/span><\/h1>\n<\/div>\n<h4>COMPAGNIE DE CONSTRUCTION (ONTARIO) \u2013 REMPLACEMENT DE GODETS ET DE PRODUITS D\u2019USURE<\/h4>\n<blockquote><p>\u201cIn our busy work lives, few take the time to acknowledge the good and jump on the bad. I would personally like to thank Ross and all the staff at The Bucket Shop for giving us the SERVICE you said you would give us when we first spoke. In closing\u2026THANK YOU for walking the talk\u201d<\/p><\/blockquote>\n<h4>MINE DE NICKEL (ONTARIO) \u2013 AM\u00c9LIORATION DE GODETS DE BENNES \u00c0 GODETS SOUTERRAINES<\/h4>\n<blockquote><p>\u201cThe Bucket Shop Sales Staff were very helpful in helping us select the right product to meet our mining needs. Upon delivery, we were very impressed with the quality of workmanship and equally impressed that the work was complete before the scheduled delivery date. We look forward to a continued partnership with The Bucket Shop\u201d<\/p><\/blockquote>\n<h4>COMPAGNIE D\u2019ASPHALTAGE (ONTARIO) \u2013 AJOUT DE PRODUITS D\u2019USURE \u00c0 DU MAT\u00c9RIEL DE CONSTRUCTION<\/h4>\n<blockquote><p>\u201cAs the manager of The Miller Group&#8217;s Timmins based operations I have had the pleasure of working with the Bucket Shop\/ Steeltec for a number of years. Their attention to detail, quality and customer service is unsurpassed. Miller continues to realize the regular savings of reduced downtime and extended lifecycles of our high wear components. Thanks to a wide variety of specialized wear materials and products we have accomplished what was once thought to be impossible.\u201d<\/p><\/blockquote>\n<h4>MINE D\u2019OR SOUTERRAINE (ONTARIO) \u2013 ESSAI DE PRODUITS D\u2019USURE ET GODETS \u00c0 2 PI\u00c8CES<\/h4>\n<blockquote><p>\u201cWe are using your heel castings and they are a superior product no question. It&#8217;s great to see a mechanical bucket which will greatly reduce down times. Your company castings are some of the best we have used, especially in the punishing conditions we put them through\u201d<\/p><\/blockquote>\n<h4>MINE D\u2019OR SOUTERRAINE (ONTARIO) \u2013 CONVERSION DE GODETS \u00c0 2 PI\u00c8CES<\/h4>\n<blockquote><p>\u201cWe converted our fleet of 12 CAT R2900\u2019s to the 2-piece TBS bucket using their 1000 lip system and are very happy and would never switch back.\u201d<\/p><\/blockquote>\n<h4>MINE D\u2019OR \u00c0 CIEL OUVERT (ONTARIO) \u2013 PROGRAMME DE R\u00c9PARATION DE CAISSE DE CAMION CAT 777<\/h4>\n<blockquote><p>\u201cMike led another safe and productive session at our mine site! The scope of work was executed flawlessly around the clock to minimize downtime and in these financially trying times we never had to buy any material as he was able to use liners and pieces left over from last year\u2019s box repair blitz. More than one person mentioned it would be nice if all contractors worked that professionally! Please pencil us in for next spring\/summer for an audit and repair session. Hats off to Mike and his crew!\u201d<\/p><\/blockquote>\n<h4>COMPAGNIE DE G\u00c9NIE MINIER ET DE CONSULTATION MINI\u00c8RE, CANADA \u2013 GODETS \u00c0 DEUX PI\u00c8CES ET SOLUTIONS CONTRE L\u2019USURE<\/h4>\n<blockquote><p>\u201cWith a great deal of success, we&#8217;ve employed The Bucket Shop Group for the past five years, to convert our full underground scoop bucket fleet to two-piece mechanical units. All our ST08&#8217;s, Toro&#8217;s, 700M&#8217;s and 6 yard buckets are all performing very well and have exceeded all expectation. Over the past five years, we&#8217;ve benefited greatly using The Bucket Shop&#8217;s two-piece system and would like to explain why,<\/p>\n<p>Ease of front end change outs. A bucket can be made ready to go back to work once the lip is worn in under 3 hours. The savings in labour and down time alone has provided huge cost saving results.<\/p>\n<p>We&#8217;ve complimented our bucket fleet with a suitable amount of spare front ends to ensure there&#8217;s always one available when the need arises. The Bucket Shop, having our best interest in mind have also made stock available to suit our interval needs.<br \/>\nEach front end is built up using their TBS range of lip castings. The TBS 1000 has delivered a 30% increase in service life and with continued design enhancement efforts, we expect to see even further life cycles.<\/p>\n<p>To combat basket wear, we only use their TBS85 HiPER Heel castings. This attention to detail has enabled our company to benefit from having 3 &#8211; 4 front end change outs to one basket overhaul. The savings seen by having the right wear products on our buckets continues to be the driving factor in our success at reducing costs.<\/p>\n<p>No charge delivery service, exceptional sales support and a complete understanding of our business needs, are also key indicators that support our claim that The Bucket Shop is the company to align with.\u201d<\/p><\/blockquote>\n","protected":false},"excerpt":{"rendered":"<p>CAISSES DE CAMIONS Nous fournissons services complets d\u2019assemblage\u00a0 \u00a0 \u00a0 \u00a0Lire la suite&#8230; Projets sur mesure nous sommes bien \u00e9quip\u00e9s pour r\u00e9aliser des projets\u00a0\u00a0Lire la&hellip; <\/p>\n<p><a href=\"https:\/\/www.thebucketshop.ca\/fr\/avantages-pour-la-clientele\/\" class=\"more-link\">Continue reading &raquo; <span class=\"screen-reader-text\">Avantages pour la client\u00e8le<\/span><\/a><\/p>\n","protected":false},"author":1,"featured_media":0,"parent":0,"menu_order":0,"comment_status":"closed","ping_status":"closed","template":"page-templates\/wide.php","meta":{"_exactmetrics_skip_tracking":false,"_exactmetrics_sitenote_active":false,"_exactmetrics_sitenote_note":"","_exactmetrics_sitenote_category":0,"footnotes":""},"class_list":["post-2258","page","type-page","status-publish","hentry"],"yoast_head":"<!-- This site is optimized with the Yoast SEO Premium plugin v22.3 (Yoast SEO v27.6) - https:\/\/yoast.com\/product\/yoast-seo-premium-wordpress\/ -->\n<title>Avantages pour la client\u00e8le | The Bucket Shop Inc.<\/title>\n<meta name=\"robots\" content=\"index, follow, max-snippet:-1, max-image-preview:large, max-video-preview:-1\" \/>\n<link rel=\"canonical\" href=\"https:\/\/www.thebucketshop.ca\/fr\/avantages-pour-la-clientele\/\" \/>\n<meta property=\"og:locale\" content=\"fr_FR\" \/>\n<meta property=\"og:type\" content=\"article\" \/>\n<meta property=\"og:title\" content=\"Avantages pour la client\u00e8le\" \/>\n<meta property=\"og:description\" content=\"CAISSES DE CAMIONS Nous fournissons services complets d\u2019assemblage\u00a0 \u00a0 \u00a0 \u00a0Lire la suite&#8230; Projets sur mesure nous sommes bien \u00e9quip\u00e9s pour r\u00e9aliser des projets\u00a0\u00a0Lire la&hellip; Continue reading &raquo; Avantages pour la client\u00e8le\" \/>\n<meta property=\"og:url\" content=\"https:\/\/www.thebucketshop.ca\/fr\/avantages-pour-la-clientele\/\" \/>\n<meta property=\"og:site_name\" content=\"The Bucket Shop Inc.\" \/>\n<meta property=\"article:publisher\" content=\"https:\/\/www.facebook.com\/thebucketshop\/\" \/>\n<meta property=\"article:modified_time\" content=\"2018-09-13T17:10:03+00:00\" \/>\n<meta property=\"og:image\" content=\"http:\/\/www.thebucketshop.ca\/wp-content\/uploads\/2018\/07\/truck-boxes.jpg\" \/>\n<meta name=\"twitter:card\" content=\"summary_large_image\" \/>\n<meta name=\"twitter:site\" content=\"@BucketShopInc\" \/>\n<meta name=\"twitter:label1\" content=\"Est. reading time\" \/>\n\t<meta name=\"twitter:data1\" content=\"4 minutes\" \/>\n<script type=\"application\/ld+json\" class=\"yoast-schema-graph\">{\"@context\":\"https:\\\/\\\/schema.org\",\"@graph\":[{\"@type\":\"WebPage\",\"@id\":\"https:\\\/\\\/www.thebucketshop.ca\\\/fr\\\/avantages-pour-la-clientele\\\/\",\"url\":\"https:\\\/\\\/www.thebucketshop.ca\\\/fr\\\/avantages-pour-la-clientele\\\/\",\"name\":\"Avantages pour la client\u00e8le | The Bucket Shop Inc.\",\"isPartOf\":{\"@id\":\"https:\\\/\\\/www.thebucketshop.ca\\\/#website\"},\"primaryImageOfPage\":{\"@id\":\"https:\\\/\\\/www.thebucketshop.ca\\\/fr\\\/avantages-pour-la-clientele\\\/#primaryimage\"},\"image\":{\"@id\":\"https:\\\/\\\/www.thebucketshop.ca\\\/fr\\\/avantages-pour-la-clientele\\\/#primaryimage\"},\"thumbnailUrl\":\"http:\\\/\\\/www.thebucketshop.ca\\\/wp-content\\\/uploads\\\/2018\\\/07\\\/truck-boxes.jpg\",\"datePublished\":\"2018-09-05T14:29:04+00:00\",\"dateModified\":\"2018-09-13T17:10:03+00:00\",\"breadcrumb\":{\"@id\":\"https:\\\/\\\/www.thebucketshop.ca\\\/fr\\\/avantages-pour-la-clientele\\\/#breadcrumb\"},\"inLanguage\":\"fr-FR\",\"potentialAction\":[{\"@type\":\"ReadAction\",\"target\":[\"https:\\\/\\\/www.thebucketshop.ca\\\/fr\\\/avantages-pour-la-clientele\\\/\"]}]},{\"@type\":\"ImageObject\",\"inLanguage\":\"fr-FR\",\"@id\":\"https:\\\/\\\/www.thebucketshop.ca\\\/fr\\\/avantages-pour-la-clientele\\\/#primaryimage\",\"url\":\"http:\\\/\\\/www.thebucketshop.ca\\\/wp-content\\\/uploads\\\/2018\\\/07\\\/truck-boxes.jpg\",\"contentUrl\":\"http:\\\/\\\/www.thebucketshop.ca\\\/wp-content\\\/uploads\\\/2018\\\/07\\\/truck-boxes.jpg\"},{\"@type\":\"BreadcrumbList\",\"@id\":\"https:\\\/\\\/www.thebucketshop.ca\\\/fr\\\/avantages-pour-la-clientele\\\/#breadcrumb\",\"itemListElement\":[{\"@type\":\"ListItem\",\"position\":1,\"name\":\"Home\",\"item\":\"https:\\\/\\\/www.thebucketshop.ca\\\/fr\\\/\"},{\"@type\":\"ListItem\",\"position\":2,\"name\":\"Avantages pour la client\u00e8le\"}]},{\"@type\":\"WebSite\",\"@id\":\"https:\\\/\\\/www.thebucketshop.ca\\\/#website\",\"url\":\"https:\\\/\\\/www.thebucketshop.ca\\\/\",\"name\":\"The Bucket Shop Inc.\",\"description\":\"\",\"publisher\":{\"@id\":\"https:\\\/\\\/www.thebucketshop.ca\\\/#organization\"},\"potentialAction\":[{\"@type\":\"SearchAction\",\"target\":{\"@type\":\"EntryPoint\",\"urlTemplate\":\"https:\\\/\\\/www.thebucketshop.ca\\\/?s={search_term_string}\"},\"query-input\":{\"@type\":\"PropertyValueSpecification\",\"valueRequired\":true,\"valueName\":\"search_term_string\"}}],\"inLanguage\":\"fr-FR\"},{\"@type\":\"Organization\",\"@id\":\"https:\\\/\\\/www.thebucketshop.ca\\\/#organization\",\"name\":\"The Bucket Shop Inc.\",\"url\":\"https:\\\/\\\/www.thebucketshop.ca\\\/\",\"logo\":{\"@type\":\"ImageObject\",\"inLanguage\":\"fr-FR\",\"@id\":\"https:\\\/\\\/www.thebucketshop.ca\\\/#\\\/schema\\\/logo\\\/image\\\/\",\"url\":\"https:\\\/\\\/www.thebucketshop.ca\\\/wp-content\\\/uploads\\\/2018\\\/07\\\/logo-tbs.png\",\"contentUrl\":\"https:\\\/\\\/www.thebucketshop.ca\\\/wp-content\\\/uploads\\\/2018\\\/07\\\/logo-tbs.png\",\"width\":215,\"height\":99,\"caption\":\"The Bucket Shop Inc.\"},\"image\":{\"@id\":\"https:\\\/\\\/www.thebucketshop.ca\\\/#\\\/schema\\\/logo\\\/image\\\/\"},\"sameAs\":[\"https:\\\/\\\/www.facebook.com\\\/thebucketshop\\\/\",\"https:\\\/\\\/x.com\\\/BucketShopInc\",\"https:\\\/\\\/www.linkedin.com\\\/company\\\/the-bucket-shop-group\",\"https:\\\/\\\/www.youtube.com\\\/channel\\\/UCls0XRmolU1yncaAwx6Y-yA\"]}]}<\/script>\n<!-- \/ Yoast SEO Premium plugin. -->","yoast_head_json":{"title":"Avantages pour la client\u00e8le | The Bucket Shop Inc.","robots":{"index":"index","follow":"follow","max-snippet":"max-snippet:-1","max-image-preview":"max-image-preview:large","max-video-preview":"max-video-preview:-1"},"canonical":"https:\/\/www.thebucketshop.ca\/fr\/avantages-pour-la-clientele\/","og_locale":"fr_FR","og_type":"article","og_title":"Avantages pour la client\u00e8le","og_description":"CAISSES DE CAMIONS Nous fournissons services complets d\u2019assemblage\u00a0 \u00a0 \u00a0 \u00a0Lire la suite&#8230; Projets sur mesure nous sommes bien \u00e9quip\u00e9s pour r\u00e9aliser des projets\u00a0\u00a0Lire la&hellip; Continue reading &raquo; Avantages pour la client\u00e8le","og_url":"https:\/\/www.thebucketshop.ca\/fr\/avantages-pour-la-clientele\/","og_site_name":"The Bucket Shop Inc.","article_publisher":"https:\/\/www.facebook.com\/thebucketshop\/","article_modified_time":"2018-09-13T17:10:03+00:00","og_image":[{"url":"http:\/\/www.thebucketshop.ca\/wp-content\/uploads\/2018\/07\/truck-boxes.jpg","type":"","width":"","height":""}],"twitter_card":"summary_large_image","twitter_site":"@BucketShopInc","twitter_misc":{"Est. reading time":"4 minutes"},"schema":{"@context":"https:\/\/schema.org","@graph":[{"@type":"WebPage","@id":"https:\/\/www.thebucketshop.ca\/fr\/avantages-pour-la-clientele\/","url":"https:\/\/www.thebucketshop.ca\/fr\/avantages-pour-la-clientele\/","name":"Avantages pour la client\u00e8le | The Bucket Shop Inc.","isPartOf":{"@id":"https:\/\/www.thebucketshop.ca\/#website"},"primaryImageOfPage":{"@id":"https:\/\/www.thebucketshop.ca\/fr\/avantages-pour-la-clientele\/#primaryimage"},"image":{"@id":"https:\/\/www.thebucketshop.ca\/fr\/avantages-pour-la-clientele\/#primaryimage"},"thumbnailUrl":"http:\/\/www.thebucketshop.ca\/wp-content\/uploads\/2018\/07\/truck-boxes.jpg","datePublished":"2018-09-05T14:29:04+00:00","dateModified":"2018-09-13T17:10:03+00:00","breadcrumb":{"@id":"https:\/\/www.thebucketshop.ca\/fr\/avantages-pour-la-clientele\/#breadcrumb"},"inLanguage":"fr-FR","potentialAction":[{"@type":"ReadAction","target":["https:\/\/www.thebucketshop.ca\/fr\/avantages-pour-la-clientele\/"]}]},{"@type":"ImageObject","inLanguage":"fr-FR","@id":"https:\/\/www.thebucketshop.ca\/fr\/avantages-pour-la-clientele\/#primaryimage","url":"http:\/\/www.thebucketshop.ca\/wp-content\/uploads\/2018\/07\/truck-boxes.jpg","contentUrl":"http:\/\/www.thebucketshop.ca\/wp-content\/uploads\/2018\/07\/truck-boxes.jpg"},{"@type":"BreadcrumbList","@id":"https:\/\/www.thebucketshop.ca\/fr\/avantages-pour-la-clientele\/#breadcrumb","itemListElement":[{"@type":"ListItem","position":1,"name":"Home","item":"https:\/\/www.thebucketshop.ca\/fr\/"},{"@type":"ListItem","position":2,"name":"Avantages pour la client\u00e8le"}]},{"@type":"WebSite","@id":"https:\/\/www.thebucketshop.ca\/#website","url":"https:\/\/www.thebucketshop.ca\/","name":"The Bucket Shop Inc.","description":"","publisher":{"@id":"https:\/\/www.thebucketshop.ca\/#organization"},"potentialAction":[{"@type":"SearchAction","target":{"@type":"EntryPoint","urlTemplate":"https:\/\/www.thebucketshop.ca\/?s={search_term_string}"},"query-input":{"@type":"PropertyValueSpecification","valueRequired":true,"valueName":"search_term_string"}}],"inLanguage":"fr-FR"},{"@type":"Organization","@id":"https:\/\/www.thebucketshop.ca\/#organization","name":"The Bucket Shop Inc.","url":"https:\/\/www.thebucketshop.ca\/","logo":{"@type":"ImageObject","inLanguage":"fr-FR","@id":"https:\/\/www.thebucketshop.ca\/#\/schema\/logo\/image\/","url":"https:\/\/www.thebucketshop.ca\/wp-content\/uploads\/2018\/07\/logo-tbs.png","contentUrl":"https:\/\/www.thebucketshop.ca\/wp-content\/uploads\/2018\/07\/logo-tbs.png","width":215,"height":99,"caption":"The Bucket Shop Inc."},"image":{"@id":"https:\/\/www.thebucketshop.ca\/#\/schema\/logo\/image\/"},"sameAs":["https:\/\/www.facebook.com\/thebucketshop\/","https:\/\/x.com\/BucketShopInc","https:\/\/www.linkedin.com\/company\/the-bucket-shop-group","https:\/\/www.youtube.com\/channel\/UCls0XRmolU1yncaAwx6Y-yA"]}]}},"_links":{"self":[{"href":"https:\/\/www.thebucketshop.ca\/fr\/wp-json\/wp\/v2\/pages\/2258","targetHints":{"allow":["GET"]}}],"collection":[{"href":"https:\/\/www.thebucketshop.ca\/fr\/wp-json\/wp\/v2\/pages"}],"about":[{"href":"https:\/\/www.thebucketshop.ca\/fr\/wp-json\/wp\/v2\/types\/page"}],"author":[{"embeddable":true,"href":"https:\/\/www.thebucketshop.ca\/fr\/wp-json\/wp\/v2\/users\/1"}],"replies":[{"embeddable":true,"href":"https:\/\/www.thebucketshop.ca\/fr\/wp-json\/wp\/v2\/comments?post=2258"}],"version-history":[{"count":16,"href":"https:\/\/www.thebucketshop.ca\/fr\/wp-json\/wp\/v2\/pages\/2258\/revisions"}],"predecessor-version":[{"id":2585,"href":"https:\/\/www.thebucketshop.ca\/fr\/wp-json\/wp\/v2\/pages\/2258\/revisions\/2585"}],"wp:attachment":[{"href":"https:\/\/www.thebucketshop.ca\/fr\/wp-json\/wp\/v2\/media?parent=2258"}],"curies":[{"name":"wp","href":"https:\/\/api.w.org\/{rel}","templated":true}]}}