{"id":3073,"date":"2018-10-12T14:13:38","date_gmt":"2018-10-12T18:13:38","guid":{"rendered":"http:\/\/www.thebucketshop.ca\/?page_id=3073"},"modified":"2018-10-15T13:50:46","modified_gmt":"2018-10-15T17:50:46","slug":"dispositivos-de-elevacion","status":"publish","type":"page","link":"https:\/\/www.thebucketshop.ca\/es\/beneficios-para-clientes\/innovaciones\/dispositivos-de-elevacion\/","title":{"rendered":"Dispositivos De Elevaci\u00f3n"},"content":{"rendered":"<div class=\"grid\">\n<div class=\"column two-third\">\n<h1 style=\"margin-top: 0;\">DISPOSITIVOS DE ELEVACI\u00d3N TBS<\/h1>\n<p>Nuestros anillos de ingenier\u00eda certificados son de acero CSA G40.21 44W y tienen un rango de carga de 1,000 a 20,000 libras. Ofrecemos los anillos en forma de A y D, y proporcionamos las especificaciones de soldadura para la instalaci\u00f3n.<\/p>\n<div>\n<h3>Dispositivos de elevaci\u00f3n de ingenier\u00eda<\/h3>\n<div class=\"download__item_small\">\n<div class=\"column one-half download__item\">\n<div class=\"left\"><a href=\"http:\/\/www.thebucketshop.ca\/wp-content\/uploads\/2018\/07\/Engineered-Lifting-Devices.pdf\" target=\"_blank\" rel=\"noopener\"><img decoding=\"async\" src=\"http:\/\/www.thebucketshop.ca\/wp-content\/uploads\/2018\/07\/lifting-devices-thumb.jpg\" alt=\"\" \/><\/a><\/div>\n<div class=\"entry-text\">\n<h5>DISPOSITIVOS DE ELEVACI\u00d3N DE INGENIER\u00cdA TBS<\/h5>\n<p><a class=\"download\" href=\"http:\/\/www.thebucketshop.ca\/wp-content\/uploads\/2018\/07\/Engineered-Lifting-Devices.pdf\"><i class=\"icon icon-download icon_small\"><\/i>Descargue<\/a><\/p>\n<\/div>\n<\/div>\n<\/div>\n<\/div>\n<\/div>\n<div class=\"column one-third\"><img decoding=\"async\" src=\"http:\/\/www.thebucketshop.ca\/wp-content\/uploads\/2018\/07\/lifting-devices.jpg\" alt=\"\" \/><\/div>\n<\/div>\n<h2>PRODUCTOS &#8211; Galer\u00eda de fotos<\/h2>\n\n\t\t<style type='text\/css'>\n\t\tdiv#sp-wp-carousel-pro-id-6a0877b998a3e.wcp-gallery-section .slick-prev, \n\t\tdiv#sp-wp-carousel-pro-id-6a0877b998a3e.wcp-gallery-section .slick-next{\n\t\t\tmargin-top: -15px;\n\t\t\tcolor: #888888;\n\t\t}\n\t\tdiv#sp-wp-carousel-pro-id-6a0877b998a3e.wcp-gallery-section .slick-prev:hover, \n\t\tdiv#sp-wp-carousel-pro-id-6a0877b998a3e.wcp-gallery-section .slick-next:hover{\n\t\t\tcolor: #5dc8d0;\n\t\t}\n\t\tdiv#sp-wp-carousel-pro-id-6a0877b998a3e.wcp-gallery-section ul.slick-dots li button{\n\t\t\tbackground-color: #cccccc;\n\t\t}\n\t\tdiv#sp-wp-carousel-pro-id-6a0877b998a3e.wcp-gallery-section ul.slick-dots li.slick-active button{\n\t\t\tbackground-color: #5dc8d0;\n\t\t}\n\t\tdiv#sp-wp-carousel-pro-id-6a0877b998a3e.wcp-gallery-section .single_wcp_item{\n\t\t\tmargin: 0 10px;\n\t\t}\n\t\tdiv#sp-wp-carousel-pro-id-6a0877b998a3e.wcp-gallery-section .single_wcp_item img{\n\t\t\t-webkit-transition: ease all 0.3s;\n\t\t\t-moz-transition: ease all 0.3s;\n\t\t\t-ms-transition: ease all 0.3s;\n\t\t\t-o-transition: ease all 0.3s;\n\t\t\ttransition: ease all 0.3s;\n\t\t\tmax-width: 100%;\n\t\t}\n\t\tdiv#sp-wp-carousel-pro-id-6a0877b998a3e.wcp-gallery-section .single_wcp_item .wcp_s_item_caption .wcp_s_item_overlay{\n\t\t\tbackground: none repeat scroll 0 0 #000000;\n\t\t}<\/style><script type='text\/javascript'>\n\t\tjQuery(document).ready(function() {\n\t\t    jQuery('#sp-wp-carousel-pro-id-6a0877b998a3e').slick({\n\t\t\t        infinite: true,\n\t\t\t        slidesToShow: 4,\n\t\t\t        slidesToScroll: 1,\n\t\t\t        prevArrow: \"<div class='slick-prev'><i class='fa fa-angle-left'><\/i><\/div>\",\n\t                nextArrow: \"<div class='slick-next'><i class='fa fa-angle-right'><\/i><\/div>\",\n\t\t\t        dots: false,\n\t\t\t        arrows: false,\n\t\t\t        pauseOnHover: true,\n\t\t\t        autoplay: true,\n\t\t\t        autoplaySpeed: 0,\n\t\t\t        speed: 2500,\n\t\t\t        adaptiveHeight: false,\n\t\t\t        draggable: true,\n\t\t\t        rtl: false,\n\t\t\t        cssEase: 'linear',\n\t\t\t        fade: false,\n\t\t            responsive: [\n\t\t\t\t\t\t    {\n\t\t\t\t\t\t      breakpoint: 1199,\n\t\t\t\t\t\t      settings: {\n\t\t\t\t\t\t        slidesToShow: 3\n\t\t\t\t\t\t      }\n\t\t\t\t\t\t    },\n\t\t\t\t\t\t    {\n\t\t\t\t\t\t      breakpoint: 979,\n\t\t\t\t\t\t      settings: {\n\t\t\t\t\t\t        slidesToShow: 3\n\t\t\t\t\t\t      }\n\t\t\t\t\t\t    },\n\t\t\t\t\t\t    {\n\t\t\t\t\t\t      breakpoint: 767,\n\t\t\t\t\t\t      settings: {\n\t\t\t\t\t\t        slidesToShow: 2\n\t\t\t\t\t\t      }\n\t\t\t\t\t\t    },\n\t\t\t\t\t\t    {\n\t\t\t\t\t\t      breakpoint: 479,\n\t\t\t\t\t\t      settings: {\n\t\t\t\t\t\t        slidesToShow: 1,\n\t\t\t\t\t\t        slidesToScroll: 1\n\t\t\t\t\t\t      }\n\t\t\t\t\t\t    }\n\t\t\t\t\t\t  ]\n\t\t        });\n\t\t var carouselss = ('#sp-wp-carousel-pro-id-6a0877b998a3e');\n\t\t\tjQuery(carouselss).magnificPopup({\n\t\t\t\ttype: 'image',\n\t\t\t\tcloseOnContentClick: false,\n\t            closeBtnInside: false,\n\t            mainClass: 'mfp-with-zoom mfp-img-mobile',\n\t            gallery: {\n\t                enabled: true\n\t            },\n\t            delegate: 'div:not(slick-cloned) a.wcp-light-box',\n\t            zoom: {\n\t                enabled: true,\n\t                duration: 300, \/\/ don't foget to change the duration also in CSS\n\t                opener: function(element) {\n\t                    return element.find('img');\n\t                }\n\t            },\n\t\t\t});\n\t\t});\n\t\t<\/script>\n\t\t\n\t\t<div id='sp-wp-carousel-pro-id-6a0877b998a3e' class='wcp-gallery-section' style='padding:0;'><div class=\"single_wcp_item\"><a class=\"wcp-light-box\" data-lightbox-gallery=\"wcp-gallery\" href=\"https:\/\/www.thebucketshop.ca\/wp-content\/uploads\/2018\/07\/D-Rings-001.jpg\"><img decoding=\"async\" src=\"https:\/\/www.thebucketshop.ca\/wp-content\/uploads\/2018\/07\/D-Rings-001-300x200.jpg\" alt=\"\" class=\"wcp-carousel-image\" \/><\/a><\/div><div class=\"single_wcp_item\"><a class=\"wcp-light-box\" data-lightbox-gallery=\"wcp-gallery\" href=\"https:\/\/www.thebucketshop.ca\/wp-content\/uploads\/2018\/07\/D-Rings-004.jpg\"><img decoding=\"async\" src=\"https:\/\/www.thebucketshop.ca\/wp-content\/uploads\/2018\/07\/D-Rings-004-300x200.jpg\" alt=\"\" class=\"wcp-carousel-image\" \/><\/a><\/div><div class=\"single_wcp_item\"><a class=\"wcp-light-box\" data-lightbox-gallery=\"wcp-gallery\" href=\"https:\/\/www.thebucketshop.ca\/wp-content\/uploads\/2018\/07\/D-Rings-005.jpg\"><img decoding=\"async\" src=\"https:\/\/www.thebucketshop.ca\/wp-content\/uploads\/2018\/07\/D-Rings-005-300x200.jpg\" alt=\"\" class=\"wcp-carousel-image\" \/><\/a><\/div><div class=\"single_wcp_item\"><a class=\"wcp-light-box\" data-lightbox-gallery=\"wcp-gallery\" href=\"https:\/\/www.thebucketshop.ca\/wp-content\/uploads\/2018\/07\/D-Rings-006.jpg\"><img decoding=\"async\" src=\"https:\/\/www.thebucketshop.ca\/wp-content\/uploads\/2018\/07\/D-Rings-006-300x200.jpg\" alt=\"\" class=\"wcp-carousel-image\" \/><\/a><\/div><div class=\"single_wcp_item\"><a class=\"wcp-light-box\" data-lightbox-gallery=\"wcp-gallery\" href=\"https:\/\/www.thebucketshop.ca\/wp-content\/uploads\/2018\/07\/D-Rings-007.jpg\"><img decoding=\"async\" src=\"https:\/\/www.thebucketshop.ca\/wp-content\/uploads\/2018\/07\/D-Rings-007-300x200.jpg\" alt=\"\" class=\"wcp-carousel-image\" \/><\/a><\/div><div class=\"single_wcp_item\"><a class=\"wcp-light-box\" data-lightbox-gallery=\"wcp-gallery\" href=\"https:\/\/www.thebucketshop.ca\/wp-content\/uploads\/2018\/07\/D-Rings-008.jpg\"><img decoding=\"async\" src=\"https:\/\/www.thebucketshop.ca\/wp-content\/uploads\/2018\/07\/D-Rings-008-300x200.jpg\" alt=\"\" class=\"wcp-carousel-image\" \/><\/a><\/div><div class=\"single_wcp_item\"><a class=\"wcp-light-box\" data-lightbox-gallery=\"wcp-gallery\" href=\"https:\/\/www.thebucketshop.ca\/wp-content\/uploads\/2018\/07\/D-Rings-011.jpg\"><img decoding=\"async\" src=\"https:\/\/www.thebucketshop.ca\/wp-content\/uploads\/2018\/07\/D-Rings-011-300x200.jpg\" alt=\"\" class=\"wcp-carousel-image\" \/><\/a><\/div><div class=\"single_wcp_item\"><a class=\"wcp-light-box\" data-lightbox-gallery=\"wcp-gallery\" href=\"https:\/\/www.thebucketshop.ca\/wp-content\/uploads\/2018\/07\/D-Rings-012.jpg\"><img decoding=\"async\" src=\"https:\/\/www.thebucketshop.ca\/wp-content\/uploads\/2018\/07\/D-Rings-012-300x200.jpg\" alt=\"\" class=\"wcp-carousel-image\" \/><\/a><\/div><div class=\"single_wcp_item\"><a class=\"wcp-light-box\" data-lightbox-gallery=\"wcp-gallery\" href=\"https:\/\/www.thebucketshop.ca\/wp-content\/uploads\/2018\/07\/D-Rings-014.jpg\"><img decoding=\"async\" src=\"https:\/\/www.thebucketshop.ca\/wp-content\/uploads\/2018\/07\/D-Rings-014-300x200.jpg\" alt=\"\" class=\"wcp-carousel-image\" \/><\/a><\/div><div class=\"single_wcp_item\"><a class=\"wcp-light-box\" data-lightbox-gallery=\"wcp-gallery\" href=\"https:\/\/www.thebucketshop.ca\/wp-content\/uploads\/2018\/07\/D-Rings-015.jpg\"><img decoding=\"async\" src=\"https:\/\/www.thebucketshop.ca\/wp-content\/uploads\/2018\/07\/D-Rings-015-300x200.jpg\" alt=\"\" class=\"wcp-carousel-image\" \/><\/a><\/div><div class=\"single_wcp_item\"><a class=\"wcp-light-box\" data-lightbox-gallery=\"wcp-gallery\" href=\"https:\/\/www.thebucketshop.ca\/wp-content\/uploads\/2018\/07\/D-Rings-016.jpg\"><img decoding=\"async\" src=\"https:\/\/www.thebucketshop.ca\/wp-content\/uploads\/2018\/07\/D-Rings-016-300x200.jpg\" alt=\"\" class=\"wcp-carousel-image\" \/><\/a><\/div><div class=\"single_wcp_item\"><a class=\"wcp-light-box\" data-lightbox-gallery=\"wcp-gallery\" href=\"https:\/\/www.thebucketshop.ca\/wp-content\/uploads\/2018\/07\/D-Rings-017.jpg\"><img decoding=\"async\" src=\"https:\/\/www.thebucketshop.ca\/wp-content\/uploads\/2018\/07\/D-Rings-017-300x200.jpg\" alt=\"\" class=\"wcp-carousel-image\" \/><\/a><\/div><div class=\"single_wcp_item\"><a class=\"wcp-light-box\" data-lightbox-gallery=\"wcp-gallery\" href=\"https:\/\/www.thebucketshop.ca\/wp-content\/uploads\/2018\/07\/D-Rings-018.jpg\"><img decoding=\"async\" src=\"https:\/\/www.thebucketshop.ca\/wp-content\/uploads\/2018\/07\/D-Rings-018-300x200.jpg\" alt=\"\" class=\"wcp-carousel-image\" \/><\/a><\/div><div class=\"single_wcp_item\"><a class=\"wcp-light-box\" data-lightbox-gallery=\"wcp-gallery\" href=\"https:\/\/www.thebucketshop.ca\/wp-content\/uploads\/2018\/07\/D-Rings-018-2.jpg\"><img decoding=\"async\" src=\"https:\/\/www.thebucketshop.ca\/wp-content\/uploads\/2018\/07\/D-Rings-018-2-300x200.jpg\" alt=\"\" class=\"wcp-carousel-image\" \/><\/a><\/div><div class=\"single_wcp_item\"><a class=\"wcp-light-box\" data-lightbox-gallery=\"wcp-gallery\" href=\"https:\/\/www.thebucketshop.ca\/wp-content\/uploads\/2018\/07\/D-Rings-019.jpg\"><img decoding=\"async\" src=\"https:\/\/www.thebucketshop.ca\/wp-content\/uploads\/2018\/07\/D-Rings-019-300x200.jpg\" alt=\"\" class=\"wcp-carousel-image\" \/><\/a><\/div><div class=\"single_wcp_item\"><a class=\"wcp-light-box\" data-lightbox-gallery=\"wcp-gallery\" href=\"https:\/\/www.thebucketshop.ca\/wp-content\/uploads\/2018\/07\/D-Rings-020.jpg\"><img decoding=\"async\" src=\"https:\/\/www.thebucketshop.ca\/wp-content\/uploads\/2018\/07\/D-Rings-020-300x200.jpg\" alt=\"\" class=\"wcp-carousel-image\" \/><\/a><\/div><div class=\"single_wcp_item\"><a class=\"wcp-light-box\" data-lightbox-gallery=\"wcp-gallery\" href=\"https:\/\/www.thebucketshop.ca\/wp-content\/uploads\/2018\/07\/IMG_6267.jpg\"><img decoding=\"async\" src=\"https:\/\/www.thebucketshop.ca\/wp-content\/uploads\/2018\/07\/IMG_6267-300x200.jpg\" alt=\"\" class=\"wcp-carousel-image\" \/><\/a><\/div><div class=\"single_wcp_item\"><a class=\"wcp-light-box\" data-lightbox-gallery=\"wcp-gallery\" href=\"https:\/\/www.thebucketshop.ca\/wp-content\/uploads\/2018\/07\/IMG_6269.jpg\"><img decoding=\"async\" src=\"https:\/\/www.thebucketshop.ca\/wp-content\/uploads\/2018\/07\/IMG_6269-300x200.jpg\" alt=\"\" class=\"wcp-carousel-image\" \/><\/a><\/div><div class=\"single_wcp_item\"><a class=\"wcp-light-box\" data-lightbox-gallery=\"wcp-gallery\" href=\"https:\/\/www.thebucketshop.ca\/wp-content\/uploads\/2018\/07\/IMG_6270.jpg\"><img decoding=\"async\" src=\"https:\/\/www.thebucketshop.ca\/wp-content\/uploads\/2018\/07\/IMG_6270-300x200.jpg\" alt=\"\" class=\"wcp-carousel-image\" \/><\/a><\/div><div class=\"single_wcp_item\"><a class=\"wcp-light-box\" data-lightbox-gallery=\"wcp-gallery\" href=\"https:\/\/www.thebucketshop.ca\/wp-content\/uploads\/2018\/07\/IMG_6272.jpg\"><img decoding=\"async\" src=\"https:\/\/www.thebucketshop.ca\/wp-content\/uploads\/2018\/07\/IMG_6272-300x200.jpg\" alt=\"\" class=\"wcp-carousel-image\" \/><\/a><\/div><div class=\"single_wcp_item\"><a class=\"wcp-light-box\" data-lightbox-gallery=\"wcp-gallery\" href=\"https:\/\/www.thebucketshop.ca\/wp-content\/uploads\/2018\/07\/IMG_6273.jpg\"><img decoding=\"async\" src=\"https:\/\/www.thebucketshop.ca\/wp-content\/uploads\/2018\/07\/IMG_6273-300x200.jpg\" alt=\"\" class=\"wcp-carousel-image\" \/><\/a><\/div><div class=\"single_wcp_item\"><a class=\"wcp-light-box\" data-lightbox-gallery=\"wcp-gallery\" href=\"https:\/\/www.thebucketshop.ca\/wp-content\/uploads\/2018\/07\/IMG_6277.jpg\"><img decoding=\"async\" src=\"https:\/\/www.thebucketshop.ca\/wp-content\/uploads\/2018\/07\/IMG_6277-300x200.jpg\" alt=\"\" class=\"wcp-carousel-image\" \/><\/a><\/div><div class=\"single_wcp_item\"><a class=\"wcp-light-box\" data-lightbox-gallery=\"wcp-gallery\" href=\"https:\/\/www.thebucketshop.ca\/wp-content\/uploads\/2018\/07\/IMG_6278.jpg\"><img decoding=\"async\" src=\"https:\/\/www.thebucketshop.ca\/wp-content\/uploads\/2018\/07\/IMG_6278-300x200.jpg\" alt=\"\" class=\"wcp-carousel-image\" \/><\/a><\/div><div class=\"single_wcp_item\"><a class=\"wcp-light-box\" data-lightbox-gallery=\"wcp-gallery\" href=\"https:\/\/www.thebucketshop.ca\/wp-content\/uploads\/2018\/07\/IMG_6283.jpg\"><img decoding=\"async\" src=\"https:\/\/www.thebucketshop.ca\/wp-content\/uploads\/2018\/07\/IMG_6283-300x200.jpg\" alt=\"\" class=\"wcp-carousel-image\" \/><\/a><\/div><div class=\"single_wcp_item\"><a class=\"wcp-light-box\" data-lightbox-gallery=\"wcp-gallery\" href=\"https:\/\/www.thebucketshop.ca\/wp-content\/uploads\/2018\/07\/IMG_6293.jpg\"><img decoding=\"async\" src=\"https:\/\/www.thebucketshop.ca\/wp-content\/uploads\/2018\/07\/IMG_6293-300x200.jpg\" alt=\"\" class=\"wcp-carousel-image\" \/><\/a><\/div><\/div>\n","protected":false},"excerpt":{"rendered":"<p>DISPOSITIVOS DE ELEVACI\u00d3N TBS Nuestros anillos de ingenier\u00eda certificados son de acero CSA G40.21 44W y tienen un rango de carga de 1,000 a 20,000&hellip; <\/p>\n<p><a href=\"https:\/\/www.thebucketshop.ca\/es\/beneficios-para-clientes\/innovaciones\/dispositivos-de-elevacion\/\" class=\"more-link\">Continue reading &raquo; <span class=\"screen-reader-text\">Dispositivos De Elevaci\u00f3n<\/span><\/a><\/p>\n","protected":false},"author":1,"featured_media":0,"parent":2808,"menu_order":0,"comment_status":"closed","ping_status":"closed","template":"page-templates\/wide.php","meta":{"_exactmetrics_skip_tracking":false,"_exactmetrics_sitenote_active":false,"_exactmetrics_sitenote_note":"","_exactmetrics_sitenote_category":0,"footnotes":""},"class_list":["post-3073","page","type-page","status-publish","hentry"],"yoast_head":"<!-- This site is optimized with the Yoast SEO Premium plugin v22.3 (Yoast SEO v27.6) - https:\/\/yoast.com\/product\/yoast-seo-premium-wordpress\/ -->\n<title>Dispositivos De Elevaci\u00f3n | The Bucket Shop Inc.<\/title>\n<meta name=\"robots\" content=\"index, follow, max-snippet:-1, max-image-preview:large, max-video-preview:-1\" \/>\n<link rel=\"canonical\" href=\"https:\/\/www.thebucketshop.ca\/es\/beneficios-para-clientes\/innovaciones\/dispositivos-de-elevacion\/\" \/>\n<meta property=\"og:locale\" content=\"es_ES\" \/>\n<meta property=\"og:type\" content=\"article\" \/>\n<meta property=\"og:title\" content=\"Dispositivos De Elevaci\u00f3n\" \/>\n<meta property=\"og:description\" content=\"DISPOSITIVOS DE ELEVACI\u00d3N TBS Nuestros anillos de ingenier\u00eda certificados son de acero CSA G40.21 44W y tienen un rango de carga de 1,000 a 20,000&hellip; Continue reading &raquo; Dispositivos De Elevaci\u00f3n\" \/>\n<meta property=\"og:url\" content=\"https:\/\/www.thebucketshop.ca\/es\/beneficios-para-clientes\/innovaciones\/dispositivos-de-elevacion\/\" \/>\n<meta property=\"og:site_name\" content=\"The Bucket Shop Inc.\" \/>\n<meta property=\"article:publisher\" content=\"https:\/\/www.facebook.com\/thebucketshop\/\" \/>\n<meta property=\"article:modified_time\" content=\"2018-10-15T17:50:46+00:00\" \/>\n<meta property=\"og:image\" content=\"http:\/\/www.thebucketshop.ca\/wp-content\/uploads\/2018\/07\/lifting-devices-thumb.jpg\" \/>\n<meta name=\"twitter:card\" content=\"summary_large_image\" \/>\n<meta name=\"twitter:site\" content=\"@BucketShopInc\" \/>\n<script type=\"application\/ld+json\" class=\"yoast-schema-graph\">{\"@context\":\"https:\\\/\\\/schema.org\",\"@graph\":[{\"@type\":\"WebPage\",\"@id\":\"https:\\\/\\\/www.thebucketshop.ca\\\/es\\\/beneficios-para-clientes\\\/innovaciones\\\/dispositivos-de-elevacion\\\/\",\"url\":\"https:\\\/\\\/www.thebucketshop.ca\\\/es\\\/beneficios-para-clientes\\\/innovaciones\\\/dispositivos-de-elevacion\\\/\",\"name\":\"Dispositivos De Elevaci\u00f3n | The Bucket Shop Inc.\",\"isPartOf\":{\"@id\":\"https:\\\/\\\/www.thebucketshop.ca\\\/#website\"},\"primaryImageOfPage\":{\"@id\":\"https:\\\/\\\/www.thebucketshop.ca\\\/es\\\/beneficios-para-clientes\\\/innovaciones\\\/dispositivos-de-elevacion\\\/#primaryimage\"},\"image\":{\"@id\":\"https:\\\/\\\/www.thebucketshop.ca\\\/es\\\/beneficios-para-clientes\\\/innovaciones\\\/dispositivos-de-elevacion\\\/#primaryimage\"},\"thumbnailUrl\":\"http:\\\/\\\/www.thebucketshop.ca\\\/wp-content\\\/uploads\\\/2018\\\/07\\\/lifting-devices-thumb.jpg\",\"datePublished\":\"2018-10-12T18:13:38+00:00\",\"dateModified\":\"2018-10-15T17:50:46+00:00\",\"breadcrumb\":{\"@id\":\"https:\\\/\\\/www.thebucketshop.ca\\\/es\\\/beneficios-para-clientes\\\/innovaciones\\\/dispositivos-de-elevacion\\\/#breadcrumb\"},\"inLanguage\":\"es-ES\",\"potentialAction\":[{\"@type\":\"ReadAction\",\"target\":[\"https:\\\/\\\/www.thebucketshop.ca\\\/es\\\/beneficios-para-clientes\\\/innovaciones\\\/dispositivos-de-elevacion\\\/\"]}]},{\"@type\":\"ImageObject\",\"inLanguage\":\"es-ES\",\"@id\":\"https:\\\/\\\/www.thebucketshop.ca\\\/es\\\/beneficios-para-clientes\\\/innovaciones\\\/dispositivos-de-elevacion\\\/#primaryimage\",\"url\":\"http:\\\/\\\/www.thebucketshop.ca\\\/wp-content\\\/uploads\\\/2018\\\/07\\\/lifting-devices-thumb.jpg\",\"contentUrl\":\"http:\\\/\\\/www.thebucketshop.ca\\\/wp-content\\\/uploads\\\/2018\\\/07\\\/lifting-devices-thumb.jpg\"},{\"@type\":\"BreadcrumbList\",\"@id\":\"https:\\\/\\\/www.thebucketshop.ca\\\/es\\\/beneficios-para-clientes\\\/innovaciones\\\/dispositivos-de-elevacion\\\/#breadcrumb\",\"itemListElement\":[{\"@type\":\"ListItem\",\"position\":1,\"name\":\"Home\",\"item\":\"https:\\\/\\\/www.thebucketshop.ca\\\/es\\\/\"},{\"@type\":\"ListItem\",\"position\":2,\"name\":\"Beneficios Para Clientes\",\"item\":\"https:\\\/\\\/www.thebucketshop.ca\\\/es\\\/beneficios-para-clientes\\\/\"},{\"@type\":\"ListItem\",\"position\":3,\"name\":\"Innovaciones\",\"item\":\"https:\\\/\\\/www.thebucketshop.ca\\\/es\\\/beneficios-para-clientes\\\/innovaciones\\\/\"},{\"@type\":\"ListItem\",\"position\":4,\"name\":\"Dispositivos De Elevaci\u00f3n\"}]},{\"@type\":\"WebSite\",\"@id\":\"https:\\\/\\\/www.thebucketshop.ca\\\/#website\",\"url\":\"https:\\\/\\\/www.thebucketshop.ca\\\/\",\"name\":\"The Bucket Shop Inc.\",\"description\":\"\",\"publisher\":{\"@id\":\"https:\\\/\\\/www.thebucketshop.ca\\\/#organization\"},\"potentialAction\":[{\"@type\":\"SearchAction\",\"target\":{\"@type\":\"EntryPoint\",\"urlTemplate\":\"https:\\\/\\\/www.thebucketshop.ca\\\/?s={search_term_string}\"},\"query-input\":{\"@type\":\"PropertyValueSpecification\",\"valueRequired\":true,\"valueName\":\"search_term_string\"}}],\"inLanguage\":\"es-ES\"},{\"@type\":\"Organization\",\"@id\":\"https:\\\/\\\/www.thebucketshop.ca\\\/#organization\",\"name\":\"The Bucket Shop Inc.\",\"url\":\"https:\\\/\\\/www.thebucketshop.ca\\\/\",\"logo\":{\"@type\":\"ImageObject\",\"inLanguage\":\"es-ES\",\"@id\":\"https:\\\/\\\/www.thebucketshop.ca\\\/#\\\/schema\\\/logo\\\/image\\\/\",\"url\":\"https:\\\/\\\/www.thebucketshop.ca\\\/wp-content\\\/uploads\\\/2018\\\/07\\\/logo-tbs.png\",\"contentUrl\":\"https:\\\/\\\/www.thebucketshop.ca\\\/wp-content\\\/uploads\\\/2018\\\/07\\\/logo-tbs.png\",\"width\":215,\"height\":99,\"caption\":\"The Bucket Shop Inc.\"},\"image\":{\"@id\":\"https:\\\/\\\/www.thebucketshop.ca\\\/#\\\/schema\\\/logo\\\/image\\\/\"},\"sameAs\":[\"https:\\\/\\\/www.facebook.com\\\/thebucketshop\\\/\",\"https:\\\/\\\/x.com\\\/BucketShopInc\",\"https:\\\/\\\/www.linkedin.com\\\/company\\\/the-bucket-shop-group\",\"https:\\\/\\\/www.youtube.com\\\/channel\\\/UCls0XRmolU1yncaAwx6Y-yA\"]}]}<\/script>\n<!-- \/ Yoast SEO Premium plugin. -->","yoast_head_json":{"title":"Dispositivos De Elevaci\u00f3n | The Bucket Shop Inc.","robots":{"index":"index","follow":"follow","max-snippet":"max-snippet:-1","max-image-preview":"max-image-preview:large","max-video-preview":"max-video-preview:-1"},"canonical":"https:\/\/www.thebucketshop.ca\/es\/beneficios-para-clientes\/innovaciones\/dispositivos-de-elevacion\/","og_locale":"es_ES","og_type":"article","og_title":"Dispositivos De Elevaci\u00f3n","og_description":"DISPOSITIVOS DE ELEVACI\u00d3N TBS Nuestros anillos de ingenier\u00eda certificados son de acero CSA G40.21 44W y tienen un rango de carga de 1,000 a 20,000&hellip; Continue reading &raquo; Dispositivos De Elevaci\u00f3n","og_url":"https:\/\/www.thebucketshop.ca\/es\/beneficios-para-clientes\/innovaciones\/dispositivos-de-elevacion\/","og_site_name":"The Bucket Shop Inc.","article_publisher":"https:\/\/www.facebook.com\/thebucketshop\/","article_modified_time":"2018-10-15T17:50:46+00:00","og_image":[{"url":"http:\/\/www.thebucketshop.ca\/wp-content\/uploads\/2018\/07\/lifting-devices-thumb.jpg","type":"","width":"","height":""}],"twitter_card":"summary_large_image","twitter_site":"@BucketShopInc","schema":{"@context":"https:\/\/schema.org","@graph":[{"@type":"WebPage","@id":"https:\/\/www.thebucketshop.ca\/es\/beneficios-para-clientes\/innovaciones\/dispositivos-de-elevacion\/","url":"https:\/\/www.thebucketshop.ca\/es\/beneficios-para-clientes\/innovaciones\/dispositivos-de-elevacion\/","name":"Dispositivos De Elevaci\u00f3n | The Bucket Shop Inc.","isPartOf":{"@id":"https:\/\/www.thebucketshop.ca\/#website"},"primaryImageOfPage":{"@id":"https:\/\/www.thebucketshop.ca\/es\/beneficios-para-clientes\/innovaciones\/dispositivos-de-elevacion\/#primaryimage"},"image":{"@id":"https:\/\/www.thebucketshop.ca\/es\/beneficios-para-clientes\/innovaciones\/dispositivos-de-elevacion\/#primaryimage"},"thumbnailUrl":"http:\/\/www.thebucketshop.ca\/wp-content\/uploads\/2018\/07\/lifting-devices-thumb.jpg","datePublished":"2018-10-12T18:13:38+00:00","dateModified":"2018-10-15T17:50:46+00:00","breadcrumb":{"@id":"https:\/\/www.thebucketshop.ca\/es\/beneficios-para-clientes\/innovaciones\/dispositivos-de-elevacion\/#breadcrumb"},"inLanguage":"es-ES","potentialAction":[{"@type":"ReadAction","target":["https:\/\/www.thebucketshop.ca\/es\/beneficios-para-clientes\/innovaciones\/dispositivos-de-elevacion\/"]}]},{"@type":"ImageObject","inLanguage":"es-ES","@id":"https:\/\/www.thebucketshop.ca\/es\/beneficios-para-clientes\/innovaciones\/dispositivos-de-elevacion\/#primaryimage","url":"http:\/\/www.thebucketshop.ca\/wp-content\/uploads\/2018\/07\/lifting-devices-thumb.jpg","contentUrl":"http:\/\/www.thebucketshop.ca\/wp-content\/uploads\/2018\/07\/lifting-devices-thumb.jpg"},{"@type":"BreadcrumbList","@id":"https:\/\/www.thebucketshop.ca\/es\/beneficios-para-clientes\/innovaciones\/dispositivos-de-elevacion\/#breadcrumb","itemListElement":[{"@type":"ListItem","position":1,"name":"Home","item":"https:\/\/www.thebucketshop.ca\/es\/"},{"@type":"ListItem","position":2,"name":"Beneficios Para Clientes","item":"https:\/\/www.thebucketshop.ca\/es\/beneficios-para-clientes\/"},{"@type":"ListItem","position":3,"name":"Innovaciones","item":"https:\/\/www.thebucketshop.ca\/es\/beneficios-para-clientes\/innovaciones\/"},{"@type":"ListItem","position":4,"name":"Dispositivos De Elevaci\u00f3n"}]},{"@type":"WebSite","@id":"https:\/\/www.thebucketshop.ca\/#website","url":"https:\/\/www.thebucketshop.ca\/","name":"The Bucket Shop Inc.","description":"","publisher":{"@id":"https:\/\/www.thebucketshop.ca\/#organization"},"potentialAction":[{"@type":"SearchAction","target":{"@type":"EntryPoint","urlTemplate":"https:\/\/www.thebucketshop.ca\/?s={search_term_string}"},"query-input":{"@type":"PropertyValueSpecification","valueRequired":true,"valueName":"search_term_string"}}],"inLanguage":"es-ES"},{"@type":"Organization","@id":"https:\/\/www.thebucketshop.ca\/#organization","name":"The Bucket Shop Inc.","url":"https:\/\/www.thebucketshop.ca\/","logo":{"@type":"ImageObject","inLanguage":"es-ES","@id":"https:\/\/www.thebucketshop.ca\/#\/schema\/logo\/image\/","url":"https:\/\/www.thebucketshop.ca\/wp-content\/uploads\/2018\/07\/logo-tbs.png","contentUrl":"https:\/\/www.thebucketshop.ca\/wp-content\/uploads\/2018\/07\/logo-tbs.png","width":215,"height":99,"caption":"The Bucket Shop Inc."},"image":{"@id":"https:\/\/www.thebucketshop.ca\/#\/schema\/logo\/image\/"},"sameAs":["https:\/\/www.facebook.com\/thebucketshop\/","https:\/\/x.com\/BucketShopInc","https:\/\/www.linkedin.com\/company\/the-bucket-shop-group","https:\/\/www.youtube.com\/channel\/UCls0XRmolU1yncaAwx6Y-yA"]}]}},"_links":{"self":[{"href":"https:\/\/www.thebucketshop.ca\/es\/wp-json\/wp\/v2\/pages\/3073","targetHints":{"allow":["GET"]}}],"collection":[{"href":"https:\/\/www.thebucketshop.ca\/es\/wp-json\/wp\/v2\/pages"}],"about":[{"href":"https:\/\/www.thebucketshop.ca\/es\/wp-json\/wp\/v2\/types\/page"}],"author":[{"embeddable":true,"href":"https:\/\/www.thebucketshop.ca\/es\/wp-json\/wp\/v2\/users\/1"}],"replies":[{"embeddable":true,"href":"https:\/\/www.thebucketshop.ca\/es\/wp-json\/wp\/v2\/comments?post=3073"}],"version-history":[{"count":3,"href":"https:\/\/www.thebucketshop.ca\/es\/wp-json\/wp\/v2\/pages\/3073\/revisions"}],"predecessor-version":[{"id":3076,"href":"https:\/\/www.thebucketshop.ca\/es\/wp-json\/wp\/v2\/pages\/3073\/revisions\/3076"}],"up":[{"embeddable":true,"href":"https:\/\/www.thebucketshop.ca\/es\/wp-json\/wp\/v2\/pages\/2808"}],"wp:attachment":[{"href":"https:\/\/www.thebucketshop.ca\/es\/wp-json\/wp\/v2\/media?parent=3073"}],"curies":[{"name":"wp","href":"https:\/\/api.w.org\/{rel}","templated":true}]}}