{"id":3044,"date":"2018-10-12T14:03:59","date_gmt":"2018-10-12T18:03:59","guid":{"rendered":"http:\/\/www.thebucketshop.ca\/?page_id=3044"},"modified":"2018-10-12T14:06:40","modified_gmt":"2018-10-12T18:06:40","slug":"cubiertas-protectoras-de-desgaste","status":"publish","type":"page","link":"https:\/\/www.thebucketshop.ca\/es\/beneficios-para-clientes\/innovaciones\/cubiertas-protectoras-de-desgaste\/","title":{"rendered":"Cubiertas Protectoras De Desgaste"},"content":{"rendered":"<div class=\"grid\">\n<div class=\"column two-third\">\n<h1 style=\"margin-top: 0;\">Extienda el ciclo de vida<\/h1>\n<p>Las industrias actuales de miner\u00eda y equipos pesados demandan calidad, rendimiento y valor en productos y servicios. Esto ha llevado al desarrollo de nuestra nueva l\u00ednea de productos de desgaste de alto rendimiento. Estamos proporcionando a los clientes lo \u00faltimo en componentes de fundici\u00f3n de calidad con inserciones opcionales a\u00f1adidas de laminado de aleaci\u00f3n especial. Esta placa laminada ofrece una alta resistencia al desgaste, flexibilidad, soldabilidad y mayor resistencia al impacto.<\/p>\n<p>Nuestras fundiciones para desgaste pueden soldarse de manera individual o unirse mec\u00e1nicamente atornilladas en grupo, de forma que el instalarlas sea f\u00e1cil y eficiente. Todos los productos de nuestra marca se someten a estrictas revisiones de calidad previo a la instalaci\u00f3n o entrega, por lo que puede mejorar su productividad con una garant\u00eda de tiempos de inactividad m\u00ednimos. En esencia, nuestras piezas fundidas de alto rendimiento extender\u00e1n dram\u00e1ticamente la vida de sus cucharones y aumentar\u00e1n el tiempo de servicio de su equipo.<\/p>\n<div>\n<h3>Descargue folletos<\/h3>\n<div class=\"download__item_small\">\n<div class=\"column one-half download__item\">\n<div class=\"left\"><a href=\"http:\/\/www.thebucketshop.ca\/wp-content\/uploads\/2018\/07\/Heel-Shrouds.pdf\" target=\"_blank\" rel=\"noopener\"><img decoding=\"async\" src=\"http:\/\/www.thebucketshop.ca\/wp-content\/uploads\/2018\/07\/heel-shroud-brochure.jpg\" alt=\"\" \/><\/a><\/div>\n<div class=\"entry-text\">\n<h5>CUBIERTAS PROTECTORAS DE DESGASTE TBS<\/h5>\n<p><a class=\"download\" href=\"http:\/\/www.thebucketshop.ca\/wp-content\/uploads\/2018\/07\/Heel-Shrouds.pdf\" target=\"_blank\" rel=\"noopener\"><i class=\"icon icon-download icon_small\"><\/i> Descargue <\/a><\/p>\n<\/div>\n<\/div>\n<\/div>\n<\/div>\n<\/div>\n<div class=\"column one-third\"><img decoding=\"async\" src=\"http:\/\/www.thebucketshop.ca\/wp-content\/uploads\/2018\/07\/heel-shrouds-feature.jpg\" alt=\"\" \/><\/div>\n<\/div>\n<h2 style=\"text-align: center;\">Cubiertas protectoras de desgaste para carga pesada<\/h2>\n<div class=\"grid services-2\">\n<div class=\"one-third column\">\n<p><img decoding=\"async\" src=\"http:\/\/www.thebucketshop.ca\/wp-content\/uploads\/2018\/07\/shroud-tbs-30.jpg\" alt=\"\" \/><\/p>\n<h3>TBS 30<\/h3>\n<\/div>\n<div class=\"one-third column\">\n<p><img decoding=\"async\" src=\"http:\/\/www.thebucketshop.ca\/wp-content\/uploads\/2018\/07\/shroud-tbs-44.jpg\" alt=\"\" \/><\/p>\n<h3>TBS 44<\/h3>\n<\/div>\n<div class=\"one-third column\">\n<p><img decoding=\"async\" src=\"http:\/\/www.thebucketshop.ca\/wp-content\/uploads\/2018\/07\/shroud-tbs-85.jpg\" alt=\"\" \/><\/p>\n<h3>TBS 85<\/h3>\n<\/div>\n<\/div>\n<h2 style=\"text-align: center;\">Cubiertas protectoras de uso extremo<\/h2>\n<div class=\"grid services-2\">\n<div class=\"one-third column\">\n<p><img decoding=\"async\" src=\"http:\/\/www.thebucketshop.ca\/wp-content\/uploads\/2018\/07\/shroud-tbs-40hr2.jpg\" alt=\"\" \/><\/p>\n<h3>TBS 40HR2<\/h3>\n<\/div>\n<div class=\"one-third column\">\n<p><img decoding=\"async\" src=\"http:\/\/www.thebucketshop.ca\/wp-content\/uploads\/2018\/07\/shroud-tbs-85hr2.jpg\" alt=\"\" \/><\/p>\n<h3>TBS 85HR2<\/h3>\n<\/div>\n<div class=\"one-third column\">\n<p><img decoding=\"async\" src=\"http:\/\/www.thebucketshop.ca\/wp-content\/uploads\/2018\/07\/shroud-tbs-150hr1.jpg\" alt=\"\" \/><\/p>\n<h3>TBS 150HR1<\/h3>\n<\/div>\n<\/div>\n<h2 style=\"text-align: center;\">Cubiertas protectoras atornilladas en grupo<\/h2>\n<div class=\"one-third column\">\n<p><img decoding=\"async\" src=\"http:\/\/www.thebucketshop.ca\/wp-content\/uploads\/2018\/07\/bolt-on-1.jpg\" alt=\"\" \/><\/p>\n<h3><\/h3>\n<\/div>\n<div class=\"one-third column\">\n<p><img decoding=\"async\" src=\"http:\/\/www.thebucketshop.ca\/wp-content\/uploads\/2018\/07\/bolt-on-2.jpg\" alt=\"\" \/><\/p>\n<h3><\/h3>\n<\/div>\n<div class=\"one-third column\">\n<p><img decoding=\"async\" src=\"http:\/\/www.thebucketshop.ca\/wp-content\/uploads\/2018\/07\/bolt-on-3.jpg\" alt=\"\" \/><\/p>\n<h3><\/h3>\n<\/div>\n<h2>PRODUCTOS \u2013 Galer\u00eda de fotos<\/h2>\n\n\t\t<style type='text\/css'>\n\t\tdiv#sp-wp-carousel-pro-id-69f5d89dc5363.wcp-gallery-section .slick-prev, \n\t\tdiv#sp-wp-carousel-pro-id-69f5d89dc5363.wcp-gallery-section .slick-next{\n\t\t\tmargin-top: -15px;\n\t\t\tcolor: #888888;\n\t\t}\n\t\tdiv#sp-wp-carousel-pro-id-69f5d89dc5363.wcp-gallery-section .slick-prev:hover, \n\t\tdiv#sp-wp-carousel-pro-id-69f5d89dc5363.wcp-gallery-section .slick-next:hover{\n\t\t\tcolor: #5dc8d0;\n\t\t}\n\t\tdiv#sp-wp-carousel-pro-id-69f5d89dc5363.wcp-gallery-section ul.slick-dots li button{\n\t\t\tbackground-color: #cccccc;\n\t\t}\n\t\tdiv#sp-wp-carousel-pro-id-69f5d89dc5363.wcp-gallery-section ul.slick-dots li.slick-active button{\n\t\t\tbackground-color: #5dc8d0;\n\t\t}\n\t\tdiv#sp-wp-carousel-pro-id-69f5d89dc5363.wcp-gallery-section .single_wcp_item{\n\t\t\tmargin: 0 10px;\n\t\t}\n\t\tdiv#sp-wp-carousel-pro-id-69f5d89dc5363.wcp-gallery-section .single_wcp_item img{\n\t\t\t-webkit-transition: ease all 0.3s;\n\t\t\t-moz-transition: ease all 0.3s;\n\t\t\t-ms-transition: ease all 0.3s;\n\t\t\t-o-transition: ease all 0.3s;\n\t\t\ttransition: ease all 0.3s;\n\t\t\tmax-width: 100%;\n\t\t}\n\t\tdiv#sp-wp-carousel-pro-id-69f5d89dc5363.wcp-gallery-section .single_wcp_item .wcp_s_item_caption .wcp_s_item_overlay{\n\t\t\tbackground: none repeat scroll 0 0 #000000;\n\t\t}<\/style><script type='text\/javascript'>\n\t\tjQuery(document).ready(function() {\n\t\t    jQuery('#sp-wp-carousel-pro-id-69f5d89dc5363').slick({\n\t\t\t        infinite: true,\n\t\t\t        slidesToShow: 4,\n\t\t\t        slidesToScroll: 1,\n\t\t\t        prevArrow: \"<div class='slick-prev'><i class='fa fa-angle-left'><\/i><\/div>\",\n\t                nextArrow: \"<div class='slick-next'><i class='fa fa-angle-right'><\/i><\/div>\",\n\t\t\t        dots: false,\n\t\t\t        arrows: false,\n\t\t\t        pauseOnHover: true,\n\t\t\t        autoplay: true,\n\t\t\t        autoplaySpeed: 0,\n\t\t\t        speed: 2500,\n\t\t\t        adaptiveHeight: false,\n\t\t\t        draggable: true,\n\t\t\t        rtl: false,\n\t\t\t        cssEase: 'linear',\n\t\t\t        fade: false,\n\t\t            responsive: [\n\t\t\t\t\t\t    {\n\t\t\t\t\t\t      breakpoint: 1199,\n\t\t\t\t\t\t      settings: {\n\t\t\t\t\t\t        slidesToShow: 3\n\t\t\t\t\t\t      }\n\t\t\t\t\t\t    },\n\t\t\t\t\t\t    {\n\t\t\t\t\t\t      breakpoint: 979,\n\t\t\t\t\t\t      settings: {\n\t\t\t\t\t\t        slidesToShow: 3\n\t\t\t\t\t\t      }\n\t\t\t\t\t\t    },\n\t\t\t\t\t\t    {\n\t\t\t\t\t\t      breakpoint: 767,\n\t\t\t\t\t\t      settings: {\n\t\t\t\t\t\t        slidesToShow: 2\n\t\t\t\t\t\t      }\n\t\t\t\t\t\t    },\n\t\t\t\t\t\t    {\n\t\t\t\t\t\t      breakpoint: 479,\n\t\t\t\t\t\t      settings: {\n\t\t\t\t\t\t        slidesToShow: 1,\n\t\t\t\t\t\t        slidesToScroll: 1\n\t\t\t\t\t\t      }\n\t\t\t\t\t\t    }\n\t\t\t\t\t\t  ]\n\t\t        });\n\t\t var carouselss = ('#sp-wp-carousel-pro-id-69f5d89dc5363');\n\t\t\tjQuery(carouselss).magnificPopup({\n\t\t\t\ttype: 'image',\n\t\t\t\tcloseOnContentClick: false,\n\t            closeBtnInside: false,\n\t            mainClass: 'mfp-with-zoom mfp-img-mobile',\n\t            gallery: {\n\t                enabled: true\n\t            },\n\t            delegate: 'div:not(slick-cloned) a.wcp-light-box',\n\t            zoom: {\n\t                enabled: true,\n\t                duration: 300, \/\/ don't foget to change the duration also in CSS\n\t                opener: function(element) {\n\t                    return element.find('img');\n\t                }\n\t            },\n\t\t\t});\n\t\t});\n\t\t<\/script>\n\t\t\n\t\t<div id='sp-wp-carousel-pro-id-69f5d89dc5363' class='wcp-gallery-section' style='padding:0;'><div class=\"single_wcp_item\"><a class=\"wcp-light-box\" data-lightbox-gallery=\"wcp-gallery\" href=\"https:\/\/www.thebucketshop.ca\/wp-content\/uploads\/2018\/07\/CAT-R1700-with-bolt-on-heels.jpg\"><img decoding=\"async\" src=\"https:\/\/www.thebucketshop.ca\/wp-content\/uploads\/2018\/07\/CAT-R1700-with-bolt-on-heels-300x200.jpg\" alt=\"\" class=\"wcp-carousel-image\" \/><\/a><\/div><div class=\"single_wcp_item\"><a class=\"wcp-light-box\" data-lightbox-gallery=\"wcp-gallery\" href=\"https:\/\/www.thebucketshop.ca\/wp-content\/uploads\/2018\/07\/heel-shouds001.jpg\"><img decoding=\"async\" src=\"https:\/\/www.thebucketshop.ca\/wp-content\/uploads\/2018\/07\/heel-shouds001-300x200.jpg\" alt=\"\" class=\"wcp-carousel-image\" \/><\/a><\/div><div class=\"single_wcp_item\"><a class=\"wcp-light-box\" data-lightbox-gallery=\"wcp-gallery\" href=\"https:\/\/www.thebucketshop.ca\/wp-content\/uploads\/2018\/07\/heel-shouds002.jpg\"><img decoding=\"async\" src=\"https:\/\/www.thebucketshop.ca\/wp-content\/uploads\/2018\/07\/heel-shouds002-300x200.jpg\" alt=\"\" class=\"wcp-carousel-image\" \/><\/a><\/div><div class=\"single_wcp_item\"><a class=\"wcp-light-box\" data-lightbox-gallery=\"wcp-gallery\" href=\"https:\/\/www.thebucketshop.ca\/wp-content\/uploads\/2018\/07\/heel-shouds004.jpg\"><img decoding=\"async\" src=\"https:\/\/www.thebucketshop.ca\/wp-content\/uploads\/2018\/07\/heel-shouds004-300x200.jpg\" alt=\"\" class=\"wcp-carousel-image\" \/><\/a><\/div><div class=\"single_wcp_item\"><a class=\"wcp-light-box\" data-lightbox-gallery=\"wcp-gallery\" href=\"https:\/\/www.thebucketshop.ca\/wp-content\/uploads\/2018\/07\/heel-shouds005.jpg\"><img decoding=\"async\" src=\"https:\/\/www.thebucketshop.ca\/wp-content\/uploads\/2018\/07\/heel-shouds005-300x200.jpg\" alt=\"\" class=\"wcp-carousel-image\" \/><\/a><\/div><div class=\"single_wcp_item\"><a class=\"wcp-light-box\" data-lightbox-gallery=\"wcp-gallery\" href=\"https:\/\/www.thebucketshop.ca\/wp-content\/uploads\/2018\/07\/heel-shrouds.jpg\"><img decoding=\"async\" src=\"https:\/\/www.thebucketshop.ca\/wp-content\/uploads\/2018\/07\/heel-shrouds.jpg\" alt=\"\" class=\"wcp-carousel-image\" \/><\/a><\/div><div class=\"single_wcp_item\"><a class=\"wcp-light-box\" data-lightbox-gallery=\"wcp-gallery\" href=\"https:\/\/www.thebucketshop.ca\/wp-content\/uploads\/2018\/07\/IMG_0610.jpg\"><img decoding=\"async\" src=\"https:\/\/www.thebucketshop.ca\/wp-content\/uploads\/2018\/07\/IMG_0610-300x200.jpg\" alt=\"\" class=\"wcp-carousel-image\" \/><\/a><\/div><div class=\"single_wcp_item\"><a class=\"wcp-light-box\" data-lightbox-gallery=\"wcp-gallery\" href=\"https:\/\/www.thebucketshop.ca\/wp-content\/uploads\/2018\/07\/IMG_4105.jpg\"><img decoding=\"async\" src=\"https:\/\/www.thebucketshop.ca\/wp-content\/uploads\/2018\/07\/IMG_4105-300x200.jpg\" alt=\"\" class=\"wcp-carousel-image\" \/><\/a><\/div><div class=\"single_wcp_item\"><a class=\"wcp-light-box\" data-lightbox-gallery=\"wcp-gallery\" href=\"https:\/\/www.thebucketshop.ca\/wp-content\/uploads\/2018\/07\/IMG_6265.jpg\"><img decoding=\"async\" src=\"https:\/\/www.thebucketshop.ca\/wp-content\/uploads\/2018\/07\/IMG_6265-300x200.jpg\" alt=\"\" class=\"wcp-carousel-image\" \/><\/a><\/div><\/div>\n","protected":false},"excerpt":{"rendered":"<p>Extienda el ciclo de vida Las industrias actuales de miner\u00eda y equipos pesados demandan calidad, rendimiento y valor en productos y servicios. Esto ha llevado&hellip; <\/p>\n<p><a href=\"https:\/\/www.thebucketshop.ca\/es\/beneficios-para-clientes\/innovaciones\/cubiertas-protectoras-de-desgaste\/\" class=\"more-link\">Continue reading &raquo; <span class=\"screen-reader-text\">Cubiertas Protectoras De Desgaste<\/span><\/a><\/p>\n","protected":false},"author":1,"featured_media":0,"parent":2808,"menu_order":0,"comment_status":"closed","ping_status":"closed","template":"page-templates\/wide.php","meta":{"_exactmetrics_skip_tracking":false,"_exactmetrics_sitenote_active":false,"_exactmetrics_sitenote_note":"","_exactmetrics_sitenote_category":0,"footnotes":""},"class_list":["post-3044","page","type-page","status-publish","hentry"],"yoast_head":"<!-- This site is optimized with the Yoast SEO Premium plugin v22.3 (Yoast SEO v27.5) - https:\/\/yoast.com\/product\/yoast-seo-premium-wordpress\/ -->\n<title>Cubiertas Protectoras De Desgaste | The Bucket Shop Inc.<\/title>\n<meta name=\"robots\" content=\"index, follow, max-snippet:-1, max-image-preview:large, max-video-preview:-1\" \/>\n<link rel=\"canonical\" href=\"https:\/\/www.thebucketshop.ca\/es\/beneficios-para-clientes\/innovaciones\/cubiertas-protectoras-de-desgaste\/\" \/>\n<meta property=\"og:locale\" content=\"es_ES\" \/>\n<meta property=\"og:type\" content=\"article\" \/>\n<meta property=\"og:title\" content=\"Cubiertas Protectoras De Desgaste\" \/>\n<meta property=\"og:description\" content=\"Extienda el ciclo de vida Las industrias actuales de miner\u00eda y equipos pesados demandan calidad, rendimiento y valor en productos y servicios. Esto ha llevado&hellip; Continue reading &raquo; Cubiertas Protectoras De Desgaste\" \/>\n<meta property=\"og:url\" content=\"https:\/\/www.thebucketshop.ca\/es\/beneficios-para-clientes\/innovaciones\/cubiertas-protectoras-de-desgaste\/\" \/>\n<meta property=\"og:site_name\" content=\"The Bucket Shop Inc.\" \/>\n<meta property=\"article:publisher\" content=\"https:\/\/www.facebook.com\/thebucketshop\/\" \/>\n<meta property=\"article:modified_time\" content=\"2018-10-12T18:06:40+00:00\" \/>\n<meta property=\"og:image\" content=\"http:\/\/www.thebucketshop.ca\/wp-content\/uploads\/2018\/07\/heel-shroud-brochure.jpg\" \/>\n<meta name=\"twitter:card\" content=\"summary_large_image\" \/>\n<meta name=\"twitter:site\" content=\"@BucketShopInc\" \/>\n<meta name=\"twitter:label1\" content=\"Est. reading time\" \/>\n\t<meta name=\"twitter:data1\" content=\"1 minute\" \/>\n<script type=\"application\/ld+json\" class=\"yoast-schema-graph\">{\"@context\":\"https:\\\/\\\/schema.org\",\"@graph\":[{\"@type\":\"WebPage\",\"@id\":\"https:\\\/\\\/www.thebucketshop.ca\\\/es\\\/beneficios-para-clientes\\\/innovaciones\\\/cubiertas-protectoras-de-desgaste\\\/\",\"url\":\"https:\\\/\\\/www.thebucketshop.ca\\\/es\\\/beneficios-para-clientes\\\/innovaciones\\\/cubiertas-protectoras-de-desgaste\\\/\",\"name\":\"Cubiertas Protectoras De Desgaste | The Bucket Shop Inc.\",\"isPartOf\":{\"@id\":\"https:\\\/\\\/www.thebucketshop.ca\\\/#website\"},\"primaryImageOfPage\":{\"@id\":\"https:\\\/\\\/www.thebucketshop.ca\\\/es\\\/beneficios-para-clientes\\\/innovaciones\\\/cubiertas-protectoras-de-desgaste\\\/#primaryimage\"},\"image\":{\"@id\":\"https:\\\/\\\/www.thebucketshop.ca\\\/es\\\/beneficios-para-clientes\\\/innovaciones\\\/cubiertas-protectoras-de-desgaste\\\/#primaryimage\"},\"thumbnailUrl\":\"http:\\\/\\\/www.thebucketshop.ca\\\/wp-content\\\/uploads\\\/2018\\\/07\\\/heel-shroud-brochure.jpg\",\"datePublished\":\"2018-10-12T18:03:59+00:00\",\"dateModified\":\"2018-10-12T18:06:40+00:00\",\"breadcrumb\":{\"@id\":\"https:\\\/\\\/www.thebucketshop.ca\\\/es\\\/beneficios-para-clientes\\\/innovaciones\\\/cubiertas-protectoras-de-desgaste\\\/#breadcrumb\"},\"inLanguage\":\"es-ES\",\"potentialAction\":[{\"@type\":\"ReadAction\",\"target\":[\"https:\\\/\\\/www.thebucketshop.ca\\\/es\\\/beneficios-para-clientes\\\/innovaciones\\\/cubiertas-protectoras-de-desgaste\\\/\"]}]},{\"@type\":\"ImageObject\",\"inLanguage\":\"es-ES\",\"@id\":\"https:\\\/\\\/www.thebucketshop.ca\\\/es\\\/beneficios-para-clientes\\\/innovaciones\\\/cubiertas-protectoras-de-desgaste\\\/#primaryimage\",\"url\":\"http:\\\/\\\/www.thebucketshop.ca\\\/wp-content\\\/uploads\\\/2018\\\/07\\\/heel-shroud-brochure.jpg\",\"contentUrl\":\"http:\\\/\\\/www.thebucketshop.ca\\\/wp-content\\\/uploads\\\/2018\\\/07\\\/heel-shroud-brochure.jpg\"},{\"@type\":\"BreadcrumbList\",\"@id\":\"https:\\\/\\\/www.thebucketshop.ca\\\/es\\\/beneficios-para-clientes\\\/innovaciones\\\/cubiertas-protectoras-de-desgaste\\\/#breadcrumb\",\"itemListElement\":[{\"@type\":\"ListItem\",\"position\":1,\"name\":\"Home\",\"item\":\"https:\\\/\\\/www.thebucketshop.ca\\\/es\\\/\"},{\"@type\":\"ListItem\",\"position\":2,\"name\":\"Beneficios Para Clientes\",\"item\":\"https:\\\/\\\/www.thebucketshop.ca\\\/es\\\/beneficios-para-clientes\\\/\"},{\"@type\":\"ListItem\",\"position\":3,\"name\":\"Innovaciones\",\"item\":\"https:\\\/\\\/www.thebucketshop.ca\\\/es\\\/beneficios-para-clientes\\\/innovaciones\\\/\"},{\"@type\":\"ListItem\",\"position\":4,\"name\":\"Cubiertas Protectoras De Desgaste\"}]},{\"@type\":\"WebSite\",\"@id\":\"https:\\\/\\\/www.thebucketshop.ca\\\/#website\",\"url\":\"https:\\\/\\\/www.thebucketshop.ca\\\/\",\"name\":\"The Bucket Shop Inc.\",\"description\":\"\",\"publisher\":{\"@id\":\"https:\\\/\\\/www.thebucketshop.ca\\\/#organization\"},\"potentialAction\":[{\"@type\":\"SearchAction\",\"target\":{\"@type\":\"EntryPoint\",\"urlTemplate\":\"https:\\\/\\\/www.thebucketshop.ca\\\/?s={search_term_string}\"},\"query-input\":{\"@type\":\"PropertyValueSpecification\",\"valueRequired\":true,\"valueName\":\"search_term_string\"}}],\"inLanguage\":\"es-ES\"},{\"@type\":\"Organization\",\"@id\":\"https:\\\/\\\/www.thebucketshop.ca\\\/#organization\",\"name\":\"The Bucket Shop Inc.\",\"url\":\"https:\\\/\\\/www.thebucketshop.ca\\\/\",\"logo\":{\"@type\":\"ImageObject\",\"inLanguage\":\"es-ES\",\"@id\":\"https:\\\/\\\/www.thebucketshop.ca\\\/#\\\/schema\\\/logo\\\/image\\\/\",\"url\":\"https:\\\/\\\/www.thebucketshop.ca\\\/wp-content\\\/uploads\\\/2018\\\/07\\\/logo-tbs.png\",\"contentUrl\":\"https:\\\/\\\/www.thebucketshop.ca\\\/wp-content\\\/uploads\\\/2018\\\/07\\\/logo-tbs.png\",\"width\":215,\"height\":99,\"caption\":\"The Bucket Shop Inc.\"},\"image\":{\"@id\":\"https:\\\/\\\/www.thebucketshop.ca\\\/#\\\/schema\\\/logo\\\/image\\\/\"},\"sameAs\":[\"https:\\\/\\\/www.facebook.com\\\/thebucketshop\\\/\",\"https:\\\/\\\/x.com\\\/BucketShopInc\",\"https:\\\/\\\/www.linkedin.com\\\/company\\\/the-bucket-shop-group\",\"https:\\\/\\\/www.youtube.com\\\/channel\\\/UCls0XRmolU1yncaAwx6Y-yA\"]}]}<\/script>\n<!-- \/ Yoast SEO Premium plugin. -->","yoast_head_json":{"title":"Cubiertas Protectoras De Desgaste | The Bucket Shop Inc.","robots":{"index":"index","follow":"follow","max-snippet":"max-snippet:-1","max-image-preview":"max-image-preview:large","max-video-preview":"max-video-preview:-1"},"canonical":"https:\/\/www.thebucketshop.ca\/es\/beneficios-para-clientes\/innovaciones\/cubiertas-protectoras-de-desgaste\/","og_locale":"es_ES","og_type":"article","og_title":"Cubiertas Protectoras De Desgaste","og_description":"Extienda el ciclo de vida Las industrias actuales de miner\u00eda y equipos pesados demandan calidad, rendimiento y valor en productos y servicios. Esto ha llevado&hellip; Continue reading &raquo; Cubiertas Protectoras De Desgaste","og_url":"https:\/\/www.thebucketshop.ca\/es\/beneficios-para-clientes\/innovaciones\/cubiertas-protectoras-de-desgaste\/","og_site_name":"The Bucket Shop Inc.","article_publisher":"https:\/\/www.facebook.com\/thebucketshop\/","article_modified_time":"2018-10-12T18:06:40+00:00","og_image":[{"url":"http:\/\/www.thebucketshop.ca\/wp-content\/uploads\/2018\/07\/heel-shroud-brochure.jpg","type":"","width":"","height":""}],"twitter_card":"summary_large_image","twitter_site":"@BucketShopInc","twitter_misc":{"Est. reading time":"1 minute"},"schema":{"@context":"https:\/\/schema.org","@graph":[{"@type":"WebPage","@id":"https:\/\/www.thebucketshop.ca\/es\/beneficios-para-clientes\/innovaciones\/cubiertas-protectoras-de-desgaste\/","url":"https:\/\/www.thebucketshop.ca\/es\/beneficios-para-clientes\/innovaciones\/cubiertas-protectoras-de-desgaste\/","name":"Cubiertas Protectoras De Desgaste | The Bucket Shop Inc.","isPartOf":{"@id":"https:\/\/www.thebucketshop.ca\/#website"},"primaryImageOfPage":{"@id":"https:\/\/www.thebucketshop.ca\/es\/beneficios-para-clientes\/innovaciones\/cubiertas-protectoras-de-desgaste\/#primaryimage"},"image":{"@id":"https:\/\/www.thebucketshop.ca\/es\/beneficios-para-clientes\/innovaciones\/cubiertas-protectoras-de-desgaste\/#primaryimage"},"thumbnailUrl":"http:\/\/www.thebucketshop.ca\/wp-content\/uploads\/2018\/07\/heel-shroud-brochure.jpg","datePublished":"2018-10-12T18:03:59+00:00","dateModified":"2018-10-12T18:06:40+00:00","breadcrumb":{"@id":"https:\/\/www.thebucketshop.ca\/es\/beneficios-para-clientes\/innovaciones\/cubiertas-protectoras-de-desgaste\/#breadcrumb"},"inLanguage":"es-ES","potentialAction":[{"@type":"ReadAction","target":["https:\/\/www.thebucketshop.ca\/es\/beneficios-para-clientes\/innovaciones\/cubiertas-protectoras-de-desgaste\/"]}]},{"@type":"ImageObject","inLanguage":"es-ES","@id":"https:\/\/www.thebucketshop.ca\/es\/beneficios-para-clientes\/innovaciones\/cubiertas-protectoras-de-desgaste\/#primaryimage","url":"http:\/\/www.thebucketshop.ca\/wp-content\/uploads\/2018\/07\/heel-shroud-brochure.jpg","contentUrl":"http:\/\/www.thebucketshop.ca\/wp-content\/uploads\/2018\/07\/heel-shroud-brochure.jpg"},{"@type":"BreadcrumbList","@id":"https:\/\/www.thebucketshop.ca\/es\/beneficios-para-clientes\/innovaciones\/cubiertas-protectoras-de-desgaste\/#breadcrumb","itemListElement":[{"@type":"ListItem","position":1,"name":"Home","item":"https:\/\/www.thebucketshop.ca\/es\/"},{"@type":"ListItem","position":2,"name":"Beneficios Para Clientes","item":"https:\/\/www.thebucketshop.ca\/es\/beneficios-para-clientes\/"},{"@type":"ListItem","position":3,"name":"Innovaciones","item":"https:\/\/www.thebucketshop.ca\/es\/beneficios-para-clientes\/innovaciones\/"},{"@type":"ListItem","position":4,"name":"Cubiertas Protectoras De Desgaste"}]},{"@type":"WebSite","@id":"https:\/\/www.thebucketshop.ca\/#website","url":"https:\/\/www.thebucketshop.ca\/","name":"The Bucket Shop Inc.","description":"","publisher":{"@id":"https:\/\/www.thebucketshop.ca\/#organization"},"potentialAction":[{"@type":"SearchAction","target":{"@type":"EntryPoint","urlTemplate":"https:\/\/www.thebucketshop.ca\/?s={search_term_string}"},"query-input":{"@type":"PropertyValueSpecification","valueRequired":true,"valueName":"search_term_string"}}],"inLanguage":"es-ES"},{"@type":"Organization","@id":"https:\/\/www.thebucketshop.ca\/#organization","name":"The Bucket Shop Inc.","url":"https:\/\/www.thebucketshop.ca\/","logo":{"@type":"ImageObject","inLanguage":"es-ES","@id":"https:\/\/www.thebucketshop.ca\/#\/schema\/logo\/image\/","url":"https:\/\/www.thebucketshop.ca\/wp-content\/uploads\/2018\/07\/logo-tbs.png","contentUrl":"https:\/\/www.thebucketshop.ca\/wp-content\/uploads\/2018\/07\/logo-tbs.png","width":215,"height":99,"caption":"The Bucket Shop Inc."},"image":{"@id":"https:\/\/www.thebucketshop.ca\/#\/schema\/logo\/image\/"},"sameAs":["https:\/\/www.facebook.com\/thebucketshop\/","https:\/\/x.com\/BucketShopInc","https:\/\/www.linkedin.com\/company\/the-bucket-shop-group","https:\/\/www.youtube.com\/channel\/UCls0XRmolU1yncaAwx6Y-yA"]}]}},"_links":{"self":[{"href":"https:\/\/www.thebucketshop.ca\/es\/wp-json\/wp\/v2\/pages\/3044","targetHints":{"allow":["GET"]}}],"collection":[{"href":"https:\/\/www.thebucketshop.ca\/es\/wp-json\/wp\/v2\/pages"}],"about":[{"href":"https:\/\/www.thebucketshop.ca\/es\/wp-json\/wp\/v2\/types\/page"}],"author":[{"embeddable":true,"href":"https:\/\/www.thebucketshop.ca\/es\/wp-json\/wp\/v2\/users\/1"}],"replies":[{"embeddable":true,"href":"https:\/\/www.thebucketshop.ca\/es\/wp-json\/wp\/v2\/comments?post=3044"}],"version-history":[{"count":5,"href":"https:\/\/www.thebucketshop.ca\/es\/wp-json\/wp\/v2\/pages\/3044\/revisions"}],"predecessor-version":[{"id":3070,"href":"https:\/\/www.thebucketshop.ca\/es\/wp-json\/wp\/v2\/pages\/3044\/revisions\/3070"}],"up":[{"embeddable":true,"href":"https:\/\/www.thebucketshop.ca\/es\/wp-json\/wp\/v2\/pages\/2808"}],"wp:attachment":[{"href":"https:\/\/www.thebucketshop.ca\/es\/wp-json\/wp\/v2\/media?parent=3044"}],"curies":[{"name":"wp","href":"https:\/\/api.w.org\/{rel}","templated":true}]}}