{"id":2873,"date":"2018-10-12T09:11:50","date_gmt":"2018-10-12T13:11:50","guid":{"rendered":"http:\/\/www.thebucketshop.ca\/?page_id=2873"},"modified":"2018-10-12T09:11:50","modified_gmt":"2018-10-12T13:11:50","slug":"otras-lineas-de-productos","status":"publish","type":"page","link":"https:\/\/www.thebucketshop.ca\/es\/beneficios-para-clientes\/otras-lineas-de-productos\/","title":{"rendered":"Otras L\u00edneas De Productos"},"content":{"rendered":"<div class=\"grid\">\n<p><img loading=\"lazy\" decoding=\"async\" class=\"alignleft wp-image-2938\" src=\"http:\/\/www.thebucketshop.ca\/wp-content\/uploads\/2018\/07\/itr-1.jpg\" alt=\"\" width=\"320\" height=\"438\" \/><\/p>\n<div class=\"column two-third\">\n<p>Tenemos l\u00edneas de productos complementarios para respaldar nuestra oferta de soluciones b\u00e1sicas<\/p>\n<p><strong><img loading=\"lazy\" decoding=\"async\" class=\"size-full wp-image-2935 alignnone\" src=\"http:\/\/www.thebucketshop.ca\/wp-content\/uploads\/2018\/07\/bullet2.jpg\" alt=\"\" width=\"30\" height=\"25\" \/>\u00a0Productos GET: <\/strong>\u2013 esta l\u00ednea de productos incluye todos los componentes necesarios para la fabricaci\u00f3n, reparaci\u00f3n y mantenimiento de cucharones para bulldozers, excavadoras y cargadores frontales.<\/p>\n<p><strong><img loading=\"lazy\" decoding=\"async\" class=\"size-full wp-image-2935 alignnone\" src=\"http:\/\/www.thebucketshop.ca\/wp-content\/uploads\/2018\/07\/bullet2.jpg\" alt=\"\" width=\"30\" height=\"25\" \/> Tren de rodaje: <\/strong> \u2013 el tren de rodaje ITR establece el est\u00e1ndar de calidad dentro de la industria. Fabricado con los m\u00e1s altos est\u00e1ndares de calidad, el tren de rodaje ITR se ha ganado una excelente reputaci\u00f3n en las industrias minera, forestal, construcci\u00f3n y obras de carreteras, por proporcionar una vida \u00fatil prolongada y un rendimiento libre de problemas.<\/p>\n<p><strong><img loading=\"lazy\" decoding=\"async\" class=\"size-full wp-image-2935 alignnone\" src=\"http:\/\/www.thebucketshop.ca\/wp-content\/uploads\/2018\/07\/bullet2.jpg\" alt=\"\" width=\"30\" height=\"25\" \/> Soluciones de aleaci\u00f3n de acero y revestimiento<\/strong> \u2013 ideal para la protecci\u00f3n de cucharones y palas, presentan tres atributos clave que les otorgan la versatilidad necesaria para convertirse en el mejor amigo del operador de mantenimiento.<\/p>\n<p><strong><img loading=\"lazy\" decoding=\"async\" class=\"size-full wp-image-2935 alignnone\" src=\"http:\/\/www.thebucketshop.ca\/wp-content\/uploads\/2018\/07\/bullet2.jpg\" alt=\"\" width=\"30\" height=\"25\" \/> Placas de desgaste y tuber\u00eda con revestimiento interior:<\/strong> \u2013 dise\u00f1adas para proteger contra la abrasi\u00f3n, la erosi\u00f3n y el impacto.<\/p>\n<p><strong><img loading=\"lazy\" decoding=\"async\" class=\"size-full wp-image-2935 alignnone\" src=\"http:\/\/www.thebucketshop.ca\/wp-content\/uploads\/2018\/07\/bullet2.jpg\" alt=\"\" width=\"30\" height=\"25\" \/> Recolecci\u00f3n de polvo y soluciones de pol\u00edmeros fabricadas a la medida<\/strong><\/p>\n<\/div>\n\n\t\t\t<div id=\"2873-1\" class=\"gallery gallery-2873 gallery-col-5 gallery-columns-5 gallery-size-thumbnail\" itemscope itemtype=\"http:\/\/schema.org\/ImageGallery\">\n\t\t\t\t\t<figure class='gallery-item col-5' itemprop='associatedMedia' itemscope itemtype='http:\/\/schema.org\/ImageObject'>\n\t\t\t\t\t\t<div class='entry-media gallery-icon landscape'><a href='https:\/\/www.thebucketshop.ca\/wp-content\/uploads\/2018\/07\/Liner-Installation-Komatsu-785-7-3.jpg' class=\"gallery-link\" itemprop=\"contentURL\"><img loading=\"lazy\" decoding=\"async\" width=\"150\" height=\"150\" src=\"https:\/\/www.thebucketshop.ca\/wp-content\/uploads\/2018\/07\/Liner-Installation-Komatsu-785-7-3-150x150.jpg\" class=\"attachment-thumbnail size-thumbnail\" alt=\"\" itemprop=\"thumbnail\" \/><\/a><\/div>\n\t\t\t\t\t<\/figure>\n\t\t\t\t\t<figure class='gallery-item col-5' itemprop='associatedMedia' itemscope itemtype='http:\/\/schema.org\/ImageObject'>\n\t\t\t\t\t\t<div class='entry-media gallery-icon landscape'><a href='https:\/\/www.thebucketshop.ca\/wp-content\/uploads\/2018\/07\/CastoTube-Products-Finished.jpg' class=\"gallery-link\" itemprop=\"contentURL\"><img loading=\"lazy\" decoding=\"async\" width=\"150\" height=\"150\" src=\"https:\/\/www.thebucketshop.ca\/wp-content\/uploads\/2018\/07\/CastoTube-Products-Finished-150x150.jpg\" class=\"attachment-thumbnail size-thumbnail\" alt=\"\" itemprop=\"thumbnail\" \/><\/a><\/div>\n\t\t\t\t\t<\/figure>\n\t\t\t\t\t<figure class='gallery-item col-5' itemprop='associatedMedia' itemscope itemtype='http:\/\/schema.org\/ImageObject'>\n\t\t\t\t\t\t<div class='entry-media gallery-icon landscape'><a href='https:\/\/www.thebucketshop.ca\/wp-content\/uploads\/2018\/07\/Liner-Installation-Truck.jpg' class=\"gallery-link\" itemprop=\"contentURL\"><img loading=\"lazy\" decoding=\"async\" width=\"150\" height=\"150\" src=\"https:\/\/www.thebucketshop.ca\/wp-content\/uploads\/2018\/07\/Liner-Installation-Truck-150x150.jpg\" class=\"attachment-thumbnail size-thumbnail\" alt=\"\" itemprop=\"thumbnail\" \/><\/a><\/div>\n\t\t\t\t\t<\/figure>\n\t\t\t\t\t<figure class='gallery-item col-5' itemprop='associatedMedia' itemscope itemtype='http:\/\/schema.org\/ImageObject'>\n\t\t\t\t\t\t<div class='entry-media gallery-icon landscape'><a href='https:\/\/www.thebucketshop.ca\/wp-content\/uploads\/2018\/07\/TBS-GET-Products-image.jpg' class=\"gallery-link\" itemprop=\"contentURL\"><img loading=\"lazy\" decoding=\"async\" width=\"150\" height=\"150\" src=\"https:\/\/www.thebucketshop.ca\/wp-content\/uploads\/2018\/07\/TBS-GET-Products-image-150x150.jpg\" class=\"attachment-thumbnail size-thumbnail\" alt=\"\" itemprop=\"thumbnail\" \/><\/a><\/div>\n\t\t\t\t\t<\/figure>\n\t\t\t<\/div><!-- .gallery -->\n\n<\/div>\n","protected":false},"excerpt":{"rendered":"<p>Tenemos l\u00edneas de productos complementarios para respaldar nuestra oferta de soluciones b\u00e1sicas \u00a0Productos GET: \u2013 esta l\u00ednea de productos incluye todos los componentes necesarios para&hellip; <\/p>\n<p><a href=\"https:\/\/www.thebucketshop.ca\/es\/beneficios-para-clientes\/otras-lineas-de-productos\/\" class=\"more-link\">Continue reading &raquo; <span class=\"screen-reader-text\">Otras L\u00edneas De Productos<\/span><\/a><\/p>\n","protected":false},"author":1,"featured_media":0,"parent":2793,"menu_order":0,"comment_status":"closed","ping_status":"closed","template":"page-templates\/wide.php","meta":{"_exactmetrics_skip_tracking":false,"_exactmetrics_sitenote_active":false,"_exactmetrics_sitenote_note":"","_exactmetrics_sitenote_category":0,"footnotes":""},"class_list":["post-2873","page","type-page","status-publish","hentry"],"yoast_head":"<!-- This site is optimized with the Yoast SEO Premium plugin v22.3 (Yoast SEO v27.4) - https:\/\/yoast.com\/product\/yoast-seo-premium-wordpress\/ -->\n<title>Otras L\u00edneas De Productos | The Bucket Shop Inc.<\/title>\n<meta name=\"robots\" content=\"index, follow, max-snippet:-1, max-image-preview:large, max-video-preview:-1\" \/>\n<link rel=\"canonical\" href=\"https:\/\/www.thebucketshop.ca\/es\/beneficios-para-clientes\/otras-lineas-de-productos\/\" \/>\n<meta property=\"og:locale\" content=\"es_ES\" \/>\n<meta property=\"og:type\" content=\"article\" \/>\n<meta property=\"og:title\" content=\"Otras L\u00edneas De Productos\" \/>\n<meta property=\"og:description\" content=\"Tenemos l\u00edneas de productos complementarios para respaldar nuestra oferta de soluciones b\u00e1sicas \u00a0Productos GET: \u2013 esta l\u00ednea de productos incluye todos los componentes necesarios para&hellip; Continue reading &raquo; Otras L\u00edneas De Productos\" \/>\n<meta property=\"og:url\" content=\"https:\/\/www.thebucketshop.ca\/es\/beneficios-para-clientes\/otras-lineas-de-productos\/\" \/>\n<meta property=\"og:site_name\" content=\"The Bucket Shop Inc.\" \/>\n<meta property=\"article:publisher\" content=\"https:\/\/www.facebook.com\/thebucketshop\/\" \/>\n<meta property=\"og:image\" content=\"https:\/\/www.thebucketshop.ca\/wp-content\/uploads\/2018\/07\/Liner-Installation-Komatsu-785-7-3-150x150.jpg\" \/>\n<meta name=\"twitter:card\" content=\"summary_large_image\" \/>\n<meta name=\"twitter:site\" content=\"@BucketShopInc\" \/>\n<meta name=\"twitter:label1\" content=\"Est. reading time\" \/>\n\t<meta name=\"twitter:data1\" content=\"1 minute\" \/>\n<script type=\"application\/ld+json\" class=\"yoast-schema-graph\">{\"@context\":\"https:\\\/\\\/schema.org\",\"@graph\":[{\"@type\":\"WebPage\",\"@id\":\"https:\\\/\\\/www.thebucketshop.ca\\\/es\\\/beneficios-para-clientes\\\/otras-lineas-de-productos\\\/\",\"url\":\"https:\\\/\\\/www.thebucketshop.ca\\\/es\\\/beneficios-para-clientes\\\/otras-lineas-de-productos\\\/\",\"name\":\"Otras L\u00edneas De Productos | The Bucket Shop Inc.\",\"isPartOf\":{\"@id\":\"https:\\\/\\\/www.thebucketshop.ca\\\/#website\"},\"primaryImageOfPage\":{\"@id\":\"https:\\\/\\\/www.thebucketshop.ca\\\/es\\\/beneficios-para-clientes\\\/otras-lineas-de-productos\\\/#primaryimage\"},\"image\":{\"@id\":\"https:\\\/\\\/www.thebucketshop.ca\\\/es\\\/beneficios-para-clientes\\\/otras-lineas-de-productos\\\/#primaryimage\"},\"thumbnailUrl\":\"http:\\\/\\\/www.thebucketshop.ca\\\/wp-content\\\/uploads\\\/2018\\\/07\\\/itr-1.jpg\",\"datePublished\":\"2018-10-12T13:11:50+00:00\",\"breadcrumb\":{\"@id\":\"https:\\\/\\\/www.thebucketshop.ca\\\/es\\\/beneficios-para-clientes\\\/otras-lineas-de-productos\\\/#breadcrumb\"},\"inLanguage\":\"es-ES\",\"potentialAction\":[{\"@type\":\"ReadAction\",\"target\":[\"https:\\\/\\\/www.thebucketshop.ca\\\/es\\\/beneficios-para-clientes\\\/otras-lineas-de-productos\\\/\"]}]},{\"@type\":\"ImageObject\",\"inLanguage\":\"es-ES\",\"@id\":\"https:\\\/\\\/www.thebucketshop.ca\\\/es\\\/beneficios-para-clientes\\\/otras-lineas-de-productos\\\/#primaryimage\",\"url\":\"http:\\\/\\\/www.thebucketshop.ca\\\/wp-content\\\/uploads\\\/2018\\\/07\\\/itr-1.jpg\",\"contentUrl\":\"http:\\\/\\\/www.thebucketshop.ca\\\/wp-content\\\/uploads\\\/2018\\\/07\\\/itr-1.jpg\"},{\"@type\":\"BreadcrumbList\",\"@id\":\"https:\\\/\\\/www.thebucketshop.ca\\\/es\\\/beneficios-para-clientes\\\/otras-lineas-de-productos\\\/#breadcrumb\",\"itemListElement\":[{\"@type\":\"ListItem\",\"position\":1,\"name\":\"Home\",\"item\":\"https:\\\/\\\/www.thebucketshop.ca\\\/es\\\/\"},{\"@type\":\"ListItem\",\"position\":2,\"name\":\"Beneficios Para Clientes\",\"item\":\"https:\\\/\\\/www.thebucketshop.ca\\\/es\\\/beneficios-para-clientes\\\/\"},{\"@type\":\"ListItem\",\"position\":3,\"name\":\"Otras L\u00edneas De Productos\"}]},{\"@type\":\"WebSite\",\"@id\":\"https:\\\/\\\/www.thebucketshop.ca\\\/#website\",\"url\":\"https:\\\/\\\/www.thebucketshop.ca\\\/\",\"name\":\"The Bucket Shop Inc.\",\"description\":\"\",\"publisher\":{\"@id\":\"https:\\\/\\\/www.thebucketshop.ca\\\/#organization\"},\"potentialAction\":[{\"@type\":\"SearchAction\",\"target\":{\"@type\":\"EntryPoint\",\"urlTemplate\":\"https:\\\/\\\/www.thebucketshop.ca\\\/?s={search_term_string}\"},\"query-input\":{\"@type\":\"PropertyValueSpecification\",\"valueRequired\":true,\"valueName\":\"search_term_string\"}}],\"inLanguage\":\"es-ES\"},{\"@type\":\"Organization\",\"@id\":\"https:\\\/\\\/www.thebucketshop.ca\\\/#organization\",\"name\":\"The Bucket Shop Inc.\",\"url\":\"https:\\\/\\\/www.thebucketshop.ca\\\/\",\"logo\":{\"@type\":\"ImageObject\",\"inLanguage\":\"es-ES\",\"@id\":\"https:\\\/\\\/www.thebucketshop.ca\\\/#\\\/schema\\\/logo\\\/image\\\/\",\"url\":\"https:\\\/\\\/www.thebucketshop.ca\\\/wp-content\\\/uploads\\\/2018\\\/07\\\/logo-tbs.png\",\"contentUrl\":\"https:\\\/\\\/www.thebucketshop.ca\\\/wp-content\\\/uploads\\\/2018\\\/07\\\/logo-tbs.png\",\"width\":215,\"height\":99,\"caption\":\"The Bucket Shop Inc.\"},\"image\":{\"@id\":\"https:\\\/\\\/www.thebucketshop.ca\\\/#\\\/schema\\\/logo\\\/image\\\/\"},\"sameAs\":[\"https:\\\/\\\/www.facebook.com\\\/thebucketshop\\\/\",\"https:\\\/\\\/x.com\\\/BucketShopInc\",\"https:\\\/\\\/www.linkedin.com\\\/company\\\/the-bucket-shop-group\",\"https:\\\/\\\/www.youtube.com\\\/channel\\\/UCls0XRmolU1yncaAwx6Y-yA\"]}]}<\/script>\n<!-- \/ Yoast SEO Premium plugin. -->","yoast_head_json":{"title":"Otras L\u00edneas De Productos | The Bucket Shop Inc.","robots":{"index":"index","follow":"follow","max-snippet":"max-snippet:-1","max-image-preview":"max-image-preview:large","max-video-preview":"max-video-preview:-1"},"canonical":"https:\/\/www.thebucketshop.ca\/es\/beneficios-para-clientes\/otras-lineas-de-productos\/","og_locale":"es_ES","og_type":"article","og_title":"Otras L\u00edneas De Productos","og_description":"Tenemos l\u00edneas de productos complementarios para respaldar nuestra oferta de soluciones b\u00e1sicas \u00a0Productos GET: \u2013 esta l\u00ednea de productos incluye todos los componentes necesarios para&hellip; Continue reading &raquo; Otras L\u00edneas De Productos","og_url":"https:\/\/www.thebucketshop.ca\/es\/beneficios-para-clientes\/otras-lineas-de-productos\/","og_site_name":"The Bucket Shop Inc.","article_publisher":"https:\/\/www.facebook.com\/thebucketshop\/","og_image":[{"url":"https:\/\/www.thebucketshop.ca\/wp-content\/uploads\/2018\/07\/Liner-Installation-Komatsu-785-7-3-150x150.jpg","type":"","width":"","height":""}],"twitter_card":"summary_large_image","twitter_site":"@BucketShopInc","twitter_misc":{"Est. reading time":"1 minute"},"schema":{"@context":"https:\/\/schema.org","@graph":[{"@type":"WebPage","@id":"https:\/\/www.thebucketshop.ca\/es\/beneficios-para-clientes\/otras-lineas-de-productos\/","url":"https:\/\/www.thebucketshop.ca\/es\/beneficios-para-clientes\/otras-lineas-de-productos\/","name":"Otras L\u00edneas De Productos | The Bucket Shop Inc.","isPartOf":{"@id":"https:\/\/www.thebucketshop.ca\/#website"},"primaryImageOfPage":{"@id":"https:\/\/www.thebucketshop.ca\/es\/beneficios-para-clientes\/otras-lineas-de-productos\/#primaryimage"},"image":{"@id":"https:\/\/www.thebucketshop.ca\/es\/beneficios-para-clientes\/otras-lineas-de-productos\/#primaryimage"},"thumbnailUrl":"http:\/\/www.thebucketshop.ca\/wp-content\/uploads\/2018\/07\/itr-1.jpg","datePublished":"2018-10-12T13:11:50+00:00","breadcrumb":{"@id":"https:\/\/www.thebucketshop.ca\/es\/beneficios-para-clientes\/otras-lineas-de-productos\/#breadcrumb"},"inLanguage":"es-ES","potentialAction":[{"@type":"ReadAction","target":["https:\/\/www.thebucketshop.ca\/es\/beneficios-para-clientes\/otras-lineas-de-productos\/"]}]},{"@type":"ImageObject","inLanguage":"es-ES","@id":"https:\/\/www.thebucketshop.ca\/es\/beneficios-para-clientes\/otras-lineas-de-productos\/#primaryimage","url":"http:\/\/www.thebucketshop.ca\/wp-content\/uploads\/2018\/07\/itr-1.jpg","contentUrl":"http:\/\/www.thebucketshop.ca\/wp-content\/uploads\/2018\/07\/itr-1.jpg"},{"@type":"BreadcrumbList","@id":"https:\/\/www.thebucketshop.ca\/es\/beneficios-para-clientes\/otras-lineas-de-productos\/#breadcrumb","itemListElement":[{"@type":"ListItem","position":1,"name":"Home","item":"https:\/\/www.thebucketshop.ca\/es\/"},{"@type":"ListItem","position":2,"name":"Beneficios Para Clientes","item":"https:\/\/www.thebucketshop.ca\/es\/beneficios-para-clientes\/"},{"@type":"ListItem","position":3,"name":"Otras L\u00edneas De Productos"}]},{"@type":"WebSite","@id":"https:\/\/www.thebucketshop.ca\/#website","url":"https:\/\/www.thebucketshop.ca\/","name":"The Bucket Shop Inc.","description":"","publisher":{"@id":"https:\/\/www.thebucketshop.ca\/#organization"},"potentialAction":[{"@type":"SearchAction","target":{"@type":"EntryPoint","urlTemplate":"https:\/\/www.thebucketshop.ca\/?s={search_term_string}"},"query-input":{"@type":"PropertyValueSpecification","valueRequired":true,"valueName":"search_term_string"}}],"inLanguage":"es-ES"},{"@type":"Organization","@id":"https:\/\/www.thebucketshop.ca\/#organization","name":"The Bucket Shop Inc.","url":"https:\/\/www.thebucketshop.ca\/","logo":{"@type":"ImageObject","inLanguage":"es-ES","@id":"https:\/\/www.thebucketshop.ca\/#\/schema\/logo\/image\/","url":"https:\/\/www.thebucketshop.ca\/wp-content\/uploads\/2018\/07\/logo-tbs.png","contentUrl":"https:\/\/www.thebucketshop.ca\/wp-content\/uploads\/2018\/07\/logo-tbs.png","width":215,"height":99,"caption":"The Bucket Shop Inc."},"image":{"@id":"https:\/\/www.thebucketshop.ca\/#\/schema\/logo\/image\/"},"sameAs":["https:\/\/www.facebook.com\/thebucketshop\/","https:\/\/x.com\/BucketShopInc","https:\/\/www.linkedin.com\/company\/the-bucket-shop-group","https:\/\/www.youtube.com\/channel\/UCls0XRmolU1yncaAwx6Y-yA"]}]}},"_links":{"self":[{"href":"https:\/\/www.thebucketshop.ca\/es\/wp-json\/wp\/v2\/pages\/2873","targetHints":{"allow":["GET"]}}],"collection":[{"href":"https:\/\/www.thebucketshop.ca\/es\/wp-json\/wp\/v2\/pages"}],"about":[{"href":"https:\/\/www.thebucketshop.ca\/es\/wp-json\/wp\/v2\/types\/page"}],"author":[{"embeddable":true,"href":"https:\/\/www.thebucketshop.ca\/es\/wp-json\/wp\/v2\/users\/1"}],"replies":[{"embeddable":true,"href":"https:\/\/www.thebucketshop.ca\/es\/wp-json\/wp\/v2\/comments?post=2873"}],"version-history":[{"count":1,"href":"https:\/\/www.thebucketshop.ca\/es\/wp-json\/wp\/v2\/pages\/2873\/revisions"}],"predecessor-version":[{"id":2879,"href":"https:\/\/www.thebucketshop.ca\/es\/wp-json\/wp\/v2\/pages\/2873\/revisions\/2879"}],"up":[{"embeddable":true,"href":"https:\/\/www.thebucketshop.ca\/es\/wp-json\/wp\/v2\/pages\/2793"}],"wp:attachment":[{"href":"https:\/\/www.thebucketshop.ca\/es\/wp-json\/wp\/v2\/media?parent=2873"}],"curies":[{"name":"wp","href":"https:\/\/api.w.org\/{rel}","templated":true}]}}