{"id":2793,"date":"2018-10-12T08:34:14","date_gmt":"2018-10-12T12:34:14","guid":{"rendered":"http:\/\/www.thebucketshop.ca\/?page_id=2793"},"modified":"2018-10-31T08:56:07","modified_gmt":"2018-10-31T12:56:07","slug":"beneficios-para-clientes","status":"publish","type":"page","link":"https:\/\/www.thebucketshop.ca\/es\/beneficios-para-clientes\/","title":{"rendered":"Beneficios Para Clientes"},"content":{"rendered":"<ul class=\"services__items section__content\" style=\"background: url('http:\/\/www.thebucketshop.ca\/wp-content\/uploads\/2018\/07\/what-we-do-background.png');\">\n<li class=\"services__item services__item--1\">\n<div class=\"services__item__content clearfix\">\n<p><a href=\"http:\/\/www.thebucketshop.ca\/es\/beneficios-para-clientes\/reacondicionamiento-de-cajas-de-camion\/\"><img loading=\"lazy\" decoding=\"async\" class=\"services__item__image alignnone\" src=\"http:\/\/www.thebucketshop.ca\/wp-content\/uploads\/2018\/07\/truck-boxes.jpg\" alt=\"\" width=\"141\" height=\"141\" \/><\/a><\/p>\n<div class=\"services__item__description\">\n<h3><a href=\"http:\/\/www.thebucketshop.ca\/es\/beneficios-para-clientes\/reacondicionamiento-de-cajas-de-camion\/\">CAJAS DE CAMI\u00d3N<\/a><\/h3>\n<p>Proporcionamos servicio de ensamble total de cajas nuevas para cami\u00f3n.. \u00a0 \u00a0 \u00a0 \u00a0 \u00a0 \u00a0 \u00a0 \u00a0 \u00a0 \u00a0 \u00a0 \u00a0 \u00a0 \u00a0<strong><a href=\"http:\/\/www.thebucketshop.ca\/es\/beneficios-para-clientes\/reacondicionamiento-de-cajas-de-camion\/\">Leer m\u00e1s&#8230; <\/a><\/strong><\/p>\n<\/div>\n<\/div>\n<\/li>\n<li class=\"services__item services__item--2\">\n<div class=\"services__item__content clearfix\">\n<p><a href=\"http:\/\/www.thebucketshop.ca\/es\/beneficios-para-clientes\/proyectos-a-la-medida\/\"><img loading=\"lazy\" decoding=\"async\" class=\"services__item__image alignnone\" src=\"http:\/\/www.thebucketshop.ca\/wp-content\/uploads\/2018\/07\/mill-maintenance.jpg\" alt=\"\" width=\"141\" height=\"141\" \/><\/a><\/p>\n<div class=\"services__item__description\">\n<h3><a href=\"http:\/\/www.thebucketshop.ca\/es\/beneficios-para-clientes\/proyectos-a-la-medida\/\">PROYECTOS A LA MEDIDA<\/a><\/h3>\n<p>M\u00e1s all\u00e1 delos cucharones y cajas, estamos bien equipados para apoyar proyectos a la medida <a href=\"http:\/\/www.thebucketshop.ca\/es\/beneficios-para-clientes\/proyectos-a-la-medida\/\"><strong> Leer m\u00e1s&#8230;<\/strong><\/a><\/p>\n<\/div>\n<\/div>\n<\/li>\n<li class=\"services__item services__item--3\">\n<div class=\"services__item__content clearfix\">\n<p><a href=\"http:\/\/www.thebucketshop.ca\/es\/beneficios-para-clientes\/otras-lineas-de-productos\/\"><img loading=\"lazy\" decoding=\"async\" class=\"services__item__image alignnone\" src=\"http:\/\/www.thebucketshop.ca\/wp-content\/uploads\/2018\/07\/teeth.jpg\" alt=\"\" width=\"141\" height=\"141\" \/><\/a><\/p>\n<div class=\"services__item__description\">\n<h3><a href=\"http:\/\/www.thebucketshop.ca\/es\/beneficios-para-clientes\/otras-lineas-de-productos\/\">OTRAS L\u00cdNEAS DE PRODUCTOS<\/a><\/h3>\n<p>Contamos con l\u00edneas de productos complementarios para respaldar nuestra oferta<\/p>\n<p><a href=\"http:\/\/www.thebucketshop.ca\/es\/beneficios-para-clientes\/otras-lineas-de-productos\/\"><strong>Leer m\u00e1s&#8230; <\/strong><\/a><\/p>\n<\/div>\n<\/div>\n<p>&nbsp;<\/li>\n<li><\/li>\n<li class=\"services__item services__item--4 services__item--right\">\n<div class=\"services__item__content clearfix\">\n<p><a href=\"http:\/\/www.thebucketshop.ca\/es\/beneficios-para-clientes\/servicios-especializados\/\"><img loading=\"lazy\" decoding=\"async\" class=\"services__item__image alignnone\" src=\"http:\/\/www.thebucketshop.ca\/wp-content\/uploads\/2018\/07\/cnc-tbs.jpg\" alt=\"\" width=\"141\" height=\"141\" \/><\/a><\/p>\n<div class=\"services__item__description\">\n<h3><a href=\"http:\/\/www.thebucketshop.ca\/es\/beneficios-para-clientes\/servicios-especializados\/\">Servicios Especializados <\/a><\/h3>\n<p>Con nuestra capacidad incrementada, podemos ofrecer servicios especializados para nuestros clientes<\/p>\n<p><a href=\"http:\/\/www.thebucketshop.ca\/es\/beneficios-para-clientes\/servicios-especializados\/\"><strong>\u00a0Leer m\u00e1s&#8230; <\/strong><\/a><\/p>\n<\/div>\n<\/div>\n<\/li>\n<li class=\"services__item services__item--5 services__item--right\">\n<div class=\"services__item__content clearfix\">\n<p><a href=\"http:\/\/www.thebucketshop.ca\/es\/beneficios-para-clientes\/innovaciones\/\"><img loading=\"lazy\" decoding=\"async\" class=\"services__item__image alignnone\" src=\"http:\/\/www.thebucketshop.ca\/wp-content\/uploads\/2018\/07\/tbs-1000-thumb.jpg\" alt=\"\" width=\"141\" height=\"141\" \/><\/a><\/p>\n<div class=\"services__item__description\">\n<h3><a href=\"http:\/\/www.thebucketshop.ca\/es\/beneficios-para-clientes\/innovaciones\/\">Innovaciones TBS <\/a><\/h3>\n<p>Podemos reducir sustancialmente los costos del cuchar\u00f3n y aumentar la productividad \u00a0 \u00a0 \u00a0 \u00a0 \u00a0 \u00a0\u00a0<a href=\"http:\/\/www.thebucketshop.ca\/es\/beneficios-para-clientes\/innovaciones\/\"><strong>Leer m\u00e1s&#8230; <\/strong><\/a><\/p>\n<\/div>\n<\/div>\n<\/li>\n<li class=\"services__item services__item--6 services__item--right\">\n<div class=\"services__item__content clearfix\">\n<p><a href=\"http:\/\/www.thebucketshop.ca\/es\/beneficios-para-clientes\/cucharones\/\"><img decoding=\"async\" class=\"services__item__image\" src=\"http:\/\/www.thebucketshop.ca\/wp-content\/uploads\/2018\/07\/custom-builds.jpg\" \/><\/a><\/p>\n<div class=\"services__item__description\">\n<h3><a href=\"http:\/\/www.thebucketshop.ca\/es\/beneficios-para-clientes\/cucharones\/\">CUCHARONES<\/a><\/h3>\n<p>Dise\u00f1amos un extremo frontal unido mec\u00e1nicamente que tiene los beneficios de \u00a0 \u00a0 \u00a0 \u00a0 \u00a0 \u00a0 \u00a0 \u00a0 \u00a0 \u00a0 \u00a0<strong><a href=\"http:\/\/www.thebucketshop.ca\/es\/beneficios-para-clientes\/cucharones\/\">\u00a0Leer m\u00e1s&#8230;\u00a0\u00a0<\/a><\/strong><\/p>\n<\/div>\n<p>&nbsp;<\/p>\n<\/div>\n<\/li>\n<\/ul>\n<p>&nbsp;<br \/>\n&nbsp;<br \/>\n&nbsp;<br \/>\n&nbsp;<br \/>\n&nbsp;<br \/>\n&nbsp;<\/p>\n<div class=\"row-full\">\n<h1 style=\"text-align: center;\"><span style=\"color: #ffffff;\">TESTIMONIALES<\/span><\/h1>\n<\/div>\n<h4>Empresa Constructora, Ontario &#8211; Reemplazo de cucharones y productos de desgaste<\/h4>\n<blockquote><p>\u201cEn nuestra ocupada vida laboral, pocos se toman el tiempo para reconocer lo bueno y advertir sobre lo malo. Personalmente, me gustar\u00eda agradecer a Ross y a todo el personal de The Bucket Shop por brindarnos el SERVICIO que ustedes dijeron que nos brindar\u00edan la primera vez que hablamos. En conclusi\u00f3n&#8230; GRACIAS porque los hechos hablan por s\u00ed mismos&#8221;\u201d<\/p><\/blockquote>\n<h4>Mina de N\u00edquel, Ontario &#8211; Mejora del cuchar\u00f3n de scooptram<\/h4>\n<blockquote><p>\u201cEl personal de ventas de The Bucket Shop fue muy \u00fatil al ayudarnos a seleccionar el producto adecuado para satisfacer nuestras necesidades mineras. En el momento de la entrega, quedamos muy impresionados con la calidad de la mano de obra y nos asombr\u00f3 igualmente que el trabajo estuviera completo antes de la fecha de entrega programada. Esperamos con inter\u00e9s una asociaci\u00f3n continuada con The Bucket Shop\u201d<\/p><\/blockquote>\n<h4>Empresa de pavimentaci\u00f3n, Ontario &#8211; Adici\u00f3n de productos de desgaste a equipos de construcci\u00f3n<\/h4>\n<blockquote><p>\u201cComo gerente de las operaciones basadas en Timmins de The Miller Group, tuve el placer de trabajar con The Bucket Shop \/ Steeltec durante varios a\u00f1os. Su atenci\u00f3n al detalle, calidad y servicio al cliente son insuperables. Miller contin\u00faa d\u00e1ndose cuenta del ahorro regular que produce la reducci\u00f3n del tiempo de inactividad y la prolongaci\u00f3n de los ciclos de vida de nuestros componentes de alto desgaste. Gracias a una amplia variedad de materiales y productos de desgaste especializados, hemos logrado lo que antes se cre\u00eda imposible\u201d<\/p><\/blockquote>\n<h4>Mina de oro subterr\u00e1nea, Ontario &#8211; Prueba de productos de desgaste y cucharones de 2 piezas<\/h4>\n<blockquote><p>\u201cEstamos utilizando sus piezas de desgaste y son un producto superior, no hay dudas. Es genial ver un cuchar\u00f3n mec\u00e1nico que reducir\u00e1 en gran medida los tiempos de inactividad. Las piezas fundidas de su empresa son algunas de las mejores que hemos utilizado, especialmente en las dif\u00edciles condiciones en que las aplicamos\u201d<\/p><\/blockquote>\n<h4>Mina de oro subterr\u00e1nea, Ontario &#8211; Prueba de productos de desgaste y cucharones de 2 piezas<\/h4>\n<blockquote><p>\u201cWe converted our fleet of 12 CAT R2900\u2019s to the 2-piece TBS bucket using their 1000 lip system and are very happy and would never switch back.\u201d<\/p><\/blockquote>\n<h4>Mina de oro tajo abierto, Ontario &#8211; Programa de reparaci\u00f3n de cajas de cami\u00f3n CAT 777<\/h4>\n<blockquote><p>\u201cMike dirigi\u00f3 otra sesi\u00f3n segura y productiva en nuestro sitio minero! El alcance del trabajo se ejecut\u00f3 sin problemas durante todo el d\u00eda para minimizar el tiempo de inactividad, y en estos tiempos de dificultades financieras nunca tuvimos que comprar ning\u00fan material ya que fue capaz de usar forros y piezas sobrantes de la intensa reparaci\u00f3n de cajas del a\u00f1o pasado. \u00a1M\u00e1s de una persona mencion\u00f3 que ser\u00eda bueno si todos los contratistas trabajaran de manera profesional! Por favor, ll\u00e1menos para la pr\u00f3xima primavera \/ verano para una sesi\u00f3n de auditor\u00eda y reparaci\u00f3n. \u00a1Felicitaciones a Mike y su equipo\u201d<\/p><\/blockquote>\n<h4>Compa\u00f1\u00eda minera de ingenier\u00eda y consultor\u00eda, Canad\u00e1: cucharones de dos piezas y soluciones de desgaste<\/h4>\n<blockquote><p>\u201cCon un gran \u00e9xito hemos empleado The Bucket Shop Group durante los \u00faltimos cinco a\u00f1os, para convertir nuestra flotilla completa de cucharones recogedores subterr\u00e1neos en unidades mec\u00e1nicas de dos piezas. Todos nuestros contenedores ST08, Toro, 700M y 6 yardas est\u00e1n funcionando muy bien y han superado todas las expectativas. En los \u00faltimos cinco a\u00f1os, nos hemos beneficiado enormemente con el sistema de dos piezas de The Bucket Shop y nos gustar\u00eda explicar por qu\u00e9: Facilidad de recambio de partes frontales. Un cuchar\u00f3n puede prepararse para volver al trabajo en menos de 3 horas una vez que el labio se haya desgastado. El ahorro en mano de obra y tiempo de inactividad por s\u00ed solo ha proporcionado enormes resultados de ahorro en costos.<br \/>\nHemos complementado nuestra flotilla de cucharones con una cantidad adecuada de partes frontales de repuesto para garantizar que siempre haya una disponible cuando sea necesario. The Bucket Shop, teniendo nuestros mejores intereses en mente, tambi\u00e9n ha hecho disponible inventario para satisfacer nuestras necesidades.<br \/>\nCada parte delantera se construye utilizando su gama TBS de fundici\u00f3n de labios. El TBS 1000 ha brindado un 30% de aumento en la vida \u00fatil y con los continuos esfuerzos de mejora del dise\u00f1o, esperamos ver ciclos de vida a\u00fan m\u00e1s prolongados.<br \/>\nPara combatir el desgaste de cestas, solo usamos sus piezas fundidas TBS85 HiPER Heel. Esta atenci\u00f3n al detalle ha permitido a nuestra empresa beneficiarse de pasar de 3 a 4 cambios de la cesta a un solo reacondicionamiento. El ahorro que se observa al tener los productos de desgaste adecuados en nuestros contenedores sigue siendo el factor determinante de nuestro \u00e9xito en la reducci\u00f3n de costos.<br \/>\nUn servicio de entrega sin cargo, un soporte de ventas excepcional y una comprensi\u00f3n completa de nuestras necesidades comerciales, son indicadores clave que tambi\u00e9n respaldan nuestra afirmaci\u00f3n de que The Bucket Shop es la compa\u00f1\u00eda con la que nos debemos alinear\u201d<\/p><\/blockquote>\n","protected":false},"excerpt":{"rendered":"<p>CAJAS DE CAMI\u00d3N Proporcionamos servicio de ensamble total de cajas nuevas para cami\u00f3n.. \u00a0 \u00a0 \u00a0 \u00a0 \u00a0 \u00a0 \u00a0 \u00a0 \u00a0 \u00a0 \u00a0 \u00a0&hellip; <\/p>\n<p><a href=\"https:\/\/www.thebucketshop.ca\/es\/beneficios-para-clientes\/\" class=\"more-link\">Continue reading &raquo; <span class=\"screen-reader-text\">Beneficios Para Clientes<\/span><\/a><\/p>\n","protected":false},"author":1,"featured_media":0,"parent":0,"menu_order":0,"comment_status":"closed","ping_status":"closed","template":"page-templates\/wide.php","meta":{"_exactmetrics_skip_tracking":false,"_exactmetrics_sitenote_active":false,"_exactmetrics_sitenote_note":"","_exactmetrics_sitenote_category":0,"footnotes":""},"class_list":["post-2793","page","type-page","status-publish","hentry"],"yoast_head":"<!-- This site is optimized with the Yoast SEO Premium plugin v22.3 (Yoast SEO v27.5) - https:\/\/yoast.com\/product\/yoast-seo-premium-wordpress\/ -->\n<title>Beneficios Para Clientes | The Bucket Shop Inc.<\/title>\n<meta name=\"robots\" content=\"index, follow, max-snippet:-1, max-image-preview:large, max-video-preview:-1\" \/>\n<link rel=\"canonical\" href=\"https:\/\/www.thebucketshop.ca\/es\/beneficios-para-clientes\/\" \/>\n<meta property=\"og:locale\" content=\"es_ES\" \/>\n<meta property=\"og:type\" content=\"article\" \/>\n<meta property=\"og:title\" content=\"Beneficios Para Clientes\" \/>\n<meta property=\"og:description\" content=\"CAJAS DE CAMI\u00d3N Proporcionamos servicio de ensamble total de cajas nuevas para cami\u00f3n.. \u00a0 \u00a0 \u00a0 \u00a0 \u00a0 \u00a0 \u00a0 \u00a0 \u00a0 \u00a0 \u00a0 \u00a0&hellip; Continue reading &raquo; Beneficios Para Clientes\" \/>\n<meta property=\"og:url\" content=\"https:\/\/www.thebucketshop.ca\/es\/beneficios-para-clientes\/\" \/>\n<meta property=\"og:site_name\" content=\"The Bucket Shop Inc.\" \/>\n<meta property=\"article:publisher\" content=\"https:\/\/www.facebook.com\/thebucketshop\/\" \/>\n<meta property=\"article:modified_time\" content=\"2018-10-31T12:56:07+00:00\" \/>\n<meta property=\"og:image\" content=\"http:\/\/www.thebucketshop.ca\/wp-content\/uploads\/2018\/07\/truck-boxes.jpg\" \/>\n<meta name=\"twitter:card\" content=\"summary_large_image\" \/>\n<meta name=\"twitter:site\" content=\"@BucketShopInc\" \/>\n<meta name=\"twitter:label1\" content=\"Est. reading time\" \/>\n\t<meta name=\"twitter:data1\" content=\"5 minutes\" \/>\n<script type=\"application\/ld+json\" class=\"yoast-schema-graph\">{\"@context\":\"https:\\\/\\\/schema.org\",\"@graph\":[{\"@type\":\"WebPage\",\"@id\":\"https:\\\/\\\/www.thebucketshop.ca\\\/es\\\/beneficios-para-clientes\\\/\",\"url\":\"https:\\\/\\\/www.thebucketshop.ca\\\/es\\\/beneficios-para-clientes\\\/\",\"name\":\"Beneficios Para Clientes | The Bucket Shop Inc.\",\"isPartOf\":{\"@id\":\"https:\\\/\\\/www.thebucketshop.ca\\\/#website\"},\"primaryImageOfPage\":{\"@id\":\"https:\\\/\\\/www.thebucketshop.ca\\\/es\\\/beneficios-para-clientes\\\/#primaryimage\"},\"image\":{\"@id\":\"https:\\\/\\\/www.thebucketshop.ca\\\/es\\\/beneficios-para-clientes\\\/#primaryimage\"},\"thumbnailUrl\":\"http:\\\/\\\/www.thebucketshop.ca\\\/wp-content\\\/uploads\\\/2018\\\/07\\\/truck-boxes.jpg\",\"datePublished\":\"2018-10-12T12:34:14+00:00\",\"dateModified\":\"2018-10-31T12:56:07+00:00\",\"breadcrumb\":{\"@id\":\"https:\\\/\\\/www.thebucketshop.ca\\\/es\\\/beneficios-para-clientes\\\/#breadcrumb\"},\"inLanguage\":\"es-ES\",\"potentialAction\":[{\"@type\":\"ReadAction\",\"target\":[\"https:\\\/\\\/www.thebucketshop.ca\\\/es\\\/beneficios-para-clientes\\\/\"]}]},{\"@type\":\"ImageObject\",\"inLanguage\":\"es-ES\",\"@id\":\"https:\\\/\\\/www.thebucketshop.ca\\\/es\\\/beneficios-para-clientes\\\/#primaryimage\",\"url\":\"http:\\\/\\\/www.thebucketshop.ca\\\/wp-content\\\/uploads\\\/2018\\\/07\\\/truck-boxes.jpg\",\"contentUrl\":\"http:\\\/\\\/www.thebucketshop.ca\\\/wp-content\\\/uploads\\\/2018\\\/07\\\/truck-boxes.jpg\"},{\"@type\":\"BreadcrumbList\",\"@id\":\"https:\\\/\\\/www.thebucketshop.ca\\\/es\\\/beneficios-para-clientes\\\/#breadcrumb\",\"itemListElement\":[{\"@type\":\"ListItem\",\"position\":1,\"name\":\"Home\",\"item\":\"https:\\\/\\\/www.thebucketshop.ca\\\/es\\\/\"},{\"@type\":\"ListItem\",\"position\":2,\"name\":\"Beneficios Para Clientes\"}]},{\"@type\":\"WebSite\",\"@id\":\"https:\\\/\\\/www.thebucketshop.ca\\\/#website\",\"url\":\"https:\\\/\\\/www.thebucketshop.ca\\\/\",\"name\":\"The Bucket Shop Inc.\",\"description\":\"\",\"publisher\":{\"@id\":\"https:\\\/\\\/www.thebucketshop.ca\\\/#organization\"},\"potentialAction\":[{\"@type\":\"SearchAction\",\"target\":{\"@type\":\"EntryPoint\",\"urlTemplate\":\"https:\\\/\\\/www.thebucketshop.ca\\\/?s={search_term_string}\"},\"query-input\":{\"@type\":\"PropertyValueSpecification\",\"valueRequired\":true,\"valueName\":\"search_term_string\"}}],\"inLanguage\":\"es-ES\"},{\"@type\":\"Organization\",\"@id\":\"https:\\\/\\\/www.thebucketshop.ca\\\/#organization\",\"name\":\"The Bucket Shop Inc.\",\"url\":\"https:\\\/\\\/www.thebucketshop.ca\\\/\",\"logo\":{\"@type\":\"ImageObject\",\"inLanguage\":\"es-ES\",\"@id\":\"https:\\\/\\\/www.thebucketshop.ca\\\/#\\\/schema\\\/logo\\\/image\\\/\",\"url\":\"https:\\\/\\\/www.thebucketshop.ca\\\/wp-content\\\/uploads\\\/2018\\\/07\\\/logo-tbs.png\",\"contentUrl\":\"https:\\\/\\\/www.thebucketshop.ca\\\/wp-content\\\/uploads\\\/2018\\\/07\\\/logo-tbs.png\",\"width\":215,\"height\":99,\"caption\":\"The Bucket Shop Inc.\"},\"image\":{\"@id\":\"https:\\\/\\\/www.thebucketshop.ca\\\/#\\\/schema\\\/logo\\\/image\\\/\"},\"sameAs\":[\"https:\\\/\\\/www.facebook.com\\\/thebucketshop\\\/\",\"https:\\\/\\\/x.com\\\/BucketShopInc\",\"https:\\\/\\\/www.linkedin.com\\\/company\\\/the-bucket-shop-group\",\"https:\\\/\\\/www.youtube.com\\\/channel\\\/UCls0XRmolU1yncaAwx6Y-yA\"]}]}<\/script>\n<!-- \/ Yoast SEO Premium plugin. -->","yoast_head_json":{"title":"Beneficios Para Clientes | The Bucket Shop Inc.","robots":{"index":"index","follow":"follow","max-snippet":"max-snippet:-1","max-image-preview":"max-image-preview:large","max-video-preview":"max-video-preview:-1"},"canonical":"https:\/\/www.thebucketshop.ca\/es\/beneficios-para-clientes\/","og_locale":"es_ES","og_type":"article","og_title":"Beneficios Para Clientes","og_description":"CAJAS DE CAMI\u00d3N Proporcionamos servicio de ensamble total de cajas nuevas para cami\u00f3n.. \u00a0 \u00a0 \u00a0 \u00a0 \u00a0 \u00a0 \u00a0 \u00a0 \u00a0 \u00a0 \u00a0 \u00a0&hellip; Continue reading &raquo; Beneficios Para Clientes","og_url":"https:\/\/www.thebucketshop.ca\/es\/beneficios-para-clientes\/","og_site_name":"The Bucket Shop Inc.","article_publisher":"https:\/\/www.facebook.com\/thebucketshop\/","article_modified_time":"2018-10-31T12:56:07+00:00","og_image":[{"url":"http:\/\/www.thebucketshop.ca\/wp-content\/uploads\/2018\/07\/truck-boxes.jpg","type":"","width":"","height":""}],"twitter_card":"summary_large_image","twitter_site":"@BucketShopInc","twitter_misc":{"Est. reading time":"5 minutes"},"schema":{"@context":"https:\/\/schema.org","@graph":[{"@type":"WebPage","@id":"https:\/\/www.thebucketshop.ca\/es\/beneficios-para-clientes\/","url":"https:\/\/www.thebucketshop.ca\/es\/beneficios-para-clientes\/","name":"Beneficios Para Clientes | The Bucket Shop Inc.","isPartOf":{"@id":"https:\/\/www.thebucketshop.ca\/#website"},"primaryImageOfPage":{"@id":"https:\/\/www.thebucketshop.ca\/es\/beneficios-para-clientes\/#primaryimage"},"image":{"@id":"https:\/\/www.thebucketshop.ca\/es\/beneficios-para-clientes\/#primaryimage"},"thumbnailUrl":"http:\/\/www.thebucketshop.ca\/wp-content\/uploads\/2018\/07\/truck-boxes.jpg","datePublished":"2018-10-12T12:34:14+00:00","dateModified":"2018-10-31T12:56:07+00:00","breadcrumb":{"@id":"https:\/\/www.thebucketshop.ca\/es\/beneficios-para-clientes\/#breadcrumb"},"inLanguage":"es-ES","potentialAction":[{"@type":"ReadAction","target":["https:\/\/www.thebucketshop.ca\/es\/beneficios-para-clientes\/"]}]},{"@type":"ImageObject","inLanguage":"es-ES","@id":"https:\/\/www.thebucketshop.ca\/es\/beneficios-para-clientes\/#primaryimage","url":"http:\/\/www.thebucketshop.ca\/wp-content\/uploads\/2018\/07\/truck-boxes.jpg","contentUrl":"http:\/\/www.thebucketshop.ca\/wp-content\/uploads\/2018\/07\/truck-boxes.jpg"},{"@type":"BreadcrumbList","@id":"https:\/\/www.thebucketshop.ca\/es\/beneficios-para-clientes\/#breadcrumb","itemListElement":[{"@type":"ListItem","position":1,"name":"Home","item":"https:\/\/www.thebucketshop.ca\/es\/"},{"@type":"ListItem","position":2,"name":"Beneficios Para Clientes"}]},{"@type":"WebSite","@id":"https:\/\/www.thebucketshop.ca\/#website","url":"https:\/\/www.thebucketshop.ca\/","name":"The Bucket Shop Inc.","description":"","publisher":{"@id":"https:\/\/www.thebucketshop.ca\/#organization"},"potentialAction":[{"@type":"SearchAction","target":{"@type":"EntryPoint","urlTemplate":"https:\/\/www.thebucketshop.ca\/?s={search_term_string}"},"query-input":{"@type":"PropertyValueSpecification","valueRequired":true,"valueName":"search_term_string"}}],"inLanguage":"es-ES"},{"@type":"Organization","@id":"https:\/\/www.thebucketshop.ca\/#organization","name":"The Bucket Shop Inc.","url":"https:\/\/www.thebucketshop.ca\/","logo":{"@type":"ImageObject","inLanguage":"es-ES","@id":"https:\/\/www.thebucketshop.ca\/#\/schema\/logo\/image\/","url":"https:\/\/www.thebucketshop.ca\/wp-content\/uploads\/2018\/07\/logo-tbs.png","contentUrl":"https:\/\/www.thebucketshop.ca\/wp-content\/uploads\/2018\/07\/logo-tbs.png","width":215,"height":99,"caption":"The Bucket Shop Inc."},"image":{"@id":"https:\/\/www.thebucketshop.ca\/#\/schema\/logo\/image\/"},"sameAs":["https:\/\/www.facebook.com\/thebucketshop\/","https:\/\/x.com\/BucketShopInc","https:\/\/www.linkedin.com\/company\/the-bucket-shop-group","https:\/\/www.youtube.com\/channel\/UCls0XRmolU1yncaAwx6Y-yA"]}]}},"_links":{"self":[{"href":"https:\/\/www.thebucketshop.ca\/es\/wp-json\/wp\/v2\/pages\/2793","targetHints":{"allow":["GET"]}}],"collection":[{"href":"https:\/\/www.thebucketshop.ca\/es\/wp-json\/wp\/v2\/pages"}],"about":[{"href":"https:\/\/www.thebucketshop.ca\/es\/wp-json\/wp\/v2\/types\/page"}],"author":[{"embeddable":true,"href":"https:\/\/www.thebucketshop.ca\/es\/wp-json\/wp\/v2\/users\/1"}],"replies":[{"embeddable":true,"href":"https:\/\/www.thebucketshop.ca\/es\/wp-json\/wp\/v2\/comments?post=2793"}],"version-history":[{"count":16,"href":"https:\/\/www.thebucketshop.ca\/es\/wp-json\/wp\/v2\/pages\/2793\/revisions"}],"predecessor-version":[{"id":3170,"href":"https:\/\/www.thebucketshop.ca\/es\/wp-json\/wp\/v2\/pages\/2793\/revisions\/3170"}],"wp:attachment":[{"href":"https:\/\/www.thebucketshop.ca\/es\/wp-json\/wp\/v2\/media?parent=2793"}],"curies":[{"name":"wp","href":"https:\/\/api.w.org\/{rel}","templated":true}]}}